{"id":66,"date":"2015-12-30T18:08:45","date_gmt":"2015-12-30T16:08:45","guid":{"rendered":"http:\/\/localhost\/istac\/?page_id=66"},"modified":"2016-02-10T14:48:27","modified_gmt":"2016-02-10T12:48:27","slug":"divan-ve-sekreteryanin-yapisi","status":"publish","type":"page","link":"https:\/\/istac.org.tr\/tr\/hakkimizda\/divan-ve-sekreteryanin-yapisi\/","title":{"rendered":"Divan ve Sekretaryan\u0131n Yap\u0131s\u0131 ve \u00c7al\u0131\u015fma Usulleri Hakk\u0131nda Kurallar"},"content":{"rendered":"<p><a href=\"http:\/\/istac.org.tr\/wp-content\/uploads\/2016\/01\/\u0130STANBUL-TAHK\u0130M-MERKEZ\u0130-TAHK\u0130M-D\u0130VANI-ve-SEKRETARYANIN-YAPISI-VE-\u00c7ALI\u015eMA-USULLER\u0130-HAKKINDA-KURALLAR.pdf\" class=\"download\" target=\"_blank\">\u0130ndirmek i\u00e7in t\u0131klay\u0131n\u0131z.<\/a><\/p>\n","protected":false},"excerpt":{"rendered":"<p>\u0130ndirmek i\u00e7in t\u0131klay\u0131n\u0131z.<\/p>\n","protected":false},"author":1,"featured_media":0,"parent":5,"menu_order":5,"comment_status":"closed","ping_status":"closed","template":"","meta":[],"acf":[],"post_mailing_queue_ids":[],"_links":{"self":[{"href":"https:\/\/istac.org.tr\/tr\/wp-json\/wp\/v2\/pages\/66\/"}],"collection":[{"href":"https:\/\/istac.org.tr\/tr\/wp-json\/wp\/v2\/pages\/"}],"about":[{"href":"https:\/\/istac.org.tr\/tr\/wp-json\/wp\/v2\/types\/page\/"}],"author":[{"embeddable":true,"href":"https:\/\/istac.org.tr\/tr\/wp-json\/wp\/v2\/users\/1\/"}],"replies":[{"embeddable":true,"href":"https:\/\/istac.org.tr\/tr\/wp-json\/wp\/v2\/comments\/?post=66"}],"version-history":[{"count":7,"href":"https:\/\/istac.org.tr\/tr\/wp-json\/wp\/v2\/pages\/66\/revisions\/"}],"predecessor-version":[{"id":1177,"href":"https:\/\/istac.org.tr\/tr\/wp-json\/wp\/v2\/pages\/66\/revisions\/1177\/"}],"up":[{"embeddable":true,"href":"https:\/\/istac.org.tr\/tr\/wp-json\/wp\/v2\/pages\/5\/"}],"wp:attachment":[{"href":"https:\/\/istac.org.tr\/tr\/wp-json\/wp\/v2\/media\/?parent=66"}],"curies":[{"name":"wp","href":"https:\/\/api.w.org\/{rel}","templated":true}]}}