{"id":64,"date":"2015-12-30T18:08:31","date_gmt":"2015-12-30T16:08:31","guid":{"rendered":"http:\/\/localhost\/istac\/?page_id=64"},"modified":"2021-03-04T06:28:38","modified_gmt":"2021-03-04T03:28:38","slug":"durusma-salonu-organizasyonu","status":"publish","type":"page","link":"https:\/\/istac.org.tr\/tr\/hakkimizda\/durusma-salonu-organizasyonu\/","title":{"rendered":"Duru\u015fma Salonu Organizasyonu"},"content":{"rendered":"<p>\u0130stanbul ticaret hayat\u0131n\u0131n merkezi Levent\u2019te bulunan \u0130stanbul Tahkim Merkezi&#8217;nin konferans, toplant\u0131 ve duru\u015fma salonlar\u0131 kullan\u0131m\u0131n\u0131za a\u00e7\u0131k olup; t\u00fcm salonlar\u0131n, program\u0131n\u0131za uygun olarak tam g\u00fcn, yar\u0131m g\u00fcn veya saat ba\u015f\u0131 tahsisi m\u00fcmk\u00fcnd\u00fcr.<\/p>\n<p>T\u00fcm salonlar\u0131m\u0131zda, ses ve g\u00f6r\u00fcnt\u00fc ekipman\u0131 ve fiber internet bulunmakta olup; ayr\u0131ca fotokopi, faks, scanner hizmeti de sunulmaktad\u0131r. \u0130kram hizmetleri talebiniz do\u011frultusunda kar\u015f\u0131lanacakt\u0131r.<\/p>\n<p>Ayr\u0131nt\u0131l\u0131 bilgi ve salonlar\u0131n kiralama \u00fccreti i\u00e7in a\u015fa\u011f\u0131daki telefon numaras\u0131 ve e-posta adresinden bilgi alabilirsiniz:<\/p>\n<p>Telefon: 0850 622 5030 \/ +90 850 622 5030<\/p>\n<p>E-posta: <a href=\"mailto:info@istac.org.tr\">info@istac.org.tr<\/a><\/p>\n<p>&nbsp;<\/p>\n<p><img class=\"alignnone size-medium wp-image-3464\" src=\"https:\/\/istac.org.tr\/wp-content\/uploads\/2016\/02\/Hearing-Room-3-1.jpg\" alt=\"Hearing-Room-3\" \/> <\/p>\n<p><img class=\"alignnone size-medium wp-image-3462\" src=\"https:\/\/istac.org.tr\/wp-content\/uploads\/2016\/02\/Hearing-Room-2-1.jpg\" alt=\"Hearing-Room-2\" \/> <\/p>\n<p><img class=\"alignnone size-medium wp-image-3460\" src=\"https:\/\/istac.org.tr\/wp-content\/uploads\/2016\/02\/Hearing-Room-1-1.jpg\" alt=\"Hearing-Room-1\" \/> <\/p>\n<p><img class=\"alignnone size-medium wp-image-3458\" src=\"https:\/\/istac.org.tr\/wp-content\/uploads\/2016\/02\/Break-Out-Room-1.jpg\" alt=\"Break-Out-Room\" \/><\/p>\n","protected":false},"excerpt":{"rendered":"<p>\u0130stanbul ticaret hayat\u0131n\u0131n merkezi Levent\u2019te bulunan \u0130stanbul Tahkim Merkezi&#8217;nin konferans, toplant\u0131 ve duru\u015fma salonlar\u0131 kullan\u0131m\u0131n\u0131za a\u00e7\u0131k olup; t\u00fcm salonlar\u0131n, program\u0131n\u0131za uygun olarak tam g\u00fcn, yar\u0131m g\u00fcn veya saat ba\u015f\u0131 tahsisi m\u00fcmk\u00fcnd\u00fcr. T\u00fcm salonlar\u0131m\u0131zda, ses ve g\u00f6r\u00fcnt\u00fc ekipman\u0131 ve fiber internet bulunmakta olup; ayr\u0131ca fotokopi, faks, scanner hizmeti de sunulmaktad\u0131r. \u0130kram hizmetleri talebiniz do\u011frultusunda kar\u015f\u0131lanacakt\u0131r. Ayr\u0131nt\u0131l\u0131<a href=\"https:\/\/istac.org.tr\/tr\/hakkimizda\/durusma-salonu-organizasyonu\/\">[&#8230;]<\/a><\/p>\n","protected":false},"author":1,"featured_media":0,"parent":5,"menu_order":6,"comment_status":"closed","ping_status":"closed","template":"","meta":[],"acf":[],"post_mailing_queue_ids":[],"_links":{"self":[{"href":"https:\/\/istac.org.tr\/tr\/wp-json\/wp\/v2\/pages\/64\/"}],"collection":[{"href":"https:\/\/istac.org.tr\/tr\/wp-json\/wp\/v2\/pages\/"}],"about":[{"href":"https:\/\/istac.org.tr\/tr\/wp-json\/wp\/v2\/types\/page\/"}],"author":[{"embeddable":true,"href":"https:\/\/istac.org.tr\/tr\/wp-json\/wp\/v2\/users\/1\/"}],"replies":[{"embeddable":true,"href":"https:\/\/istac.org.tr\/tr\/wp-json\/wp\/v2\/comments\/?post=64"}],"version-history":[{"count":8,"href":"https:\/\/istac.org.tr\/tr\/wp-json\/wp\/v2\/pages\/64\/revisions\/"}],"predecessor-version":[{"id":20928,"href":"https:\/\/istac.org.tr\/tr\/wp-json\/wp\/v2\/pages\/64\/revisions\/20928\/"}],"up":[{"embeddable":true,"href":"https:\/\/istac.org.tr\/tr\/wp-json\/wp\/v2\/pages\/5\/"}],"wp:attachment":[{"href":"https:\/\/istac.org.tr\/tr\/wp-json\/wp\/v2\/media\/?parent=64"}],"curies":[{"name":"wp","href":"https:\/\/api.w.org\/{rel}","templated":true}]}}