{"id":62,"date":"2015-12-30T18:07:21","date_gmt":"2015-12-30T16:07:21","guid":{"rendered":"http:\/\/localhost\/istac\/?page_id=62"},"modified":"2025-11-12T13:20:14","modified_gmt":"2025-11-12T10:20:14","slug":"sekreterya-ve-idari-personel","status":"publish","type":"page","link":"https:\/\/istac.org.tr\/tr\/hakkimizda\/sekreterya-ve-idari-personel\/","title":{"rendered":"Sekreterya ve \u0130dari Personel"},"content":{"rendered":"<p><b>SEKRETARYA<\/b><\/p>\n<p>&nbsp;<\/p>\n<ul>\n<li><b>Av. Yasin Ekmen<br \/>\n<\/b><\/li>\n<\/ul>\n<p>Genel Sekreter<\/p>\n<p><a href=\"mailto:yasin.ekmen@istac.org.tr\">yasin.ekmen@istac.org.tr<\/a><\/p>\n<p>Ofis: 0850 622 50 30<\/p>\n<p>&nbsp;<\/p>\n<ul>\n<li><b>Av. Nazl\u0131 Pi\u015fkin<br \/>\n<\/b><\/li>\n<\/ul>\n<p>Ba\u015f Hukuk M\u00fc\u015faviri<\/p>\n<p><a href=\"mailto:nazli.piskin@istac.org.tr\">nazli.piskin@istac.org.tr<\/a><\/p>\n<p>&nbsp;<\/p>\n<ul>\n<li><strong>Av. Gamze B\u00fcy\u00fckkorkmaz Enginar<\/strong><\/li>\n<\/ul>\n<p>Hukuk M\u00fc\u015faviri<\/p>\n<p><a href=\"mailto:gamze.buyukkorkmaz@istac.org.tr\">gamze.buyukkorkmaz@istac.org.tr<\/a><\/p>\n<p>&nbsp;<\/p>\n<ul>\n<li><strong>Av. Dicle \u00d6zer<\/strong><\/li>\n<\/ul>\n<p>Hukuk M\u00fc\u015faviri<\/p>\n<p><a href=\"mailto:dicle.ozer@istac.org.tr\">dicle.ozer@istac.org.tr<\/a><\/p>\n<p>&nbsp;<\/p>\n<p><b>\u0130DAR\u0130 PERSONEL<\/b><\/p>\n<p>&nbsp;<\/p>\n<ul>\n<li><b>Emre Zahireci<\/b><\/li>\n<\/ul>\n<p>Mali \u0130\u015fler Sorumlusu<\/p>\n<p><a href=\"mailto:emre.zahireci@istac.org.tr\">emre.zahireci@istac.org.tr<\/a><\/p>\n<p>&nbsp;<\/p>\n<ul>\n<li><b>Abdullah Ta\u015fk\u0131n<\/b><\/li>\n<\/ul>\n<p>\u0130dari \u0130\u015fler Sorumlusu<\/p>\n<p><a href=\"mailto:abdullah.taskin@istac.org.tr\">abdullah.taskin@istac.org.tr<\/a><\/p>\n<p style=\"padding-left: 40px;\">\n","protected":false},"excerpt":{"rendered":"<p>SEKRETARYA &nbsp; Av. Yasin Ekmen Genel Sekreter yasin.ekmen@istac.org.tr Ofis: 0850 622 50 30 &nbsp; Av. Nazl\u0131 Pi\u015fkin Ba\u015f Hukuk M\u00fc\u015faviri nazli.piskin@istac.org.tr &nbsp; Av. Gamze B\u00fcy\u00fckkorkmaz Enginar Hukuk M\u00fc\u015faviri gamze.buyukkorkmaz@istac.org.tr &nbsp; Av. Dicle \u00d6zer Hukuk M\u00fc\u015faviri dicle.ozer@istac.org.tr &nbsp; \u0130DAR\u0130 PERSONEL &nbsp; Emre Zahireci Mali \u0130\u015fler Sorumlusu emre.zahireci@istac.org.tr &nbsp; Abdullah Ta\u015fk\u0131n \u0130dari \u0130\u015fler Sorumlusu abdullah.taskin@istac.org.tr<\/p>\n","protected":false},"author":1,"featured_media":0,"parent":5,"menu_order":4,"comment_status":"closed","ping_status":"closed","template":"","meta":[],"acf":[],"post_mailing_queue_ids":[],"_links":{"self":[{"href":"https:\/\/istac.org.tr\/tr\/wp-json\/wp\/v2\/pages\/62\/"}],"collection":[{"href":"https:\/\/istac.org.tr\/tr\/wp-json\/wp\/v2\/pages\/"}],"about":[{"href":"https:\/\/istac.org.tr\/tr\/wp-json\/wp\/v2\/types\/page\/"}],"author":[{"embeddable":true,"href":"https:\/\/istac.org.tr\/tr\/wp-json\/wp\/v2\/users\/1\/"}],"replies":[{"embeddable":true,"href":"https:\/\/istac.org.tr\/tr\/wp-json\/wp\/v2\/comments\/?post=62"}],"version-history":[{"count":29,"href":"https:\/\/istac.org.tr\/tr\/wp-json\/wp\/v2\/pages\/62\/revisions\/"}],"predecessor-version":[{"id":23968,"href":"https:\/\/istac.org.tr\/tr\/wp-json\/wp\/v2\/pages\/62\/revisions\/23968\/"}],"up":[{"embeddable":true,"href":"https:\/\/istac.org.tr\/tr\/wp-json\/wp\/v2\/pages\/5\/"}],"wp:attachment":[{"href":"https:\/\/istac.org.tr\/tr\/wp-json\/wp\/v2\/media\/?parent=62"}],"curies":[{"name":"wp","href":"https:\/\/api.w.org\/{rel}","templated":true}]}}