{"id":52,"date":"2015-12-30T18:01:45","date_gmt":"2015-12-30T16:01:45","guid":{"rendered":"http:\/\/localhost\/istac\/?page_id=52"},"modified":"2016-01-06T11:04:32","modified_gmt":"2016-01-06T09:04:32","slug":"amac","status":"publish","type":"page","link":"https:\/\/istac.org.tr\/tr\/genc-istac\/amac\/","title":{"rendered":"Ama\u00e7"},"content":{"rendered":"<p>2015 y\u0131l\u0131nda kurulan Gen\u00e7 ISTAC, T\u00fcrkiye\u2019de ve yurtd\u0131\u015f\u0131nda tahkim ve arabuluculuk alanlar\u0131nda \u00e7al\u0131\u015fan veya \u00e7al\u0131\u015fmak isteyen, 40 ya\u015f alt\u0131 gen\u00e7ler aras\u0131nda ulusal ve uluslararas\u0131 alanda bir i\u015fbirli\u011fi ve ileti\u015fim platformudur.<\/p>\n<p>Gen\u00e7 ISTAC\u2019\u0131n ama\u00e7lar\u0131:<\/p>\n<ul>\n<li>Tahkim ve arabuluculu\u011fun etkin \u015fekilde kavranmas\u0131, tan\u0131t\u0131lmas\u0131 ve yayg\u0131nla\u015ft\u0131r\u0131lmas\u0131<\/li>\n<li>Gen\u00e7 uygulay\u0131c\u0131lar aras\u0131nda g\u00fc\u00e7l\u00fc bir ileti\u015fim a\u011f\u0131 olu\u015fturulmas\u0131, d\u00fczenlenecek ayl\u0131k toplant\u0131lar ile \u00fcyeler aras\u0131ndaki ileti\u015fimin kuvvetlendirilmesi<\/li>\n<li>Alan\u0131nda deneyimli avukat ve hakemler ile di\u011fer uluslararas\u0131 organizasyonlar\u0131n kat\u0131l\u0131m\u0131yla milli ve milletleraras\u0131 e\u011fitim programlar\u0131, konferanslar, sosyal etkinlikler d\u00fczenlenmesi<\/li>\n<li>Kariyerlerinin ba\u015flang\u0131c\u0131ndan itibaren \u00fcyelerini tahkim d\u00fcnyas\u0131na haz\u0131rlamas\u0131 ve kariyer f\u0131rsatlar\u0131 yaratmas\u0131<\/li>\n<li>\u0130stanbul Tahkim Merkezi uyu\u015fmazl\u0131k \u00e7\u00f6z\u00fcm y\u00f6ntemleri hakk\u0131nda fark\u0131ndal\u0131k yarat\u0131lmas\u0131<\/li>\n<li>Her y\u0131l T\u00fcrk\u00e7e ve \u0130ngilizce olmak \u00fczere iki farkl\u0131 farazi tahkim yar\u0131\u015fmas\u0131 d\u00fczenlenerek tahkim uygulamas\u0131n\u0131n te\u015fvik edilmesidir.<\/li>\n<\/ul>\n<p>Gen\u00e7 ISTAC, \u00fcyelik aidat\u0131 aranmaks\u0131z\u0131n tahkim veya arabuluculuk alanlar\u0131nda faaliyette bulunmak isteyen T\u00fcrk ve yabanc\u0131 40 ya\u015f alt\u0131 t\u00fcm gen\u00e7lerin kat\u0131l\u0131m\u0131na a\u00e7\u0131kt\u0131r.<\/p>\n","protected":false},"excerpt":{"rendered":"<p>2015 y\u0131l\u0131nda kurulan Gen\u00e7 ISTAC, T\u00fcrkiye\u2019de ve yurtd\u0131\u015f\u0131nda tahkim ve arabuluculuk alanlar\u0131nda \u00e7al\u0131\u015fan veya \u00e7al\u0131\u015fmak isteyen, 40 ya\u015f alt\u0131 gen\u00e7ler aras\u0131nda ulusal ve uluslararas\u0131 alanda bir i\u015fbirli\u011fi ve ileti\u015fim platformudur. Gen\u00e7 ISTAC\u2019\u0131n ama\u00e7lar\u0131: Tahkim ve arabuluculu\u011fun etkin \u015fekilde kavranmas\u0131, tan\u0131t\u0131lmas\u0131 ve yayg\u0131nla\u015ft\u0131r\u0131lmas\u0131 Gen\u00e7 uygulay\u0131c\u0131lar aras\u0131nda g\u00fc\u00e7l\u00fc bir ileti\u015fim a\u011f\u0131 olu\u015fturulmas\u0131, d\u00fczenlenecek ayl\u0131k toplant\u0131lar ile \u00fcyeler<a href=\"https:\/\/istac.org.tr\/tr\/genc-istac\/amac\/\">[&#8230;]<\/a><\/p>\n","protected":false},"author":1,"featured_media":0,"parent":13,"menu_order":0,"comment_status":"closed","ping_status":"closed","template":"","meta":[],"acf":[],"post_mailing_queue_ids":[],"_links":{"self":[{"href":"https:\/\/istac.org.tr\/tr\/wp-json\/wp\/v2\/pages\/52\/"}],"collection":[{"href":"https:\/\/istac.org.tr\/tr\/wp-json\/wp\/v2\/pages\/"}],"about":[{"href":"https:\/\/istac.org.tr\/tr\/wp-json\/wp\/v2\/types\/page\/"}],"author":[{"embeddable":true,"href":"https:\/\/istac.org.tr\/tr\/wp-json\/wp\/v2\/users\/1\/"}],"replies":[{"embeddable":true,"href":"https:\/\/istac.org.tr\/tr\/wp-json\/wp\/v2\/comments\/?post=52"}],"version-history":[{"count":4,"href":"https:\/\/istac.org.tr\/tr\/wp-json\/wp\/v2\/pages\/52\/revisions\/"}],"predecessor-version":[{"id":22440,"href":"https:\/\/istac.org.tr\/tr\/wp-json\/wp\/v2\/pages\/52\/revisions\/22440\/"}],"up":[{"embeddable":true,"href":"https:\/\/istac.org.tr\/tr\/wp-json\/wp\/v2\/pages\/13\/"}],"wp:attachment":[{"href":"https:\/\/istac.org.tr\/tr\/wp-json\/wp\/v2\/media\/?parent=52"}],"curies":[{"name":"wp","href":"https:\/\/api.w.org\/{rel}","templated":true}]}}