{"id":5,"date":"2015-12-30T17:40:31","date_gmt":"2015-12-30T15:40:31","guid":{"rendered":"http:\/\/localhost\/istac\/?page_id=5"},"modified":"2016-01-04T16:43:30","modified_gmt":"2016-01-04T14:43:30","slug":"hakkimizda","status":"publish","type":"page","link":"https:\/\/istac.org.tr\/tr\/hakkimizda\/","title":{"rendered":"Hakk\u0131m\u0131zda"},"content":{"rendered":"<div class=\"page\" title=\"Page 1\">\n<div class=\"layoutArea\">\n<div class=\"column\">\n<p>\u0130stanbul Tahkim Merkezi (ISTAC), gerek T\u00fcrkiye\u2019deki gerekse yurtd\u0131\u015f\u0131ndaki ticari akt\u00f6rler aras\u0131ndaki uyu\u015fmazl\u0131klar\u0131n \u00e7\u00f6z\u00fcmlenmesi i\u00e7in tahkim ve arabuluculuk hizmeti sunan, ba\u011f\u0131ms\u0131z, tarafs\u0131z ve \u00f6zerk bir kurumdur. \u0130stanbul Tahkim Merkezi, herhangi bir \u00fcyelik \u015fart\u0131 aramaks\u0131z\u0131n uyu\u015fmazl\u0131k \u00e7\u00f6z\u00fcm\u00fc konusunda t\u00fcm taraflara hizmet vermektedir.<\/p>\n<p>Modern tahkim ve arabuculuk kurallar\u0131 g\u00f6zetilerek haz\u0131rlanan \u0130stanbul Tahkim Merkezi Tahkim ve Arabuluculuk Kurallar\u0131, 26 Ekim 2015 tarihinde y\u00fcr\u00fcrl\u00fc\u011fe girmi\u015ftir. \u00c7a\u011fda\u015f ve yenilik\u00e7i d\u00fczenlemeler bar\u0131nd\u0131ran Kurallar, tahkim ve arabuluculuk s\u00fcre\u00e7lerinin g\u00fcncel ihtiya\u00e7lar\u0131na cevap verecek niteliktedir. Tahkim Kurallar\u0131, Seri Tahkim, Acil Durum Hakemi ve ad hoc tahkimlerde hakem atanmas\u0131na ili\u015fkin modern d\u00fczenlemeler bar\u0131nd\u0131rmaktad\u0131r. \u0130stanbul Tahkim Merkezi hakem kararlar\u0131 nihai ve ba\u011flay\u0131c\u0131 olup, d\u00fcnyan\u0131n her yerinde icra edilme g\u00fcc\u00fcne sahiptir.<\/p>\n<p>\u0130stanbul Tahkim Merkezi, Milli ve Milletleraras\u0131 Tahkim Divanlar\u0131 ile Sekretarya\u2019dan olu\u015fmaktad\u0131r. Tahkim Divanlar\u0131, tahkim yarg\u0131lamas\u0131n\u0131n en etkin \u015fekilde s\u00fcrd\u00fcr\u00fclebilmesini temin etmektedir. Milletleraras\u0131 Tahkim Divan\u0131, \u00e7o\u011funlu\u011fu yabanc\u0131, d\u00fcnya \u00e7ap\u0131nda \u00fcne sahip prestijli hukuk\u00e7ulardan olu\u015fmaktad\u0131r. \u0130stanbul Tahkim Merkezi Sekretaryas\u0131 ise Kurallar\u2019da belirtilen g\u00f6revleri yerine getirmenin yan\u0131 s\u0131ra, taraflar, taraf vekilleri, hakemler ve yarg\u0131lamaya kat\u0131lan di\u011fer ki\u015filerin yarg\u0131lama ile ilgili her t\u00fcrl\u00fc sorusuna cevap vermeye haz\u0131rd\u0131r.<\/p>\n<p>Uyu\u015fmazl\u0131klar\u0131n uzman ki\u015filerce en etkin \u015fekilde, tarafs\u0131z, esnek ve gizlilik i\u00e7erisinde \u00e7\u00f6z\u00fcmlenmesi amac\u0131yla milletleraras\u0131 standartlarda hizmet sunan \u0130stanbul Tahkim Merkezi Kurallar\u0131 uyar\u0131nca davalar\u0131n, devlet mahkemelerine k\u0131yasla \u00e7ok daha k\u0131sa s\u00fcrede ve \u00e7ok daha az masrafla sonu\u00e7land\u0131r\u0131lmas\u0131 m\u00fcmk\u00fcnd\u00fcr.<\/p>\n<p>\u0130stanbul Tahkim Merkezi, T\u00fcrkiye\u2019nin k\u00f6pr\u00fc konumunda oldu\u011fu Avrupa, Asya, Orta Do\u011fu ve Afrika aras\u0131ndaki b\u00fcy\u00fcyen ticaret a\u00e7\u0131s\u0131ndan milletleraras\u0131 standartlarda alternatifi olmayan bir yarg\u0131lama hizmeti sunmaktad\u0131r.<\/p>\n<\/div>\n<\/div>\n<\/div>\n","protected":false},"excerpt":{"rendered":"<p>\u0130stanbul Tahkim Merkezi (ISTAC), gerek T\u00fcrkiye\u2019deki gerekse yurtd\u0131\u015f\u0131ndaki ticari akt\u00f6rler aras\u0131ndaki uyu\u015fmazl\u0131klar\u0131n \u00e7\u00f6z\u00fcmlenmesi i\u00e7in tahkim ve arabuluculuk hizmeti sunan, ba\u011f\u0131ms\u0131z, tarafs\u0131z ve \u00f6zerk bir kurumdur. \u0130stanbul Tahkim Merkezi, herhangi bir \u00fcyelik \u015fart\u0131 aramaks\u0131z\u0131n uyu\u015fmazl\u0131k \u00e7\u00f6z\u00fcm\u00fc konusunda t\u00fcm taraflara hizmet vermektedir. Modern tahkim ve arabuculuk kurallar\u0131 g\u00f6zetilerek haz\u0131rlanan \u0130stanbul Tahkim Merkezi Tahkim ve Arabuluculuk Kurallar\u0131, 26<a href=\"https:\/\/istac.org.tr\/tr\/hakkimizda\/\">[&#8230;]<\/a><\/p>\n","protected":false},"author":1,"featured_media":0,"parent":0,"menu_order":0,"comment_status":"closed","ping_status":"closed","template":"","meta":[],"acf":[],"post_mailing_queue_ids":[],"_links":{"self":[{"href":"https:\/\/istac.org.tr\/tr\/wp-json\/wp\/v2\/pages\/5\/"}],"collection":[{"href":"https:\/\/istac.org.tr\/tr\/wp-json\/wp\/v2\/pages\/"}],"about":[{"href":"https:\/\/istac.org.tr\/tr\/wp-json\/wp\/v2\/types\/page\/"}],"author":[{"embeddable":true,"href":"https:\/\/istac.org.tr\/tr\/wp-json\/wp\/v2\/users\/1\/"}],"replies":[{"embeddable":true,"href":"https:\/\/istac.org.tr\/tr\/wp-json\/wp\/v2\/comments\/?post=5"}],"version-history":[{"count":2,"href":"https:\/\/istac.org.tr\/tr\/wp-json\/wp\/v2\/pages\/5\/revisions\/"}],"predecessor-version":[{"id":167,"href":"https:\/\/istac.org.tr\/tr\/wp-json\/wp\/v2\/pages\/5\/revisions\/167\/"}],"wp:attachment":[{"href":"https:\/\/istac.org.tr\/tr\/wp-json\/wp\/v2\/media\/?parent=5"}],"curies":[{"name":"wp","href":"https:\/\/api.w.org\/{rel}","templated":true}]}}