{"id":42,"date":"2015-12-30T17:57:59","date_gmt":"2015-12-30T15:57:59","guid":{"rendered":"http:\/\/localhost\/istac\/?page_id=42"},"modified":"2025-08-27T15:40:55","modified_gmt":"2025-08-27T12:40:55","slug":"kilavuz","status":"publish","type":"page","link":"https:\/\/istac.org.tr\/tr\/uyusmazlik-cozumu\/acil-durum-hakemi\/kilavuz\/","title":{"rendered":"K\u0131lavuz"},"content":{"rendered":"<h3 style=\"text-align: justify;\">NASIL BA\u015eVURULUR ?<\/h3>\n<p style=\"text-align: justify;\">Acil Durum Hakemi tayini i\u00e7in ba\u015fvuruda bulunan taraf:<\/p>\n<p style=\"text-align: justify;\"><strong>1)<\/strong> Ba\u015fvuru\u00a0dilek\u00e7esini\u00a0Sekretaryaya sunar (<em>info@istac.org.tr)<\/em> adresine elektronik yolla dilek\u00e7enin sunulmas\u0131 da m\u00fcmk\u00fcnd\u00fcr).<br \/>\n<strong>2)<\/strong> Acil Durum Hakemine ili\u015fkin masraflar\u0131\u00a0a\u015fa\u011f\u0131daki banka hesap numaras\u0131na yat\u0131r\u0131r ve masraflar\u0131n\u00a0\u00f6dendi\u011fine dair belgeyi Sekretaryaya sunar:<\/p>\n<p style=\"text-align: justify;\"><strong>Vak\u0131fbank Levent B\u00fcy\u00fckdere \u015eubesi<\/strong><br \/>\nIBAN: TR05 0001 5001 5800 7304 6368 44<br \/>\nSwift Kodu: TVBATR2AXXX<\/p>\n<h3><\/h3>\n","protected":false},"excerpt":{"rendered":"<p>NASIL BA\u015eVURULUR ? Acil Durum Hakemi tayini i\u00e7in ba\u015fvuruda bulunan taraf: 1) Ba\u015fvuru\u00a0dilek\u00e7esini\u00a0Sekretaryaya sunar (info@istac.org.tr) adresine elektronik yolla dilek\u00e7enin sunulmas\u0131 da m\u00fcmk\u00fcnd\u00fcr). 2) Acil Durum Hakemine ili\u015fkin masraflar\u0131\u00a0a\u015fa\u011f\u0131daki banka hesap numaras\u0131na yat\u0131r\u0131r ve masraflar\u0131n\u00a0\u00f6dendi\u011fine dair belgeyi Sekretaryaya sunar: Vak\u0131fbank Levent B\u00fcy\u00fckdere \u015eubesi IBAN: TR05 0001 5001 5800 7304 6368 44 Swift Kodu: TVBATR2AXXX<\/p>\n","protected":false},"author":1,"featured_media":0,"parent":40,"menu_order":0,"comment_status":"closed","ping_status":"closed","template":"","meta":[],"acf":[],"post_mailing_queue_ids":[],"_links":{"self":[{"href":"https:\/\/istac.org.tr\/tr\/wp-json\/wp\/v2\/pages\/42\/"}],"collection":[{"href":"https:\/\/istac.org.tr\/tr\/wp-json\/wp\/v2\/pages\/"}],"about":[{"href":"https:\/\/istac.org.tr\/tr\/wp-json\/wp\/v2\/types\/page\/"}],"author":[{"embeddable":true,"href":"https:\/\/istac.org.tr\/tr\/wp-json\/wp\/v2\/users\/1\/"}],"replies":[{"embeddable":true,"href":"https:\/\/istac.org.tr\/tr\/wp-json\/wp\/v2\/comments\/?post=42"}],"version-history":[{"count":7,"href":"https:\/\/istac.org.tr\/tr\/wp-json\/wp\/v2\/pages\/42\/revisions\/"}],"predecessor-version":[{"id":23756,"href":"https:\/\/istac.org.tr\/tr\/wp-json\/wp\/v2\/pages\/42\/revisions\/23756\/"}],"up":[{"embeddable":true,"href":"https:\/\/istac.org.tr\/tr\/wp-json\/wp\/v2\/pages\/40\/"}],"wp:attachment":[{"href":"https:\/\/istac.org.tr\/tr\/wp-json\/wp\/v2\/media\/?parent=42"}],"curies":[{"name":"wp","href":"https:\/\/api.w.org\/{rel}","templated":true}]}}