{"id":3828,"date":"2016-10-27T19:26:30","date_gmt":"2016-10-27T16:26:30","guid":{"rendered":"https:\/\/istac.org.tr\/?page_id=3828"},"modified":"2026-05-01T15:30:35","modified_gmt":"2026-05-01T12:30:35","slug":"gelecegin-tahkim-avukati-yarismasi","status":"publish","type":"page","link":"https:\/\/istac.org.tr\/tr\/genc-istac\/gelecegin-tahkim-avukati-yarismasi\/","title":{"rendered":"Gelece\u011fin Tahkim Avukat\u0131 Yar\u0131\u015fmas\u0131"},"content":{"rendered":"<p style=\"padding-left: 120px;\">\r\n<style type=\"text\/css\">\r\n.button_wrapper_id_22251{\r\n\tmargin-top: 10px!important;\r\n\tmargin-right: 10px!important;\r\n\tmargin-bottom: 10px!important;\r\n\tmargin-left: 10px!important;\r\n\tdisplay: inline-block;}\r\n.button_container_id_22251{\r\n\twidth: 140px!important;\t\r\n\ttext-align: center!important;\r\n\tmargin: 0 auto!important;\t\r\n}\r\n\r\n.wd_button_22251{\r\n\tline-height: 1.42857143;\r\n\ttext-decoration: none!important;\r\n\tdisplay: inline-block;\r\n\tborder-bottom: none;\t\r\n\twidth: 140px!important;\r\n\theight: 45px;\r\n\tpadding-top: 10px!important;\r\n\tpadding-right: 10px!important;\r\n\tpadding-bottom: 10px!important;\r\n\tpadding-left: 10px!important;\r\n\tcolor: #ffffff!important;\t\r\n\tfont-size: 20px!important;\r\n\tfont-weight: ;\r\n\tfont-style: ;\r\n\ttext-align: center;\r\n\r\n\t\t\tborder-top-left-radius: 10px;\r\n\t\tborder-top-right-radius: 10px;\r\n\t\tborder-bottom-left-radius:  10px;\r\n\t\tborder-bottom-right-radius: 10px;\r\n\t\t\r\n\t\t\t\t\t\t\tborder-style: solid;\r\n\t\t\t\tborder-width: 1px;\r\n\t\t\t\tborder-color: #004f71;\r\n\t\t\t\t\t\t\t\ttext-shadow:0px 0px 0px #ffffff;\r\n\r\n\r\n\t\t\t\t-webkit-box-shadow: 0px 0px 0px #b5b5b5;\r\n\t\t\t\t-moz-box-shadow: 0px 0px 0px #b5b5b5;\r\n\t\t\t\tbox-shadow: 0px 0px 0px #b5b5b5;\r\n\r\n\r\n\t\t\t\tbackground: -webkit-gradient(linear, left top, left bottom, color-stop(45%, rgba(0,79,113,1)), color-stop(1, rgba(0,79,113,1)));\r\n\t\t\t\tbackground: -moz-linear-gradient(rgba(0,79,113,1) 45%, rgba(0,79,113,1));\r\n\t\t\t\tbackground: -o-linear-gradient(rgba(0,79,113,1) 45%, rgba(0,79,113,1));\r\n\t\t\t\tbackground: linear-gradient(rgba(0,79,113,1) 45%, rgba(0,79,113,1));\r\n\t\t\t\twebkit-transition: all 0.3s;\r\n\t\t\t\t-moz-transition: all 0.3s;\r\n\t\t\t\ttransition: all 0.3s;\r\n\t\t\t}\r\n\r\n\t\t\t\r\n\r\n\t\t\t\t.wd_button_22251:hover{\r\n\t\t\t\t\tcolor: #004f71!important;\r\n\t\t\t\t\ttext-shadow:0px 0px 0px #ffffff;\r\n\t\t\t\t\ttext-shadow-color:#ffffff;\t\r\n\t\t\t\t\tborder-color: #004f71;\r\n\t\t\t\t\t-webkit-box-shadow: 0px 0px 0px #b5b5b5;\r\n\t\t\t\t\t-moz-box-shadow: 0px 0px 0px #b5b5b5;\r\n\t\t\t\t\tbox-shadow: 0px 0px 0px #b5b5b5;\r\n\r\n\t\t\t\t\t\t\t\t\t\t\tbackground: -webkit-gradient(linear, left top, left bottom, color-stop(45%, rgba(255,255,255,1)), color-stop(1, rgba(255,255,255,1)));\r\n\t\t\t\t\t\tbackground: -moz-linear-gradient(rgba(255,255,255,1) 45%, rgba(255,255,255,1));\r\n\t\t\t\t\t\tbackground: -o-linear-gradient(rgba(255,255,255,1) 45%, rgba(255,255,255,1));\r\n\t\t\t\t\t\tbackground: linear-gradient(rgba(255,255,255,1) 45%, rgba(255,255,255,1));\r\n\t\t\t\t\t\t\r\n\r\n\t\t\t\t\t\twebkit-transition: all 0.3s;\r\n\t\t\t\t\t\t-moz-transition: all 0.3s;\r\n\t\t\t\t\t\ttransition: all 0.3s;\r\n\t\t\t\t\t}\r\n\t\t\t\t\t<\/style>\r\n<style type=\"text\/css\">\r\n<\/style>\r\n<div class=\"button_wrapper_id_22251\">\r\n\t<div class=\"button_container button_container_id_22251\">\t\r\n\t\t<a href=\"https:\/\/tahkim.istac.org.tr\/genc-istac-yarisma\/login\" target=\"_blank\" id=\"wd_button\" class=\"wd-hvr-simple wd_button_22251 \"  >Giri\u015f Yap\u0131n<\/a>\t\r\n\t\t<div class=\"clear_fix\"><\/div>\r\n\t<\/div>\r\n<\/div><\/p>\n<p style=\"padding-left: 120px;\">\r\n<style type=\"text\/css\">\r\n.button_wrapper_id_22333{\r\n\tmargin-top: 10px!important;\r\n\tmargin-right: 10px!important;\r\n\tmargin-bottom: 10px!important;\r\n\tmargin-left: 10px!important;\r\n\tdisplay: inline-block;}\r\n.button_container_id_22333{\r\n\twidth: 140px!important;\t\r\n\ttext-align: center!important;\r\n\tmargin: 0 auto!important;\t\r\n}\r\n\r\n.wd_button_22333{\r\n\tline-height: 1.42857143;\r\n\ttext-decoration: none!important;\r\n\tdisplay: inline-block;\r\n\tborder-bottom: none;\t\r\n\twidth: 300px!important;\r\n\theight: 45px;\r\n\tpadding-top: 10px!important;\r\n\tpadding-right: 10px!important;\r\n\tpadding-bottom: 10px!important;\r\n\tpadding-left: 10px!important;\r\n\tcolor: #ffffff!important;\t\r\n\tfont-size: 20px!important;\r\n\tfont-weight: ;\r\n\tfont-style: ;\r\n\ttext-align: center;\r\n\r\n\t\t\tborder-top-left-radius: 10px;\r\n\t\tborder-top-right-radius: 10px;\r\n\t\tborder-bottom-left-radius:  10px;\r\n\t\tborder-bottom-right-radius: 10px;\r\n\t\t\r\n\t\t\t\t\t\t\tborder-style: solid;\r\n\t\t\t\tborder-width: 1px;\r\n\t\t\t\tborder-color: #004f71;\r\n\t\t\t\t\t\t\t\ttext-shadow:0px 0px 0px #ffffff;\r\n\r\n\r\n\t\t\t\t-webkit-box-shadow: 0px 0px 0px #b5b5b5;\r\n\t\t\t\t-moz-box-shadow: 0px 0px 0px #b5b5b5;\r\n\t\t\t\tbox-shadow: 0px 0px 0px #b5b5b5;\r\n\r\n\r\n\t\t\t\tbackground: -webkit-gradient(linear, left top, left bottom, color-stop(45%, rgba(0,79,113,1)), color-stop(1, rgba(0,79,113,1)));\r\n\t\t\t\tbackground: -moz-linear-gradient(rgba(0,79,113,1) 45%, rgba(0,79,113,1));\r\n\t\t\t\tbackground: -o-linear-gradient(rgba(0,79,113,1) 45%, rgba(0,79,113,1));\r\n\t\t\t\tbackground: linear-gradient(rgba(0,79,113,1) 45%, rgba(0,79,113,1));\r\n\t\t\t\twebkit-transition: all 0.3s;\r\n\t\t\t\t-moz-transition: all 0.3s;\r\n\t\t\t\ttransition: all 0.3s;\r\n\t\t\t}\r\n\r\n\t\t\t\r\n\r\n\t\t\t\t.wd_button_22333:hover{\r\n\t\t\t\t\tcolor: #004f71!important;\r\n\t\t\t\t\ttext-shadow:0px 0px 0px #ffffff;\r\n\t\t\t\t\ttext-shadow-color:#ffffff;\t\r\n\t\t\t\t\tborder-color: #004f71;\r\n\t\t\t\t\t-webkit-box-shadow: 0px 0px 0px #b5b5b5;\r\n\t\t\t\t\t-moz-box-shadow: 0px 0px 0px #b5b5b5;\r\n\t\t\t\t\tbox-shadow: 0px 0px 0px #b5b5b5;\r\n\r\n\t\t\t\t\t\t\t\t\t\t\tbackground: -webkit-gradient(linear, left top, left bottom, color-stop(45%, rgba(255,255,255,1)), color-stop(1, rgba(255,255,255,1)));\r\n\t\t\t\t\t\tbackground: -moz-linear-gradient(rgba(255,255,255,1) 45%, rgba(255,255,255,1));\r\n\t\t\t\t\t\tbackground: -o-linear-gradient(rgba(255,255,255,1) 45%, rgba(255,255,255,1));\r\n\t\t\t\t\t\tbackground: linear-gradient(rgba(255,255,255,1) 45%, rgba(255,255,255,1));\r\n\t\t\t\t\t\t\r\n\r\n\t\t\t\t\t\twebkit-transition: all 0.3s;\r\n\t\t\t\t\t\t-moz-transition: all 0.3s;\r\n\t\t\t\t\t\ttransition: all 0.3s;\r\n\t\t\t\t\t}\r\n\t\t\t\t\t<\/style>\r\n<style type=\"text\/css\">\r\n<\/style>\r\n<div class=\"button_wrapper_id_22333\">\r\n\t<div class=\"button_container button_container_id_22333\">\t\r\n\t\t<a href=\"https:\/\/tahkim.istac.org.tr\/genc-istac-yarisma\/hakem-register\" target=\"_blank\" id=\"wd_button\" class=\"wd-hvr-simple wd_button_22333 \"  >Hakem - Kay\u0131t Ol<\/a>\t\r\n\t\t<div class=\"clear_fix\"><\/div>\r\n\t<\/div>\r\n<\/div><\/p>\n<h3><span style=\"color: #000000;\"><strong>Sorular\u0131n\u0131z i\u00e7in <span style=\"color: #ff0000;\"><a style=\"color: #ff0000;\" href=\"mailto:gelecegintahkimavukati@istac.org.tr\"><span style=\"color: #333399;\">gelecegintahkimavukati@istac.org.tr<\/span><\/a><\/span> adresiyle ileti\u015fime ge\u00e7ebilirisiniz.<\/strong><\/span><\/h3>\n<p>&nbsp;<\/p>\n<div>\n<div style=\"position: relative; width: 100%; padding-bottom: 56.25%; height: 0; overflow: hidden;\"><iframe style=\"position: absolute; top: 0; left: 0; width: 100%; height: 100%; border: 0;\" src=\"https:\/\/drive.google.com\/file\/d\/18GbTiNpPi63wz-tcQ4vvMxq5kYKiB8ZR\/preview\" allowfullscreen=\"allowfullscreen\"><br \/>\n<\/iframe><\/div>\n<p>Bu y\u0131l onuncusu d\u00fczenlenen Gelece\u011fin Tahkim Avukat\u0131 Yar\u0131\u015fmas\u0131\u2019n\u0131n duyurusunu payla\u015fmaktan mutluluk duyuyoruz. X. GTAY\u2019nin Arabuluculuk G\u00f6r\u00fc\u015fmeleri \u00e7evrim i\u00e7i, Tahkim Duru\u015fmalar\u0131 ise \u0130stanbul\u2019da y\u00fcz y\u00fcze ger\u00e7ekle\u015ftirilecektir. Duru\u015fmalar\u0131n olaca\u011f\u0131 lokasyon ilerleyen tarihlerde payla\u015f\u0131lacakt\u0131r. Arabuluculuk G\u00f6r\u00fc\u015fmeleri 21-22 \u015eubat 2026, Tahkim Duru\u015fmalar\u0131 ise 09-10 May\u0131s 2026 tarihlerinde ger\u00e7ekle\u015ftirilecektir. Tak\u0131mlar\u0131n GTAY\u2019nin her iki a\u015famas\u0131na ba\u015fvurmas\u0131 m\u00fcmk\u00fcn oldu\u011fu gibi bu iki a\u015famadan yaln\u0131zca birini se\u00e7erek GTAY\u2019ye ba\u015fvurmas\u0131 da m\u00fcmk\u00fcnd\u00fcr.<\/p>\n<\/div>\n<div>\n<p><span lang=\"TR\">Gen\u00e7 ISTAC X. Gelece\u011fin Tahkim Avukat\u0131 Yar\u0131\u015fmas\u0131 Arabuluculuk A\u015famas\u0131 ve Tahkim A\u015famas\u0131\u2019n\u0131n Kurallar\u0131 ve Olay Metinleri, ilgili di\u011fer belgelerle birlikte a\u015fa\u011f\u0131da yay\u0131mlanm\u0131\u015ft\u0131r.<\/span><\/p>\n<\/div>\n<div>\n<p><span lang=\"TR\">Yar\u0131\u015fman\u0131n dili T\u00fcrk\u00e7e olup yar\u0131\u015fmada tahkim yarg\u0131lamas\u0131n\u0131n usul\u00fcne ISTAC Tahkim ve Arabuluculuk Kurallar\u0131, uyu\u015fmazl\u0131\u011f\u0131n esas\u0131na ise T\u00fcrk Hukuku uygulanacakt\u0131r. Tak\u0131mlar en az 4, en fazla 6 \u00f6\u011frenciden olu\u015facakt\u0131r. Yar\u0131\u015fmaya kat\u0131lan tak\u0131mlar anonim olarak, okul isimlerini belirtmeden ve tak\u0131mlar\u0131na atanan tak\u0131m numaras\u0131 ile yar\u0131\u015facakt\u0131r.<\/span><\/p>\n<\/div>\n<div>\n<p><span lang=\"TR\">Tak\u0131mlar, a\u015fa\u011f\u0131da yer alan kay\u0131t butonu \u00fczerinden yar\u0131\u015fmaya ba\u015fvuruda bulunabilirler. Yar\u0131\u015fmaya ba\u015fvuru, ba\u015fvuru formu ile talep edilen belgelerin 14 Aral\u0131k 2025\u2019e kadar online olarak y\u00fcklenmesi ve kay\u0131t \u00fccretinin \u00f6denmesi \u00fczerine tamamlanacakt\u0131r.<\/span><\/p>\n<\/div>\n<div>\n<p><span lang=\"TR\">Yar\u0131\u015fman\u0131n her iki a\u015famas\u0131nda da hakemlerin de\u011ferlendirmesi sonucunda ba\u015far\u0131l\u0131 bulunan tak\u0131m ve yar\u0131\u015fmac\u0131lar, a\u015fa\u011f\u0131da belirtilen kategorilerde \u00f6d\u00fcl almaya hak kazanacaklard\u0131r. <\/span><\/p>\n<\/div>\n<p><strong><u>GTAY Arabuluculuk<\/u><\/strong><\/p>\n<ul>\n<li style=\"font-weight: 400;\" aria-level=\"1\"><span style=\"font-weight: 400;\">En \u0130yi Tak\u0131m \u00d6d\u00fcl\u00fc<\/span><\/li>\n<li style=\"font-weight: 400;\" aria-level=\"1\"><span style=\"font-weight: 400;\">En \u0130yi \u0130kinci Tak\u0131m \u00d6d\u00fcl\u00fc<\/span><\/li>\n<li style=\"font-weight: 400;\" aria-level=\"1\"><span style=\"font-weight: 400;\">En \u0130yi \u00dc\u00e7\u00fcnc\u00fc Tak\u0131m \u00d6d\u00fcl\u00fc<\/span><\/li>\n<li style=\"font-weight: 400;\" aria-level=\"1\"><span style=\"font-weight: 400;\">En \u0130yi M\u00fcvekkil \u00d6d\u00fcl\u00fc<\/span><\/li>\n<li style=\"font-weight: 400;\" aria-level=\"1\"><span style=\"font-weight: 400;\">En \u0130yi Vekil \u00d6d\u00fcl\u00fc<\/span><\/li>\n<li style=\"font-weight: 400;\" aria-level=\"1\"><span style=\"font-weight: 400;\">En \u0130yi Ba\u015fvuru Dilek\u00e7esi \u00d6d\u00fcl\u00fc<\/span><\/li>\n<\/ul>\n<p><strong><u>GTAY Tahkim<\/u><\/strong><\/p>\n<ul>\n<li style=\"font-weight: 400;\" aria-level=\"1\"><span style=\"font-weight: 400;\">En \u0130yi Tak\u0131m \u00d6d\u00fcl\u00fc<\/span><\/li>\n<li style=\"font-weight: 400;\" aria-level=\"1\"><span style=\"font-weight: 400;\">En \u0130yi \u0130kinci Tak\u0131m \u00d6d\u00fcl\u00fc<\/span><\/li>\n<li style=\"font-weight: 400;\" aria-level=\"1\"><span style=\"font-weight: 400;\">En \u0130yi \u00dc\u00e7\u00fcnc\u00fc Tak\u0131m \u00d6d\u00fcl\u00fc<\/span><\/li>\n<li style=\"font-weight: 400;\" aria-level=\"1\"><span style=\"font-weight: 400;\">En \u0130yi Dava Dilek\u00e7esi \u00d6d\u00fcl\u00fc<\/span><\/li>\n<li style=\"font-weight: 400;\" aria-level=\"1\"><span style=\"font-weight: 400;\">En \u0130yi Cevap Dilek\u00e7esi \u00d6d\u00fcl\u00fc<\/span><\/li>\n<li style=\"font-weight: 400;\" aria-level=\"1\"><span style=\"font-weight: 400;\">Gelece\u011fin Tahkim Avukat\u0131 \u00d6d\u00fcl\u00fc<\/span><\/li>\n<\/ul>\n<p>T\u00fcm tak\u0131mlara ba\u015far\u0131lar dileriz!<\/p>\n<p><a href=\"https:\/\/istac.org.tr\/wp-content\/uploads\/2026\/02\/X.-GTAY-Arabuluculuk-Kurallari-rev.pdf\"><span style=\"color: #000080;\"><strong>GTAY Arabuluculuk Kurallar\u0131<\/strong><\/span><\/a><\/p>\n<p><a href=\"https:\/\/istac.org.tr\/wp-content\/uploads\/2026\/01\/X.-GTAY-Arabuluculuk-Olay-Metni-2.pdf\"><span style=\"color: #000080;\"><strong>GTAY Arabuluculuk Olay Metni<\/strong><\/span><\/a><\/p>\n<p><a href=\"https:\/\/istac.org.tr\/wp-content\/uploads\/2025\/10\/X.-GTAY-Tahkim-Kurallari.pdf\"><span style=\"color: #000080;\"><strong>GTAY Tahkim Kurallar\u0131<\/strong><\/span><\/a><\/p>\n<p><a href=\"https:\/\/istac.org.tr\/wp-content\/uploads\/2026\/03\/X.-GTAY-Tahkim-Olay-Metni-3-060326.pdf\"><span style=\"color: #000080;\"><strong>GTAY Tahkim Olay Metni<\/strong><\/span><\/a><\/p>\n<p><a href=\"https:\/\/istac.org.tr\/wp-content\/uploads\/2026\/05\/X.-GTAY-Hakem-Rehberi-3.pdf\"><span style=\"color: #000080;\"><strong>GTAY Hakem Rehberi<\/strong><\/span><\/a><\/p>\n<p><img loading=\"lazy\" class=\"aligncenter size-full wp-image-23852\" src=\"https:\/\/istac.org.tr\/wp-content\/uploads\/2025\/10\/X.-GELECEGIN-TAHKIM-AVUKATI-YARISMASI-converted-from-svg.jpeg\" alt=\"\" width=\"1097\" height=\"1536\" srcset=\"https:\/\/istac.org.tr\/wp-content\/uploads\/2025\/10\/X.-GELECEGIN-TAHKIM-AVUKATI-YARISMASI-converted-from-svg.jpeg 1097w, https:\/\/istac.org.tr\/wp-content\/uploads\/2025\/10\/X.-GELECEGIN-TAHKIM-AVUKATI-YARISMASI-converted-from-svg-214x300.jpeg 214w, https:\/\/istac.org.tr\/wp-content\/uploads\/2025\/10\/X.-GELECEGIN-TAHKIM-AVUKATI-YARISMASI-converted-from-svg-731x1024.jpeg 731w, https:\/\/istac.org.tr\/wp-content\/uploads\/2025\/10\/X.-GELECEGIN-TAHKIM-AVUKATI-YARISMASI-converted-from-svg-768x1075.jpeg 768w\" sizes=\"(max-width: 1097px) 100vw, 1097px\" \/><\/p>\n<div id=\"gtx-trans\" style=\"position: absolute; left: 51px; top: 1867.77px;\">\n<div class=\"gtx-trans-icon\"><\/div>\n<\/div>\n","protected":false},"excerpt":{"rendered":"<p>Sorular\u0131n\u0131z i\u00e7in gelecegintahkimavukati@istac.org.tr adresiyle ileti\u015fime ge\u00e7ebilirisiniz. &nbsp; Bu y\u0131l onuncusu d\u00fczenlenen Gelece\u011fin Tahkim Avukat\u0131 Yar\u0131\u015fmas\u0131\u2019n\u0131n duyurusunu payla\u015fmaktan mutluluk duyuyoruz. X. GTAY\u2019nin Arabuluculuk G\u00f6r\u00fc\u015fmeleri \u00e7evrim i\u00e7i, Tahkim Duru\u015fmalar\u0131 ise \u0130stanbul\u2019da y\u00fcz y\u00fcze ger\u00e7ekle\u015ftirilecektir. Duru\u015fmalar\u0131n olaca\u011f\u0131 lokasyon ilerleyen tarihlerde payla\u015f\u0131lacakt\u0131r. Arabuluculuk G\u00f6r\u00fc\u015fmeleri 21-22 \u015eubat 2026, Tahkim Duru\u015fmalar\u0131 ise 09-10 May\u0131s 2026 tarihlerinde ger\u00e7ekle\u015ftirilecektir. Tak\u0131mlar\u0131n GTAY\u2019nin her iki<a href=\"https:\/\/istac.org.tr\/tr\/genc-istac\/gelecegin-tahkim-avukati-yarismasi\/\">[&#8230;]<\/a><\/p>\n","protected":false},"author":1,"featured_media":0,"parent":13,"menu_order":5,"comment_status":"closed","ping_status":"closed","template":"","meta":[],"acf":[],"post_mailing_queue_ids":[],"_links":{"self":[{"href":"https:\/\/istac.org.tr\/tr\/wp-json\/wp\/v2\/pages\/3828\/"}],"collection":[{"href":"https:\/\/istac.org.tr\/tr\/wp-json\/wp\/v2\/pages\/"}],"about":[{"href":"https:\/\/istac.org.tr\/tr\/wp-json\/wp\/v2\/types\/page\/"}],"author":[{"embeddable":true,"href":"https:\/\/istac.org.tr\/tr\/wp-json\/wp\/v2\/users\/1\/"}],"replies":[{"embeddable":true,"href":"https:\/\/istac.org.tr\/tr\/wp-json\/wp\/v2\/comments\/?post=3828"}],"version-history":[{"count":137,"href":"https:\/\/istac.org.tr\/tr\/wp-json\/wp\/v2\/pages\/3828\/revisions\/"}],"predecessor-version":[{"id":24316,"href":"https:\/\/istac.org.tr\/tr\/wp-json\/wp\/v2\/pages\/3828\/revisions\/24316\/"}],"up":[{"embeddable":true,"href":"https:\/\/istac.org.tr\/tr\/wp-json\/wp\/v2\/pages\/13\/"}],"wp:attachment":[{"href":"https:\/\/istac.org.tr\/tr\/wp-json\/wp\/v2\/media\/?parent=3828"}],"curies":[{"name":"wp","href":"https:\/\/api.w.org\/{rel}","templated":true}]}}