{"id":36,"date":"2015-12-30T17:54:53","date_gmt":"2015-12-30T15:54:53","guid":{"rendered":"http:\/\/localhost\/istac\/?page_id=36"},"modified":"2024-12-04T16:29:44","modified_gmt":"2024-12-04T13:29:44","slug":"seri-tahkim-kurallari","status":"publish","type":"page","link":"https:\/\/istac.org.tr\/tr\/uyusmazlik-cozumu\/seri-tahkim\/seri-tahkim-kurallari\/","title":{"rendered":"Seri Tahkim Kurallar\u0131"},"content":{"rendered":"<p><a class=\"download\" href=\"https:\/\/istac.org.tr\/wp-content\/uploads\/2024\/12\/ISTANBUL-TAHKIM-MERKEZI-SERI-TAHKIM-KURALLARIv3-1-4.pdf\" target=\"_blank\" rel=\"noopener\">\u0130ndirmek i\u00e7in t\u0131klay\u0131n\u0131z.<\/a><\/p>\n","protected":false},"excerpt":{"rendered":"<p>\u0130ndirmek i\u00e7in t\u0131klay\u0131n\u0131z.<\/p>\n","protected":false},"author":1,"featured_media":0,"parent":34,"menu_order":1,"comment_status":"closed","ping_status":"closed","template":"","meta":[],"acf":[],"post_mailing_queue_ids":[],"_links":{"self":[{"href":"https:\/\/istac.org.tr\/tr\/wp-json\/wp\/v2\/pages\/36\/"}],"collection":[{"href":"https:\/\/istac.org.tr\/tr\/wp-json\/wp\/v2\/pages\/"}],"about":[{"href":"https:\/\/istac.org.tr\/tr\/wp-json\/wp\/v2\/types\/page\/"}],"author":[{"embeddable":true,"href":"https:\/\/istac.org.tr\/tr\/wp-json\/wp\/v2\/users\/1\/"}],"replies":[{"embeddable":true,"href":"https:\/\/istac.org.tr\/tr\/wp-json\/wp\/v2\/comments\/?post=36"}],"version-history":[{"count":13,"href":"https:\/\/istac.org.tr\/tr\/wp-json\/wp\/v2\/pages\/36\/revisions\/"}],"predecessor-version":[{"id":23244,"href":"https:\/\/istac.org.tr\/tr\/wp-json\/wp\/v2\/pages\/36\/revisions\/23244\/"}],"up":[{"embeddable":true,"href":"https:\/\/istac.org.tr\/tr\/wp-json\/wp\/v2\/pages\/34\/"}],"wp:attachment":[{"href":"https:\/\/istac.org.tr\/tr\/wp-json\/wp\/v2\/media\/?parent=36"}],"curies":[{"name":"wp","href":"https:\/\/api.w.org\/{rel}","templated":true}]}}