{"id":3374,"date":"2016-08-20T13:57:17","date_gmt":"2016-08-20T10:57:17","guid":{"rendered":"http:\/\/144.208.72.158\/~istaco5\/?page_id=3374"},"modified":"2016-08-20T13:57:17","modified_gmt":"2016-08-20T10:57:17","slug":"konferanslar","status":"publish","type":"page","link":"https:\/\/istac.org.tr\/tr\/etkinlikler\/konferanslar\/","title":{"rendered":"Konferanslar"},"content":{"rendered":"<ul class=\"etkinlikul\" id=\"lcp_instance_0\"><li><a href=\"https:\/\/istac.org.tr\/tr\/fidic2\/\">17 Ekim 2023- FIDIC S\u00f6zle\u015fmelerinin D\u00fcn\u00fc, Bug\u00fcn\u00fc ve Yar\u0131n\u0131<\/a><\/li><li><a href=\"https:\/\/istac.org.tr\/tr\/tahkim-ve-uygulanacak-hukuk-konferansi\/\">7 Ekim 2020 &#8211; Tahkim ve Uygulanacak Hukuk Konferans\u0131<\/a><\/li><li><a href=\"https:\/\/istac.org.tr\/tr\/borsa-istanbulda-istac-tahkimi-konusuldu\/\">Borsa \u0130stanbul\u2019da \u201cISTAC Tahkimi\u201d Konu\u015fuldu<\/a><\/li><li><a href=\"https:\/\/istac.org.tr\/tr\/30-ocak-2020-role-of-meditation-in-arbitration-procedural-efficienty-in-international-arbitration-save-the-date\/\">30 Ocak 2020- Role of Mediation in Arbitration &#038; Procedural Efficienty in International Arbitration &#8211; Save the Date<\/a><\/li><li><a href=\"https:\/\/istac.org.tr\/tr\/6-agustos-2019-perakende-hukuku-ve-tahkim\/\">6 A\u011fustos 2019- Perakende Hukuku ve Tahkim<\/a><\/li><\/ul><ul class='lcp_paginator'><li class='lcp_currentpage'>1<\/li><li><a href='https:\/\/istac.org.tr\/tr\/wp-json\/wp\/v2\/pages\/3374\/?lcp_page0=2#lcp_instance_0' title='2'>2<\/a><\/li><li><a href='https:\/\/istac.org.tr\/tr\/wp-json\/wp\/v2\/pages\/3374\/?lcp_page0=3#lcp_instance_0' title='3'>3<\/a><\/li><li><a href='https:\/\/istac.org.tr\/tr\/wp-json\/wp\/v2\/pages\/3374\/?lcp_page0=4#lcp_instance_0' title='4'>4<\/a><\/li><li><a href='https:\/\/istac.org.tr\/tr\/wp-json\/wp\/v2\/pages\/3374\/?lcp_page0=5#lcp_instance_0' title='5'>5<\/a><\/li><li><a href='https:\/\/istac.org.tr\/tr\/wp-json\/wp\/v2\/pages\/3374\/?lcp_page0=6#lcp_instance_0' title='6'>6<\/a><\/li><span class='lcp_elipsis'>...<\/span><li><a href='https:\/\/istac.org.tr\/tr\/wp-json\/wp\/v2\/pages\/3374\/?lcp_page0=23#lcp_instance_0' title='23'>23<\/a><\/li><li><a href='https:\/\/istac.org.tr\/tr\/wp-json\/wp\/v2\/pages\/3374\/?lcp_page0=2#lcp_instance_0' title='2' class='lcp_nextlink'>>><\/a><\/li><\/ul>\n","protected":false},"excerpt":{"rendered":"","protected":false},"author":1,"featured_media":0,"parent":204,"menu_order":2,"comment_status":"closed","ping_status":"closed","template":"","meta":[],"acf":[],"post_mailing_queue_ids":[],"_links":{"self":[{"href":"https:\/\/istac.org.tr\/tr\/wp-json\/wp\/v2\/pages\/3374\/"}],"collection":[{"href":"https:\/\/istac.org.tr\/tr\/wp-json\/wp\/v2\/pages\/"}],"about":[{"href":"https:\/\/istac.org.tr\/tr\/wp-json\/wp\/v2\/types\/page\/"}],"author":[{"embeddable":true,"href":"https:\/\/istac.org.tr\/tr\/wp-json\/wp\/v2\/users\/1\/"}],"replies":[{"embeddable":true,"href":"https:\/\/istac.org.tr\/tr\/wp-json\/wp\/v2\/comments\/?post=3374"}],"version-history":[{"count":1,"href":"https:\/\/istac.org.tr\/tr\/wp-json\/wp\/v2\/pages\/3374\/revisions\/"}],"predecessor-version":[{"id":3375,"href":"https:\/\/istac.org.tr\/tr\/wp-json\/wp\/v2\/pages\/3374\/revisions\/3375\/"}],"up":[{"embeddable":true,"href":"https:\/\/istac.org.tr\/tr\/wp-json\/wp\/v2\/pages\/204\/"}],"wp:attachment":[{"href":"https:\/\/istac.org.tr\/tr\/wp-json\/wp\/v2\/media\/?parent=3374"}],"curies":[{"name":"wp","href":"https:\/\/api.w.org\/{rel}","templated":true}]}}