{"id":3367,"date":"2016-08-20T13:55:50","date_gmt":"2016-08-20T10:55:50","guid":{"rendered":"http:\/\/144.208.72.158\/~istaco5\/?page_id=3367"},"modified":"2016-08-20T16:51:33","modified_gmt":"2016-08-20T13:51:33","slug":"egitimler","status":"publish","type":"page","link":"https:\/\/istac.org.tr\/tr\/etkinlikler\/egitimler\/","title":{"rendered":"E\u011fitimler"},"content":{"rendered":"<ul class=\"etkinlikul\" id=\"lcp_instance_0\"><li><a href=\"https:\/\/istac.org.tr\/tr\/05-kasim-2025-ticari-hayatta-sozlesmenin-onemi-ve-uyusmazliklarin-tahkimde-cozumu\/\">05 Kas\u0131m 2025- Ticari Hayatta S\u00f6zle\u015fmenin \u00d6nemi ve Uyu\u015fmazl\u0131klar\u0131n Tahkimde \u00c7\u00f6z\u00fcm\u00fc<\/a><\/li><li><a href=\"https:\/\/istac.org.tr\/tr\/krizlerden-firsata-sektorel-dayaniklilik-ve-hukuk\/\">30 Ekim 2025- Krizlerden F\u0131rsata: Sekt\u00f6rel Dayan\u0131kl\u0131l\u0131k ve Hukuk<\/a><\/li><li><a href=\"https:\/\/istac.org.tr\/tr\/01-02-kasim-2025-istac-tahkimde-hakemlik-egitimi\/\">01-02 Kas\u0131m 2025- ISTAC- Tahkimde Hakemlik E\u011fitimi<\/a><\/li><li><a href=\"https:\/\/istac.org.tr\/tr\/19-20-nisan-2025-istac-tbb-tahkimde-taraf-vekilligi-egitimi\/\">19-20 Nisan 2025- ISTAC- TBB- Tahkimde Taraf Vekilli\u011fi E\u011fitimi<\/a><\/li><li><a href=\"https:\/\/istac.org.tr\/tr\/12-13-nisan-the\/\">12-13 Nisan 2025- ISTAC- Tahkimde Hakemlik E\u011fitimi<\/a><\/li><\/ul><ul class='lcp_paginator'><li class='lcp_currentpage'>1<\/li><li><a href='https:\/\/istac.org.tr\/tr\/wp-json\/wp\/v2\/pages\/3367\/?lcp_page0=2#lcp_instance_0' title='2'>2<\/a><\/li><li><a href='https:\/\/istac.org.tr\/tr\/wp-json\/wp\/v2\/pages\/3367\/?lcp_page0=3#lcp_instance_0' title='3'>3<\/a><\/li><li><a href='https:\/\/istac.org.tr\/tr\/wp-json\/wp\/v2\/pages\/3367\/?lcp_page0=4#lcp_instance_0' title='4'>4<\/a><\/li><li><a href='https:\/\/istac.org.tr\/tr\/wp-json\/wp\/v2\/pages\/3367\/?lcp_page0=5#lcp_instance_0' title='5'>5<\/a><\/li><li><a href='https:\/\/istac.org.tr\/tr\/wp-json\/wp\/v2\/pages\/3367\/?lcp_page0=6#lcp_instance_0' title='6'>6<\/a><\/li><span class='lcp_elipsis'>...<\/span><li><a href='https:\/\/istac.org.tr\/tr\/wp-json\/wp\/v2\/pages\/3367\/?lcp_page0=22#lcp_instance_0' title='22'>22<\/a><\/li><li><a href='https:\/\/istac.org.tr\/tr\/wp-json\/wp\/v2\/pages\/3367\/?lcp_page0=2#lcp_instance_0' title='2' class='lcp_nextlink'>>><\/a><\/li><\/ul>\n","protected":false},"excerpt":{"rendered":"","protected":false},"author":1,"featured_media":0,"parent":204,"menu_order":1,"comment_status":"closed","ping_status":"closed","template":"","meta":[],"acf":[],"post_mailing_queue_ids":[],"_links":{"self":[{"href":"https:\/\/istac.org.tr\/tr\/wp-json\/wp\/v2\/pages\/3367\/"}],"collection":[{"href":"https:\/\/istac.org.tr\/tr\/wp-json\/wp\/v2\/pages\/"}],"about":[{"href":"https:\/\/istac.org.tr\/tr\/wp-json\/wp\/v2\/types\/page\/"}],"author":[{"embeddable":true,"href":"https:\/\/istac.org.tr\/tr\/wp-json\/wp\/v2\/users\/1\/"}],"replies":[{"embeddable":true,"href":"https:\/\/istac.org.tr\/tr\/wp-json\/wp\/v2\/comments\/?post=3367"}],"version-history":[{"count":1,"href":"https:\/\/istac.org.tr\/tr\/wp-json\/wp\/v2\/pages\/3367\/revisions\/"}],"predecessor-version":[{"id":3370,"href":"https:\/\/istac.org.tr\/tr\/wp-json\/wp\/v2\/pages\/3367\/revisions\/3370\/"}],"up":[{"embeddable":true,"href":"https:\/\/istac.org.tr\/tr\/wp-json\/wp\/v2\/pages\/204\/"}],"wp:attachment":[{"href":"https:\/\/istac.org.tr\/tr\/wp-json\/wp\/v2\/media\/?parent=3367"}],"curies":[{"name":"wp","href":"https:\/\/api.w.org\/{rel}","templated":true}]}}