{"id":32,"date":"2015-12-30T17:54:09","date_gmt":"2015-12-30T15:54:09","guid":{"rendered":"http:\/\/localhost\/istac\/?page_id=32"},"modified":"2016-01-05T17:47:35","modified_gmt":"2016-01-05T15:47:35","slug":"atama-makami","status":"publish","type":"page","link":"https:\/\/istac.org.tr\/tr\/uyusmazlik-cozumu\/tahkim\/atama-makami\/","title":{"rendered":"Atama Makam\u0131"},"content":{"rendered":"<p>\u0130stanbul Tahkim Merkezi kurumsal olmayan (ad hoc) tahkimlerde atama makam\u0131 olarak da hizmet vermektedir.<\/p>\n<p>Taraflar\u0131n, kurumsal olmayan bir tahkimde hakemlerin \u0130stanbul Tahkim Merkezi Tahkim Divan\u0131 taraf\u0131ndan tayin edilece\u011fini kararla\u015ft\u0131rmalar\u0131 yeterlidir.<\/p>\n<p>Bu hizmetten yararlanmak isteyen taraflar\u0131n, \u0130stanbul Tahkim Merkezi\u2019ne ba\u015fvurmalar\u0131; ba\u015fvuru tarihinde \u0130stanbul Tahkim Merkezi Masraflar ve \u00dccretler Tarifesi Hakk\u0131nda Kurallar (Ek-3) m. 5\u2019te belirtilen \u00fccreti \u00f6demeleri gerekmektedir.<\/p>\n","protected":false},"excerpt":{"rendered":"<p>\u0130stanbul Tahkim Merkezi kurumsal olmayan (ad hoc) tahkimlerde atama makam\u0131 olarak da hizmet vermektedir. Taraflar\u0131n, kurumsal olmayan bir tahkimde hakemlerin \u0130stanbul Tahkim Merkezi Tahkim Divan\u0131 taraf\u0131ndan tayin edilece\u011fini kararla\u015ft\u0131rmalar\u0131 yeterlidir. Bu hizmetten yararlanmak isteyen taraflar\u0131n, \u0130stanbul Tahkim Merkezi\u2019ne ba\u015fvurmalar\u0131; ba\u015fvuru tarihinde \u0130stanbul Tahkim Merkezi Masraflar ve \u00dccretler Tarifesi Hakk\u0131nda Kurallar (Ek-3) m. 5\u2019te belirtilen \u00fccreti<a href=\"https:\/\/istac.org.tr\/tr\/uyusmazlik-cozumu\/tahkim\/atama-makami\/\">[&#8230;]<\/a><\/p>\n","protected":false},"author":1,"featured_media":0,"parent":24,"menu_order":4,"comment_status":"closed","ping_status":"closed","template":"","meta":[],"acf":[],"post_mailing_queue_ids":[],"_links":{"self":[{"href":"https:\/\/istac.org.tr\/tr\/wp-json\/wp\/v2\/pages\/32\/"}],"collection":[{"href":"https:\/\/istac.org.tr\/tr\/wp-json\/wp\/v2\/pages\/"}],"about":[{"href":"https:\/\/istac.org.tr\/tr\/wp-json\/wp\/v2\/types\/page\/"}],"author":[{"embeddable":true,"href":"https:\/\/istac.org.tr\/tr\/wp-json\/wp\/v2\/users\/1\/"}],"replies":[{"embeddable":true,"href":"https:\/\/istac.org.tr\/tr\/wp-json\/wp\/v2\/comments\/?post=32"}],"version-history":[{"count":2,"href":"https:\/\/istac.org.tr\/tr\/wp-json\/wp\/v2\/pages\/32\/revisions\/"}],"predecessor-version":[{"id":171,"href":"https:\/\/istac.org.tr\/tr\/wp-json\/wp\/v2\/pages\/32\/revisions\/171\/"}],"up":[{"embeddable":true,"href":"https:\/\/istac.org.tr\/tr\/wp-json\/wp\/v2\/pages\/24\/"}],"wp:attachment":[{"href":"https:\/\/istac.org.tr\/tr\/wp-json\/wp\/v2\/media\/?parent=32"}],"curies":[{"name":"wp","href":"https:\/\/api.w.org\/{rel}","templated":true}]}}