{"id":30,"date":"2015-12-30T17:53:35","date_gmt":"2015-12-30T15:53:35","guid":{"rendered":"http:\/\/localhost\/istac\/?page_id=30"},"modified":"2022-02-10T00:16:28","modified_gmt":"2022-02-09T21:16:28","slug":"ornek-tahkim-sarti","status":"publish","type":"page","link":"https:\/\/istac.org.tr\/tr\/uyusmazlik-cozumu\/tahkim\/ornek-tahkim-sarti\/","title":{"rendered":"\u00d6rnek Tahkim \u015eart\u0131"},"content":{"rendered":"<p>Bu s\u00f6zle\u015fmeden kaynaklanan veya bu s\u00f6zle\u015fmeyle ili\u015fkili olan t\u00fcm uyu\u015fmazl\u0131klar, \u0130stanbul Tahkim Merkezi Tahkim Kurallar\u0131 uyar\u0131nca nihai olarak tahkim yoluyla \u00e7\u00f6z\u00fcmlenecektir.<br \/>\n<b>A\u015fa\u011f\u0131daki h\u00fck\u00fcmler, \u00f6rnek tahkim \u015fart\u0131na eklenebilir:<\/b><\/p>\n<ul>\n<li>Acil Durum Hakemine \u0130li\u015fkin Kurallar uygulanmaz.<\/li>\n<li>Tahkim yeri (\u015eehir \/ \u00dclke)\u2019dir.<\/li>\n<li>Tahkim dili (\u2026)\u2019dir.<\/li>\n<li>Hakem say\u0131s\u0131 (\u2026) olacakt\u0131r.<\/li>\n<li>Uyu\u015fmazl\u0131\u011f\u0131n esas\u0131na (\u2026) hukuku uygulan\u0131r.<\/li>\n<\/ul>\n<h4><\/h4>\n<div style=\"margin-top: 4rem;\">\n<h4 class=\"content-title\">Tahkim Maddenizi \u00d6zelle\u015ftirin<\/h4>\n<p>                    <iframe src=\"https:\/\/istac.org.tr\/tahkim_robotu.html\" style=\"border:0; width:100% ; height: 600px;\" ><\/iframe>    <\/div>\n","protected":false},"excerpt":{"rendered":"<p>Bu s\u00f6zle\u015fmeden kaynaklanan veya bu s\u00f6zle\u015fmeyle ili\u015fkili olan t\u00fcm uyu\u015fmazl\u0131klar, \u0130stanbul Tahkim Merkezi Tahkim Kurallar\u0131 uyar\u0131nca nihai olarak tahkim yoluyla \u00e7\u00f6z\u00fcmlenecektir. A\u015fa\u011f\u0131daki h\u00fck\u00fcmler, \u00f6rnek tahkim \u015fart\u0131na eklenebilir: Acil Durum Hakemine \u0130li\u015fkin Kurallar uygulanmaz. Tahkim yeri (\u015eehir \/ \u00dclke)\u2019dir. Tahkim dili (\u2026)\u2019dir. Hakem say\u0131s\u0131 (\u2026) olacakt\u0131r. Uyu\u015fmazl\u0131\u011f\u0131n esas\u0131na (\u2026) hukuku uygulan\u0131r. Tahkim Maddenizi \u00d6zelle\u015ftirin<\/p>\n","protected":false},"author":1,"featured_media":0,"parent":24,"menu_order":3,"comment_status":"closed","ping_status":"closed","template":"","meta":[],"acf":[],"post_mailing_queue_ids":[],"_links":{"self":[{"href":"https:\/\/istac.org.tr\/tr\/wp-json\/wp\/v2\/pages\/30\/"}],"collection":[{"href":"https:\/\/istac.org.tr\/tr\/wp-json\/wp\/v2\/pages\/"}],"about":[{"href":"https:\/\/istac.org.tr\/tr\/wp-json\/wp\/v2\/types\/page\/"}],"author":[{"embeddable":true,"href":"https:\/\/istac.org.tr\/tr\/wp-json\/wp\/v2\/users\/1\/"}],"replies":[{"embeddable":true,"href":"https:\/\/istac.org.tr\/tr\/wp-json\/wp\/v2\/comments\/?post=30"}],"version-history":[{"count":11,"href":"https:\/\/istac.org.tr\/tr\/wp-json\/wp\/v2\/pages\/30\/revisions\/"}],"predecessor-version":[{"id":21250,"href":"https:\/\/istac.org.tr\/tr\/wp-json\/wp\/v2\/pages\/30\/revisions\/21250\/"}],"up":[{"embeddable":true,"href":"https:\/\/istac.org.tr\/tr\/wp-json\/wp\/v2\/pages\/24\/"}],"wp:attachment":[{"href":"https:\/\/istac.org.tr\/tr\/wp-json\/wp\/v2\/media\/?parent=30"}],"curies":[{"name":"wp","href":"https:\/\/api.w.org\/{rel}","templated":true}]}}