{"id":26,"date":"2015-12-30T17:52:56","date_gmt":"2015-12-30T15:52:56","guid":{"rendered":"http:\/\/localhost\/istac\/?page_id=26"},"modified":"2016-02-10T14:50:57","modified_gmt":"2016-02-10T12:50:57","slug":"tahkim-kurallari","status":"publish","type":"page","link":"https:\/\/istac.org.tr\/tr\/uyusmazlik-cozumu\/tahkim\/tahkim-kurallari\/","title":{"rendered":"Tahkim Kurallar\u0131"},"content":{"rendered":"<p><a href=\"http:\/\/istac.org.tr\/wp-content\/uploads\/2016\/01\/\u0130STANBUL-TAHK\u0130M-MERKEZ\u0130-TAHK\u0130M-KURALLARI.pdf\" class=\"download\" target=\"_blank\">\u0130ndirmek i\u00e7in t\u0131klay\u0131n\u0131z.<\/a><\/p>\n","protected":false},"excerpt":{"rendered":"<p>\u0130ndirmek i\u00e7in t\u0131klay\u0131n\u0131z.<\/p>\n","protected":false},"author":1,"featured_media":0,"parent":24,"menu_order":1,"comment_status":"closed","ping_status":"closed","template":"","meta":[],"acf":[],"post_mailing_queue_ids":[],"_links":{"self":[{"href":"https:\/\/istac.org.tr\/tr\/wp-json\/wp\/v2\/pages\/26\/"}],"collection":[{"href":"https:\/\/istac.org.tr\/tr\/wp-json\/wp\/v2\/pages\/"}],"about":[{"href":"https:\/\/istac.org.tr\/tr\/wp-json\/wp\/v2\/types\/page\/"}],"author":[{"embeddable":true,"href":"https:\/\/istac.org.tr\/tr\/wp-json\/wp\/v2\/users\/1\/"}],"replies":[{"embeddable":true,"href":"https:\/\/istac.org.tr\/tr\/wp-json\/wp\/v2\/comments\/?post=26"}],"version-history":[{"count":7,"href":"https:\/\/istac.org.tr\/tr\/wp-json\/wp\/v2\/pages\/26\/revisions\/"}],"predecessor-version":[{"id":1179,"href":"https:\/\/istac.org.tr\/tr\/wp-json\/wp\/v2\/pages\/26\/revisions\/1179\/"}],"up":[{"embeddable":true,"href":"https:\/\/istac.org.tr\/tr\/wp-json\/wp\/v2\/pages\/24\/"}],"wp:attachment":[{"href":"https:\/\/istac.org.tr\/tr\/wp-json\/wp\/v2\/media\/?parent=26"}],"curies":[{"name":"wp","href":"https:\/\/api.w.org\/{rel}","templated":true}]}}