{"id":24282,"date":"2026-04-22T16:06:24","date_gmt":"2026-04-22T13:06:24","guid":{"rendered":"https:\/\/istac.org.tr\/?page_id=24282"},"modified":"2026-04-22T17:50:07","modified_gmt":"2026-04-22T14:50:07","slug":"ozu-x-gelecegin-tahkim-avukati-yarismasi-pre-moot","status":"publish","type":"page","link":"https:\/\/istac.org.tr\/tr\/genc-istac\/ozu-x-gelecegin-tahkim-avukati-yarismasi-pre-moot\/","title":{"rendered":"\u00d6z\u00dc X. Gelece\u011fin Tahkim Avukat\u0131 Yar\u0131\u015fmas\u0131 Pre-Moot"},"content":{"rendered":"<div>\r\n<style type=\"text\/css\">\r\n.button_wrapper_id_24283{\r\n\tmargin-top: 10px!important;\r\n\tmargin-right: 10px!important;\r\n\tmargin-bottom: 10px!important;\r\n\tmargin-left: 10px!important;\r\n\tdisplay: inline-block;}\r\n.button_container_id_24283{\r\n\twidth: 140px!important;\t\r\n\ttext-align: center!important;\r\n\tmargin: 0 auto!important;\t\r\n}\r\n\r\n.wd_button_24283{\r\n\tline-height: 1.42857143;\r\n\ttext-decoration: none!important;\r\n\tdisplay: inline-block;\r\n\tborder-bottom: none;\t\r\n\twidth: 140px!important;\r\n\theight: 45px;\r\n\tpadding-top: 10px!important;\r\n\tpadding-right: 10px!important;\r\n\tpadding-bottom: 10px!important;\r\n\tpadding-left: 10px!important;\r\n\tcolor: #ffffff!important;\t\r\n\tfont-size: 20px!important;\r\n\tfont-weight: ;\r\n\tfont-style: ;\r\n\ttext-align: center;\r\n\r\n\t\t\tborder-top-left-radius: 10px;\r\n\t\tborder-top-right-radius: 10px;\r\n\t\tborder-bottom-left-radius:  10px;\r\n\t\tborder-bottom-right-radius: 10px;\r\n\t\t\r\n\t\t\t\t\t\t\tborder-style: solid;\r\n\t\t\t\tborder-width: 1px;\r\n\t\t\t\tborder-color: #1e73be;\r\n\t\t\t\t\t\t\t\ttext-shadow:0px 0px 0px #ffffff;\r\n\r\n\r\n\t\t\t\t-webkit-box-shadow: 0px 0px 0px #b5b5b5;\r\n\t\t\t\t-moz-box-shadow: 0px 0px 0px #b5b5b5;\r\n\t\t\t\tbox-shadow: 0px 0px 0px #b5b5b5;\r\n\r\n\r\n\t\t\t\tbackground: -webkit-gradient(linear, left top, left bottom, color-stop(45%, rgba(30,115,190,1)), color-stop(1, rgba(30,115,190,1)));\r\n\t\t\t\tbackground: -moz-linear-gradient(rgba(30,115,190,1) 45%, rgba(30,115,190,1));\r\n\t\t\t\tbackground: -o-linear-gradient(rgba(30,115,190,1) 45%, rgba(30,115,190,1));\r\n\t\t\t\tbackground: linear-gradient(rgba(30,115,190,1) 45%, rgba(30,115,190,1));\r\n\t\t\t\twebkit-transition: all 0.3s;\r\n\t\t\t\t-moz-transition: all 0.3s;\r\n\t\t\t\ttransition: all 0.3s;\r\n\t\t\t}\r\n\r\n\t\t\t\r\n\r\n\t\t\t\t.wd_button_24283:hover{\r\n\t\t\t\t\tcolor: #1e73be!important;\r\n\t\t\t\t\ttext-shadow:0px 0px 0px #ffffff;\r\n\t\t\t\t\ttext-shadow-color:#ffffff;\t\r\n\t\t\t\t\tborder-color: #1e73be;\r\n\t\t\t\t\t-webkit-box-shadow: 0px 0px 0px #b5b5b5;\r\n\t\t\t\t\t-moz-box-shadow: 0px 0px 0px #b5b5b5;\r\n\t\t\t\t\tbox-shadow: 0px 0px 0px #b5b5b5;\r\n\r\n\t\t\t\t\t\t\t\t\t\t\tbackground: -webkit-gradient(linear, left top, left bottom, color-stop(45%, rgba(255,255,255,1)), color-stop(1, rgba(255,255,255,1)));\r\n\t\t\t\t\t\tbackground: -moz-linear-gradient(rgba(255,255,255,1) 45%, rgba(255,255,255,1));\r\n\t\t\t\t\t\tbackground: -o-linear-gradient(rgba(255,255,255,1) 45%, rgba(255,255,255,1));\r\n\t\t\t\t\t\tbackground: linear-gradient(rgba(255,255,255,1) 45%, rgba(255,255,255,1));\r\n\t\t\t\t\t\t\r\n\r\n\t\t\t\t\t\twebkit-transition: all 0.3s;\r\n\t\t\t\t\t\t-moz-transition: all 0.3s;\r\n\t\t\t\t\t\ttransition: all 0.3s;\r\n\t\t\t\t\t}\r\n\t\t\t\t\t<\/style>\r\n<style type=\"text\/css\">\r\n<\/style>\r\n<div class=\"button_wrapper_id_24283\">\r\n\t<div class=\"button_container button_container_id_24283\">\t\r\n\t\t<a href=\"https:\/\/forms.gle\/N5HLvnAwnyc5k6op6\" target=\"_blank\" id=\"wd_button\" class=\"wd-hvr-simple wd_button_24283 \"  >Tak\u0131m Kayd\u0131<\/a>\t\r\n\t\t<div class=\"clear_fix\"><\/div>\r\n\t<\/div>\r\n<\/div><\/div>\n<div>\r\n<style type=\"text\/css\">\r\n.button_wrapper_id_24285{\r\n\tmargin-top: 10px!important;\r\n\tmargin-right: 10px!important;\r\n\tmargin-bottom: 10px!important;\r\n\tmargin-left: 10px!important;\r\n\tdisplay: inline-block;}\r\n.button_container_id_24285{\r\n\twidth: 140px!important;\t\r\n\ttext-align: center!important;\r\n\tmargin: 0 auto!important;\t\r\n}\r\n\r\n.wd_button_24285{\r\n\tline-height: 1.42857143;\r\n\ttext-decoration: none!important;\r\n\tdisplay: inline-block;\r\n\tborder-bottom: none;\t\r\n\twidth: 140px!important;\r\n\theight: 45px;\r\n\tpadding-top: 10px!important;\r\n\tpadding-right: 10px!important;\r\n\tpadding-bottom: 10px!important;\r\n\tpadding-left: 10px!important;\r\n\tcolor: #ffffff!important;\t\r\n\tfont-size: 20px!important;\r\n\tfont-weight: ;\r\n\tfont-style: ;\r\n\ttext-align: center;\r\n\r\n\t\t\tborder-top-left-radius: 10px;\r\n\t\tborder-top-right-radius: 10px;\r\n\t\tborder-bottom-left-radius:  10px;\r\n\t\tborder-bottom-right-radius: 10px;\r\n\t\t\r\n\t\t\t\t\t\t\tborder-style: solid;\r\n\t\t\t\tborder-width: 1px;\r\n\t\t\t\tborder-color: #1e73be;\r\n\t\t\t\t\t\t\t\ttext-shadow:0px 0px 0px #ffffff;\r\n\r\n\r\n\t\t\t\t-webkit-box-shadow: 0px 0px 0px #b5b5b5;\r\n\t\t\t\t-moz-box-shadow: 0px 0px 0px #b5b5b5;\r\n\t\t\t\tbox-shadow: 0px 0px 0px #b5b5b5;\r\n\r\n\r\n\t\t\t\tbackground: -webkit-gradient(linear, left top, left bottom, color-stop(45%, rgba(30,115,190,1)), color-stop(1, rgba(30,115,190,1)));\r\n\t\t\t\tbackground: -moz-linear-gradient(rgba(30,115,190,1) 45%, rgba(30,115,190,1));\r\n\t\t\t\tbackground: -o-linear-gradient(rgba(30,115,190,1) 45%, rgba(30,115,190,1));\r\n\t\t\t\tbackground: linear-gradient(rgba(30,115,190,1) 45%, rgba(30,115,190,1));\r\n\t\t\t\twebkit-transition: all 0.3s;\r\n\t\t\t\t-moz-transition: all 0.3s;\r\n\t\t\t\ttransition: all 0.3s;\r\n\t\t\t}\r\n\r\n\t\t\t\r\n\r\n\t\t\t\t.wd_button_24285:hover{\r\n\t\t\t\t\tcolor: #1e73be!important;\r\n\t\t\t\t\ttext-shadow:0px 0px 0px #ffffff;\r\n\t\t\t\t\ttext-shadow-color:#ffffff;\t\r\n\t\t\t\t\tborder-color: #1e73be;\r\n\t\t\t\t\t-webkit-box-shadow: 0px 0px 0px #b5b5b5;\r\n\t\t\t\t\t-moz-box-shadow: 0px 0px 0px #b5b5b5;\r\n\t\t\t\t\tbox-shadow: 0px 0px 0px #b5b5b5;\r\n\r\n\t\t\t\t\t\t\t\t\t\t\tbackground: -webkit-gradient(linear, left top, left bottom, color-stop(45%, rgba(255,255,255,1)), color-stop(1, rgba(255,255,255,1)));\r\n\t\t\t\t\t\tbackground: -moz-linear-gradient(rgba(255,255,255,1) 45%, rgba(255,255,255,1));\r\n\t\t\t\t\t\tbackground: -o-linear-gradient(rgba(255,255,255,1) 45%, rgba(255,255,255,1));\r\n\t\t\t\t\t\tbackground: linear-gradient(rgba(255,255,255,1) 45%, rgba(255,255,255,1));\r\n\t\t\t\t\t\t\r\n\r\n\t\t\t\t\t\twebkit-transition: all 0.3s;\r\n\t\t\t\t\t\t-moz-transition: all 0.3s;\r\n\t\t\t\t\t\ttransition: all 0.3s;\r\n\t\t\t\t\t}\r\n\t\t\t\t\t<\/style>\r\n<style type=\"text\/css\">\r\n<\/style>\r\n<div class=\"button_wrapper_id_24285\">\r\n\t<div class=\"button_container button_container_id_24285\">\t\r\n\t\t<a href=\"https:\/\/forms.gle\/pNwmayEyyLXcpRUo7\" target=\"_blank\" id=\"wd_button\" class=\"wd-hvr-simple wd_button_24285 \"  >Hakem Kayd\u0131<\/a>\t\r\n\t\t<div class=\"clear_fix\"><\/div>\r\n\t<\/div>\r\n<\/div><\/div>\n<div><\/div>\n<p>\u00d6zye\u011fin \u00dcniversitesi taraf\u0131ndan d\u00fczenlenen Gen\u00e7 ISTAC X. Gelece\u011fin Tahkim Avukat\u0131 Yar\u0131\u015fmas\u0131 Pre-Moot\u00a0etkinli\u011finin duyurusunu yapmaktan memnuniyet duyar\u0131z.<\/p>\n<p>\u00d6z\u00dc X. GTAY Pre-Moot, \u00d6zye\u011fin \u00dcniversitesi Hukuk Fak\u00fcltesi \u00c7ekmek\u00f6y Ni\u015fantepe Kamp\u00fcs\u00fc\u2019nde 2 May\u0131s 2026 Cumartesi\u00a0g\u00fcn\u00fc y\u00fcz y\u00fcze\u00a0(08.30\u201318.00), 3 May\u0131s 2026 Pazar\u00a0g\u00fcn\u00fc ise Zoom \u00fczerinden \u00e7evrim i\u00e7i\u00a0(08.30\u201318.00) olarak ger\u00e7ekle\u015ftirilecektir. Her iki g\u00fcn\u00fcn de\u011ferlendirmesi ayr\u0131 ayr\u0131 yap\u0131lacakt\u0131r.<\/p>\n<div><\/div>\n<p>X. GTAY Tahkim A\u015famas\u0131 kapsam\u0131nda dava ve cevap dilek\u00e7elerini sunarak 9\u201310 May\u0131s 2026\u00a0tarihlerinde g\u00f6r\u00fclecek duru\u015fmalara kat\u0131lmaya hak kazanan tak\u0131mlar, \u00d6z\u00dc X. GTAY Pre-Moot\u00a0etkinli\u011fine kat\u0131l\u0131m sa\u011flayabilecektir.<\/p>\n<div><\/div>\n<p>Yo\u011fun kat\u0131l\u0131m beklentisi nedeniyle; y\u00fcz y\u00fcze\u00a0Pre-Moot\u2019a ba\u015fvuran ilk 16 tak\u0131m\u00a0ve \u00e7evrim i\u00e7i\u00a0Pre-Moot\u2019a\u00a0ba\u015fvuran ilk 16 tak\u0131m\u00a0kabul edilecektir.<\/p>\n<p>Pre-Moot&#8217;a 26 Nisan 2026 Pazar g\u00fcn\u00fc saat 18.00&#8217;a kadar ba\u015fvuru yap\u0131labilecektir.<\/p>\n<p>&nbsp;<\/p>\n<div><\/div>\n<p><img loading=\"lazy\" class=\"aligncenter wp-image-24286\" src=\"https:\/\/istac.org.tr\/wp-content\/uploads\/2026\/04\/PRE-MOOT-AFI\u0307S\u0327-1-212x300.png\" alt=\"\" width=\"372\" height=\"526\" srcset=\"https:\/\/istac.org.tr\/wp-content\/uploads\/2026\/04\/PRE-MOOT-AFI\u0307S\u0327-1-212x300.png 212w, https:\/\/istac.org.tr\/wp-content\/uploads\/2026\/04\/PRE-MOOT-AFI\u0307S\u0327-1-724x1024.png 724w, https:\/\/istac.org.tr\/wp-content\/uploads\/2026\/04\/PRE-MOOT-AFI\u0307S\u0327-1-768x1086.png 768w, https:\/\/istac.org.tr\/wp-content\/uploads\/2026\/04\/PRE-MOOT-AFI\u0307S\u0327-1-1086x1536.png 1086w, https:\/\/istac.org.tr\/wp-content\/uploads\/2026\/04\/PRE-MOOT-AFI\u0307S\u0327-1-1448x2048.png 1448w, https:\/\/istac.org.tr\/wp-content\/uploads\/2026\/04\/PRE-MOOT-AFI\u0307S\u0327-1.png 1587w\" sizes=\"(max-width: 372px) 100vw, 372px\" \/><\/p>\n","protected":false},"excerpt":{"rendered":"<p>\u00d6zye\u011fin \u00dcniversitesi taraf\u0131ndan d\u00fczenlenen Gen\u00e7 ISTAC X. Gelece\u011fin Tahkim Avukat\u0131 Yar\u0131\u015fmas\u0131 Pre-Moot\u00a0etkinli\u011finin duyurusunu yapmaktan memnuniyet duyar\u0131z. \u00d6z\u00dc X. GTAY Pre-Moot, \u00d6zye\u011fin \u00dcniversitesi Hukuk Fak\u00fcltesi \u00c7ekmek\u00f6y Ni\u015fantepe Kamp\u00fcs\u00fc\u2019nde 2 May\u0131s 2026 Cumartesi\u00a0g\u00fcn\u00fc y\u00fcz y\u00fcze\u00a0(08.30\u201318.00), 3 May\u0131s 2026 Pazar\u00a0g\u00fcn\u00fc ise Zoom \u00fczerinden \u00e7evrim i\u00e7i\u00a0(08.30\u201318.00) olarak ger\u00e7ekle\u015ftirilecektir. Her iki g\u00fcn\u00fcn de\u011ferlendirmesi ayr\u0131 ayr\u0131 yap\u0131lacakt\u0131r. X. GTAY Tahkim A\u015famas\u0131<a href=\"https:\/\/istac.org.tr\/tr\/genc-istac\/ozu-x-gelecegin-tahkim-avukati-yarismasi-pre-moot\/\">[&#8230;]<\/a><\/p>\n","protected":false},"author":1,"featured_media":0,"parent":13,"menu_order":6,"comment_status":"closed","ping_status":"closed","template":"","meta":[],"acf":[],"post_mailing_queue_ids":[],"_links":{"self":[{"href":"https:\/\/istac.org.tr\/tr\/wp-json\/wp\/v2\/pages\/24282\/"}],"collection":[{"href":"https:\/\/istac.org.tr\/tr\/wp-json\/wp\/v2\/pages\/"}],"about":[{"href":"https:\/\/istac.org.tr\/tr\/wp-json\/wp\/v2\/types\/page\/"}],"author":[{"embeddable":true,"href":"https:\/\/istac.org.tr\/tr\/wp-json\/wp\/v2\/users\/1\/"}],"replies":[{"embeddable":true,"href":"https:\/\/istac.org.tr\/tr\/wp-json\/wp\/v2\/comments\/?post=24282"}],"version-history":[{"count":6,"href":"https:\/\/istac.org.tr\/tr\/wp-json\/wp\/v2\/pages\/24282\/revisions\/"}],"predecessor-version":[{"id":24293,"href":"https:\/\/istac.org.tr\/tr\/wp-json\/wp\/v2\/pages\/24282\/revisions\/24293\/"}],"up":[{"embeddable":true,"href":"https:\/\/istac.org.tr\/tr\/wp-json\/wp\/v2\/pages\/13\/"}],"wp:attachment":[{"href":"https:\/\/istac.org.tr\/tr\/wp-json\/wp\/v2\/media\/?parent=24282"}],"curies":[{"name":"wp","href":"https:\/\/api.w.org\/{rel}","templated":true}]}}