{"id":24,"date":"2015-12-30T17:52:30","date_gmt":"2015-12-30T15:52:30","guid":{"rendered":"http:\/\/localhost\/istac\/?page_id=24"},"modified":"2016-01-05T13:15:58","modified_gmt":"2016-01-05T11:15:58","slug":"tahkim","status":"publish","type":"page","link":"https:\/\/istac.org.tr\/tr\/uyusmazlik-cozumu\/tahkim\/","title":{"rendered":"Tahkim"},"content":{"rendered":"<p>Tahkim, taraflar aras\u0131ndaki uyu\u015fmazl\u0131klar\u0131n devlet mahkemeleri yerine hakem ad\u0131 verilen kimseler arac\u0131l\u0131\u011f\u0131 ile nihai olarak \u00e7\u00f6z\u00fcmlenmesidir.<\/p>\n<p>\u0130stanbul Tahkim Merkezi, gerek T\u00fcrkiye\u2019deki gerekse yurtd\u0131\u015f\u0131ndaki ticari akt\u00f6rler aras\u0131ndaki uyu\u015fmazl\u0131klar\u0131n kurumsal tahkim yoluyla ba\u011flay\u0131c\u0131, nihai ve icra edilebilir olarak \u00e7\u00f6z\u00fcmlenmesi i\u00e7in yarg\u0131lama hizmeti sunmaktad\u0131r. Taraflar\u0131n, aralar\u0131ndaki do\u011fmu\u015f veya do\u011fabilecek uyu\u015fmazl\u0131klar\u0131n \u0130stanbul Tahkim Merkezi Tahkim Kurallar\u0131 uyar\u0131nca tahkimde \u00e7\u00f6z\u00fcmlenece\u011fi hakk\u0131nda anla\u015fmalar\u0131 yeterlidir.<\/p>\n<p>\u0130stanbul Tahkim Merkezi,<b> <\/b>ticari hayat\u0131n ihtiya\u00e7lar\u0131na cevap veren,<\/p>\n<ul>\n<li>h\u0131zl\u0131<\/li>\n<li>uzmanla\u015fm\u0131\u015f<\/li>\n<li>esnek<\/li>\n<li>devlet mahkemelerine g\u00f6re \u00e7ok daha az masrafl\u0131 bir yarg\u0131lama hizmeti sunmaktad\u0131r.<\/li>\n<\/ul>\n<p>\u0130stanbul Tahkim Merkezi Tahkimi, uyu\u015fmazl\u0131klar\u0131n devlet mahkemelerine g\u00f6re daha h\u0131zl\u0131 ve etkin bir \u015fekilde \u00e7\u00f6z\u00fcmlenmesini sa\u011flar. \u0130stanbul Tahkim Merkezi Tahkimi sonucunda verilen hakem kararlar\u0131, t\u0131pk\u0131 mahkeme kararlar\u0131 gibi icra daireleri vas\u0131tas\u0131yla icra edilirler. Hakem kararlar\u0131n\u0131n, temyize gidilmeksizin derhal icras\u0131 s\u00f6z konusudur.<\/p>\n<p>\u0130stanbul Tahkim Merkezi Tahkimi, sat\u0131m, da\u011f\u0131t\u0131m, in\u015faat, finans, \u015firketler hukuku gibi taraflar aras\u0131ndaki uyu\u015fmazl\u0131\u011f\u0131n do\u011fdu\u011fu alanda uzmanla\u015fm\u0131\u015f, hakem ad\u0131 verilen ki\u015fi veya ki\u015filerce \u00e7\u00f6z\u00fcmlenmesini sa\u011flamaktad\u0131r. Taraflar, uzman hakem veya hakemleri serbest\u00e7e se\u00e7ebilirler.<\/p>\n<p>\u0130stanbul Tahkim Merkezi Tahkimi, devlet mahkemelerinden daha esnek bir yarg\u0131lama hizmeti sunmaktad\u0131r. Tahkim usul\u00fc, taraflarca ve hakemlerce, uyu\u015fmazl\u0131\u011f\u0131n \u00f6zelli\u011fine g\u00f6re, taraflar\u0131n adil yarg\u0131lanma hakk\u0131 ihlal edilmeden \u015fekillendirilebilir. B\u00f6ylelikle uyu\u015fmazl\u0131\u011f\u0131n \u00e7ok daha ayr\u0131nt\u0131l\u0131 bir \u015fekilde ele al\u0131narak, \u00e7ok daha iyi bir \u015fekilde a\u00e7\u0131kl\u0131\u011fa kavu\u015fturulmas\u0131 sa\u011flanabilir. \u0130stanbul Tahkim Merkezi Tahkim Kurallar\u0131 usuli zaman \u00e7izelgesi sayesinde taraflara her a\u015famas\u0131 \u00f6ng\u00f6r\u00fclebilen bir yarg\u0131lama sunar.<\/p>\n<p>\u0130stanbul Tahkim Merkezi Tahkimi, devlet yarg\u0131s\u0131ndan farkl\u0131 olarak aleni de\u011fildir. B\u00f6ylelikle tahkimle ilgisi olmayan ki\u015filerin, uyu\u015fmazl\u0131k ve uyu\u015fmazl\u0131\u011f\u0131n neticesi hakk\u0131nda bilgi sahibi olmalar\u0131 engellenebilir.<\/p>\n<p>\u0130stanbul Tahkim Merkezi Tahkimi, uyu\u015fmazl\u0131klar\u0131n devlet mahkemelerine g\u00f6re \u00e7ok daha az masrafla \u00e7\u00f6z\u00fcmlenmesini sa\u011flar. \u0130stanbul Tahkim Merkezi Tahkim Kurallar\u0131na g\u00f6re verilen hakem kararlar\u0131, \u0130stanbul Tahkim Merkezi Tahkim Divan\u0131\u2019n\u0131n onay\u0131na sunulmaz.<\/p>\n<p>UNCITRAL Model Kanunu uyar\u0131nca haz\u0131rlanm\u0131\u015f 4686 say\u0131l\u0131 Milletleraras\u0131 Tahkim Kanunu ile 1958 tarihli New York S\u00f6zle\u015fmesi ve 1961 tarihli Cenevre-Avrupa S\u00f6zle\u015fmesi\u2019ne taraf olan T\u00fcrkiye, milletleraras\u0131 bir tahkim i\u00e7in gerekli t\u00fcm hukuki d\u00fczenlemelere sahiptir.<\/p>\n","protected":false},"excerpt":{"rendered":"<p>Tahkim, taraflar aras\u0131ndaki uyu\u015fmazl\u0131klar\u0131n devlet mahkemeleri yerine hakem ad\u0131 verilen kimseler arac\u0131l\u0131\u011f\u0131 ile nihai olarak \u00e7\u00f6z\u00fcmlenmesidir. \u0130stanbul Tahkim Merkezi, gerek T\u00fcrkiye\u2019deki gerekse yurtd\u0131\u015f\u0131ndaki ticari akt\u00f6rler aras\u0131ndaki uyu\u015fmazl\u0131klar\u0131n kurumsal tahkim yoluyla ba\u011flay\u0131c\u0131, nihai ve icra edilebilir olarak \u00e7\u00f6z\u00fcmlenmesi i\u00e7in yarg\u0131lama hizmeti sunmaktad\u0131r. Taraflar\u0131n, aralar\u0131ndaki do\u011fmu\u015f veya do\u011fabilecek uyu\u015fmazl\u0131klar\u0131n \u0130stanbul Tahkim Merkezi Tahkim Kurallar\u0131 uyar\u0131nca tahkimde \u00e7\u00f6z\u00fcmlenece\u011fi<a href=\"https:\/\/istac.org.tr\/tr\/uyusmazlik-cozumu\/tahkim\/\">[&#8230;]<\/a><\/p>\n","protected":false},"author":1,"featured_media":0,"parent":7,"menu_order":1,"comment_status":"closed","ping_status":"closed","template":"","meta":[],"acf":[],"post_mailing_queue_ids":[],"_links":{"self":[{"href":"https:\/\/istac.org.tr\/tr\/wp-json\/wp\/v2\/pages\/24\/"}],"collection":[{"href":"https:\/\/istac.org.tr\/tr\/wp-json\/wp\/v2\/pages\/"}],"about":[{"href":"https:\/\/istac.org.tr\/tr\/wp-json\/wp\/v2\/types\/page\/"}],"author":[{"embeddable":true,"href":"https:\/\/istac.org.tr\/tr\/wp-json\/wp\/v2\/users\/1\/"}],"replies":[{"embeddable":true,"href":"https:\/\/istac.org.tr\/tr\/wp-json\/wp\/v2\/comments\/?post=24"}],"version-history":[{"count":2,"href":"https:\/\/istac.org.tr\/tr\/wp-json\/wp\/v2\/pages\/24\/revisions\/"}],"predecessor-version":[{"id":172,"href":"https:\/\/istac.org.tr\/tr\/wp-json\/wp\/v2\/pages\/24\/revisions\/172\/"}],"up":[{"embeddable":true,"href":"https:\/\/istac.org.tr\/tr\/wp-json\/wp\/v2\/pages\/7\/"}],"wp:attachment":[{"href":"https:\/\/istac.org.tr\/tr\/wp-json\/wp\/v2\/media\/?parent=24"}],"curies":[{"name":"wp","href":"https:\/\/api.w.org\/{rel}","templated":true}]}}