{"id":23955,"date":"2025-11-10T14:55:53","date_gmt":"2025-11-10T11:55:53","guid":{"rendered":"https:\/\/istac.org.tr\/?page_id=23955"},"modified":"2025-11-11T16:30:39","modified_gmt":"2025-11-11T13:30:39","slug":"istac-tahkim-kurallari-egitimi","status":"publish","type":"page","link":"https:\/\/istac.org.tr\/tr\/genc-istac\/istac-tahkim-kurallari-egitimi\/","title":{"rendered":"ISTAC Tahkim Kurallar\u0131 E\u011fitimi"},"content":{"rendered":"<p style=\"text-align: center;\">\r\n<style type=\"text\/css\">\r\n.button_wrapper_id_23960{\r\n\tmargin-top: 10px!important;\r\n\tmargin-right: 10px!important;\r\n\tmargin-bottom: 10px!important;\r\n\tmargin-left: 10px!important;\r\n\tdisplay: inline-block;}\r\n.button_container_id_23960{\r\n\twidth: 140px!important;\t\r\n\ttext-align: center!important;\r\n\tmargin: 0 auto!important;\t\r\n}\r\n\r\n.wd_button_23960{\r\n\tline-height: 1.42857143;\r\n\ttext-decoration: none!important;\r\n\tdisplay: inline-block;\r\n\tborder-bottom: none;\t\r\n\twidth: 300px!important;\r\n\theight: 45px;\r\n\tpadding-top: 10px!important;\r\n\tpadding-right: 10px!important;\r\n\tpadding-bottom: 10px!important;\r\n\tpadding-left: 10px!important;\r\n\tcolor: #ffffff!important;\t\r\n\tfont-size: 20px!important;\r\n\tfont-weight: ;\r\n\tfont-style: ;\r\n\ttext-align: center;\r\n\r\n\t\t\tborder-top-left-radius: 10px;\r\n\t\tborder-top-right-radius: 10px;\r\n\t\tborder-bottom-left-radius:  10px;\r\n\t\tborder-bottom-right-radius: 10px;\r\n\t\t\r\n\t\t\t\t\t\t\tborder-style: solid;\r\n\t\t\t\tborder-width: 1px;\r\n\t\t\t\tborder-color: #004f71;\r\n\t\t\t\t\t\t\t\ttext-shadow:0px 0px 0px #ffffff;\r\n\r\n\r\n\t\t\t\t-webkit-box-shadow: 0px 0px 0px #b5b5b5;\r\n\t\t\t\t-moz-box-shadow: 0px 0px 0px #b5b5b5;\r\n\t\t\t\tbox-shadow: 0px 0px 0px #b5b5b5;\r\n\r\n\r\n\t\t\t\tbackground: -webkit-gradient(linear, left top, left bottom, color-stop(45%, rgba(0,79,113,1)), color-stop(1, rgba(0,79,113,1)));\r\n\t\t\t\tbackground: -moz-linear-gradient(rgba(0,79,113,1) 45%, rgba(0,79,113,1));\r\n\t\t\t\tbackground: -o-linear-gradient(rgba(0,79,113,1) 45%, rgba(0,79,113,1));\r\n\t\t\t\tbackground: linear-gradient(rgba(0,79,113,1) 45%, rgba(0,79,113,1));\r\n\t\t\t\twebkit-transition: all 0.3s;\r\n\t\t\t\t-moz-transition: all 0.3s;\r\n\t\t\t\ttransition: all 0.3s;\r\n\t\t\t}\r\n\r\n\t\t\t\r\n\r\n\t\t\t\t.wd_button_23960:hover{\r\n\t\t\t\t\tcolor: #004f71!important;\r\n\t\t\t\t\ttext-shadow:0px 0px 0px #ffffff;\r\n\t\t\t\t\ttext-shadow-color:#ffffff;\t\r\n\t\t\t\t\tborder-color: #004f71;\r\n\t\t\t\t\t-webkit-box-shadow: 0px 0px 0px #b5b5b5;\r\n\t\t\t\t\t-moz-box-shadow: 0px 0px 0px #b5b5b5;\r\n\t\t\t\t\tbox-shadow: 0px 0px 0px #b5b5b5;\r\n\r\n\t\t\t\t\t\t\t\t\t\t\tbackground: -webkit-gradient(linear, left top, left bottom, color-stop(45%, rgba(255,255,255,1)), color-stop(1, rgba(255,255,255,1)));\r\n\t\t\t\t\t\tbackground: -moz-linear-gradient(rgba(255,255,255,1) 45%, rgba(255,255,255,1));\r\n\t\t\t\t\t\tbackground: -o-linear-gradient(rgba(255,255,255,1) 45%, rgba(255,255,255,1));\r\n\t\t\t\t\t\tbackground: linear-gradient(rgba(255,255,255,1) 45%, rgba(255,255,255,1));\r\n\t\t\t\t\t\t\r\n\r\n\t\t\t\t\t\twebkit-transition: all 0.3s;\r\n\t\t\t\t\t\t-moz-transition: all 0.3s;\r\n\t\t\t\t\t\ttransition: all 0.3s;\r\n\t\t\t\t\t}\r\n\t\t\t\t\t<\/style>\r\n<style type=\"text\/css\">\r\n<\/style>\r\n<div class=\"button_wrapper_id_23960\">\r\n\t<div class=\"button_container button_container_id_23960\">\t\r\n\t\t<a href=\"https:\/\/tahkim.istac.org.tr\/core\/genc-istac-training\" target=\"_blank\" id=\"wd_button\" class=\"wd-hvr-simple wd_button_23960 \"  >Kay\u0131t<\/a>\t\r\n\t\t<div class=\"clear_fix\"><\/div>\r\n\t<\/div>\r\n<\/div><\/p>\n<p>&nbsp;<\/p>\n<h4 style=\"text-align: center;\" data-start=\"100\" data-end=\"134\">\ud83d\udce2 <strong data-start=\"103\" data-end=\"132\">ISTAC Tahkim Kurallar\u0131 E\u011fitimi<br \/>\n<\/strong>\ud83d\udccd <strong data-start=\"165\" data-end=\"186\">Levent \/ \u0130stanbul<\/strong><br data-start=\"186\" data-end=\"189\" \/>\ud83d\udcb0 <strong data-start=\"192\" data-end=\"202\">\u00dccret:<\/strong> (KDV Dahil)<br \/>\nAvukat\/Akademisyen: 1.300 TL<br \/>\n\u00d6\u011frenci\/Stajyer Avukat: 790 TL<br \/>\n\ud83c\udf93 Sertifika verilecektir<\/h4>\n<p style=\"text-align: center;\">Etkinli\u011fe \u00e7evrim i\u00e7i formatta kat\u0131lan kat\u0131l\u0131mc\u0131lar i\u00e7in Zoom ba\u011flant\u0131s\u0131 ayr\u0131ca e-posta yoluyla payla\u015f\u0131lacakt\u0131r.<\/p>\n<p><img loading=\"lazy\" class=\"aligncenter size-full wp-image-23956\" src=\"https:\/\/istac.org.tr\/wp-content\/uploads\/2025\/11\/WhatsApp-Image-2025-11-10-at-10.17.52-1.jpeg\" alt=\"\" width=\"1097\" height=\"1536\" srcset=\"https:\/\/istac.org.tr\/wp-content\/uploads\/2025\/11\/WhatsApp-Image-2025-11-10-at-10.17.52-1.jpeg 1097w, https:\/\/istac.org.tr\/wp-content\/uploads\/2025\/11\/WhatsApp-Image-2025-11-10-at-10.17.52-1-214x300.jpeg 214w, https:\/\/istac.org.tr\/wp-content\/uploads\/2025\/11\/WhatsApp-Image-2025-11-10-at-10.17.52-1-731x1024.jpeg 731w, https:\/\/istac.org.tr\/wp-content\/uploads\/2025\/11\/WhatsApp-Image-2025-11-10-at-10.17.52-1-768x1075.jpeg 768w\" sizes=\"(max-width: 1097px) 100vw, 1097px\" \/><\/p>\n<div id=\"gtx-trans\" style=\"position: absolute; left: 244px; top: 1px;\">\n<div class=\"gtx-trans-icon\"><\/div>\n<\/div>\n","protected":false},"excerpt":{"rendered":"<p>&nbsp; \ud83d\udce2 ISTAC Tahkim Kurallar\u0131 E\u011fitimi \ud83d\udccd Levent \/ \u0130stanbul\ud83d\udcb0 \u00dccret: (KDV Dahil) Avukat\/Akademisyen: 1.300 TL \u00d6\u011frenci\/Stajyer Avukat: 790 TL \ud83c\udf93 Sertifika verilecektir Etkinli\u011fe \u00e7evrim i\u00e7i formatta kat\u0131lan kat\u0131l\u0131mc\u0131lar i\u00e7in Zoom ba\u011flant\u0131s\u0131 ayr\u0131ca e-posta yoluyla payla\u015f\u0131lacakt\u0131r.<\/p>\n","protected":false},"author":1,"featured_media":0,"parent":13,"menu_order":6,"comment_status":"closed","ping_status":"closed","template":"","meta":[],"acf":[],"post_mailing_queue_ids":[],"_links":{"self":[{"href":"https:\/\/istac.org.tr\/tr\/wp-json\/wp\/v2\/pages\/23955\/"}],"collection":[{"href":"https:\/\/istac.org.tr\/tr\/wp-json\/wp\/v2\/pages\/"}],"about":[{"href":"https:\/\/istac.org.tr\/tr\/wp-json\/wp\/v2\/types\/page\/"}],"author":[{"embeddable":true,"href":"https:\/\/istac.org.tr\/tr\/wp-json\/wp\/v2\/users\/1\/"}],"replies":[{"embeddable":true,"href":"https:\/\/istac.org.tr\/tr\/wp-json\/wp\/v2\/comments\/?post=23955"}],"version-history":[{"count":9,"href":"https:\/\/istac.org.tr\/tr\/wp-json\/wp\/v2\/pages\/23955\/revisions\/"}],"predecessor-version":[{"id":23967,"href":"https:\/\/istac.org.tr\/tr\/wp-json\/wp\/v2\/pages\/23955\/revisions\/23967\/"}],"up":[{"embeddable":true,"href":"https:\/\/istac.org.tr\/tr\/wp-json\/wp\/v2\/pages\/13\/"}],"wp:attachment":[{"href":"https:\/\/istac.org.tr\/tr\/wp-json\/wp\/v2\/media\/?parent=23955"}],"curies":[{"name":"wp","href":"https:\/\/api.w.org\/{rel}","templated":true}]}}