{"id":206,"date":"2016-01-04T19:35:33","date_gmt":"2016-01-04T17:35:33","guid":{"rendered":"http:\/\/localhost\/istac\/?page_id=206"},"modified":"2016-05-20T14:04:09","modified_gmt":"2016-05-20T11:04:09","slug":"basinda-biz","status":"publish","type":"page","link":"https:\/\/istac.org.tr\/tr\/haberler\/basinda-biz\/","title":{"rendered":"Bas\u0131nda Biz"},"content":{"rendered":"<ul class=\"lcp_catlist\" id=\"lcp_instance_0\"><li><a href=\"https:\/\/istac.org.tr\/tr\/25-eylul-2025-turkiyede-tahkim-ve-istac\/\">25 Eyl\u00fcl 2025- T\u00fcrkiye\u2019de Tahkim ve ISTAC<\/a><span class=\"lcp_date\">  22 Eyl\u00fcl 2025<\/span><\/li><li><a href=\"https:\/\/istac.org.tr\/tr\/gary-born-istacin-yeni-divan-uyesi-oldu\/\">Gary Born ISTAC&#8217;\u0131n yeni Divan \u00dcyesi oldu<\/a><span class=\"lcp_date\">  15 A\u011fustos 2023<\/span><\/li><li><a href=\"https:\/\/istac.org.tr\/tr\/corona-virus-kosullarinda-online-tahkim\/\">Corona Vir\u00fcs Ko\u015fullar\u0131nda Online Tahkim<\/a><span class=\"lcp_date\">  25 Nisan 2020<\/span><\/li><li><a href=\"https:\/\/istac.org.tr\/tr\/istanbul-tahkim-merkezinden-dunyada-bir-ilk-istac-cevrimici-durusma-usul-ve-esaslari\/\">\u0130stanbul Tahkim Merkezi\u2019nden d\u00fcnyada bir ilk &#8211; &#8220;ISTAC \u00c7evrimi\u00e7i Duru\u015fma Usul ve Esaslar\u0131&#8221;<\/a><span class=\"lcp_date\">  24 Nisan 2020<\/span><\/li><li><a href=\"https:\/\/istac.org.tr\/tr\/istac-baskani-prof-dr-ziya-akinci-ekoturk-tv-canli-yayinda-sorulari-yanitladi\/\">ISTAC Ba\u015fkan\u0131 Prof. Dr. Ziya Ak\u0131nc\u0131, EKOT\u00dcRK TV Canl\u0131 Yay\u0131nda Sorular\u0131 Yan\u0131tlad\u0131<\/a><span class=\"lcp_date\">  7 \u015eubat 2020<\/span><\/li><\/ul><ul class='lcp_paginator'><li class='lcp_currentpage'>1<\/li><li><a href='https:\/\/istac.org.tr\/tr\/wp-json\/wp\/v2\/pages\/206\/?lcp_page0=2#lcp_instance_0' title='2'>2<\/a><\/li><li><a href='https:\/\/istac.org.tr\/tr\/wp-json\/wp\/v2\/pages\/206\/?lcp_page0=3#lcp_instance_0' title='3'>3<\/a><\/li><li><a href='https:\/\/istac.org.tr\/tr\/wp-json\/wp\/v2\/pages\/206\/?lcp_page0=4#lcp_instance_0' title='4'>4<\/a><\/li><li><a href='https:\/\/istac.org.tr\/tr\/wp-json\/wp\/v2\/pages\/206\/?lcp_page0=5#lcp_instance_0' title='5'>5<\/a><\/li><li><a href='https:\/\/istac.org.tr\/tr\/wp-json\/wp\/v2\/pages\/206\/?lcp_page0=6#lcp_instance_0' title='6'>6<\/a><\/li><span class='lcp_elipsis'>...<\/span><li><a href='https:\/\/istac.org.tr\/tr\/wp-json\/wp\/v2\/pages\/206\/?lcp_page0=49#lcp_instance_0' title='49'>49<\/a><\/li><li><a href='https:\/\/istac.org.tr\/tr\/wp-json\/wp\/v2\/pages\/206\/?lcp_page0=2#lcp_instance_0' title='2' class='lcp_nextlink'>>><\/a><\/li><\/ul>\n","protected":false},"excerpt":{"rendered":"","protected":false},"author":1,"featured_media":0,"parent":11,"menu_order":4,"comment_status":"closed","ping_status":"closed","template":"","meta":[],"acf":[],"post_mailing_queue_ids":[],"_links":{"self":[{"href":"https:\/\/istac.org.tr\/tr\/wp-json\/wp\/v2\/pages\/206\/"}],"collection":[{"href":"https:\/\/istac.org.tr\/tr\/wp-json\/wp\/v2\/pages\/"}],"about":[{"href":"https:\/\/istac.org.tr\/tr\/wp-json\/wp\/v2\/types\/page\/"}],"author":[{"embeddable":true,"href":"https:\/\/istac.org.tr\/tr\/wp-json\/wp\/v2\/users\/1\/"}],"replies":[{"embeddable":true,"href":"https:\/\/istac.org.tr\/tr\/wp-json\/wp\/v2\/comments\/?post=206"}],"version-history":[{"count":6,"href":"https:\/\/istac.org.tr\/tr\/wp-json\/wp\/v2\/pages\/206\/revisions\/"}],"predecessor-version":[{"id":2573,"href":"https:\/\/istac.org.tr\/tr\/wp-json\/wp\/v2\/pages\/206\/revisions\/2573\/"}],"up":[{"embeddable":true,"href":"https:\/\/istac.org.tr\/tr\/wp-json\/wp\/v2\/pages\/11\/"}],"wp:attachment":[{"href":"https:\/\/istac.org.tr\/tr\/wp-json\/wp\/v2\/media\/?parent=206"}],"curies":[{"name":"wp","href":"https:\/\/api.w.org\/{rel}","templated":true}]}}