{"id":204,"date":"2016-01-04T19:35:22","date_gmt":"2016-01-04T17:35:22","guid":{"rendered":"http:\/\/localhost\/istac\/?page_id=204"},"modified":"2022-02-24T15:24:08","modified_gmt":"2022-02-24T12:24:08","slug":"etkinlikler","status":"publish","type":"page","link":"https:\/\/istac.org.tr\/tr\/etkinlikler\/","title":{"rendered":"Etkinlikler"},"content":{"rendered":"<ul class=\"etkinlikul\" id=\"lcp_instance_0\"><li><a href=\"https:\/\/istac.org.tr\/tr\/15-mayis-2026-25-yilinda-milletlerarasi-tahkim-kanunu-konferansi\/\">15 May\u0131s 2026- \u201c25. Y\u0131l\u0131nda Milletleraras\u0131 Tahkim Kanunu\u201d Konferans\u0131<\/a><\/li><li><a href=\"https:\/\/istac.org.tr\/tr\/30-nisan-2026-insaat-uyusmazliklari-ve-tahkim\/\">30 Nisan 2026- \u0130n\u015faat Uyu\u015fmazl\u0131klar\u0131 ve Tahkim<\/a><\/li><li><a href=\"https:\/\/istac.org.tr\/tr\/4-5-nisan-2026-istac-tbb-tahkimde-taraf-vekilligi-egitimi\/\">4 &#8211; 5 Nisan 2026- ISTAC- TBB- Tahkimde Taraf Vekilli\u011fi E\u011fitimi<\/a><\/li><li><a href=\"https:\/\/istac.org.tr\/tr\/paris-arbitration-week-kapsaminda-duzenleyecegimiz-uluslararasi-insaat-tahkiminde-yeni-egilimler-etkinligi\/\">25 Mart 2026- Paris Arbitration Week Kapsam\u0131nda D\u00fczenleyece\u011fimiz \u201cUluslararas\u0131 \u0130n\u015faat Tahkiminde Yeni E\u011filimler\u201d Etkinli\u011fi<\/a><\/li><li><a href=\"https:\/\/istac.org.tr\/tr\/24108\/\">11-12 Nisan 2026- ISTAC- Tahkimde Hakemlik E\u011fitimi<\/a><\/li><\/ul><ul class='lcp_paginator'><li class='lcp_currentpage'>1<\/li><li><a href='https:\/\/istac.org.tr\/tr\/wp-json\/wp\/v2\/pages\/204\/?lcp_page0=2#lcp_instance_0' title='2'>2<\/a><\/li><li><a href='https:\/\/istac.org.tr\/tr\/wp-json\/wp\/v2\/pages\/204\/?lcp_page0=3#lcp_instance_0' title='3'>3<\/a><\/li><li><a href='https:\/\/istac.org.tr\/tr\/wp-json\/wp\/v2\/pages\/204\/?lcp_page0=4#lcp_instance_0' title='4'>4<\/a><\/li><li><a href='https:\/\/istac.org.tr\/tr\/wp-json\/wp\/v2\/pages\/204\/?lcp_page0=5#lcp_instance_0' title='5'>5<\/a><\/li><li><a href='https:\/\/istac.org.tr\/tr\/wp-json\/wp\/v2\/pages\/204\/?lcp_page0=6#lcp_instance_0' title='6'>6<\/a><\/li><span class='lcp_elipsis'>...<\/span><li><a href='https:\/\/istac.org.tr\/tr\/wp-json\/wp\/v2\/pages\/204\/?lcp_page0=65#lcp_instance_0' title='65'>65<\/a><\/li><li><a href='https:\/\/istac.org.tr\/tr\/wp-json\/wp\/v2\/pages\/204\/?lcp_page0=2#lcp_instance_0' title='2' class='lcp_nextlink'>>><\/a><\/li><\/ul>\n","protected":false},"excerpt":{"rendered":"","protected":false},"author":1,"featured_media":0,"parent":0,"menu_order":2,"comment_status":"closed","ping_status":"closed","template":"","meta":[],"acf":[],"post_mailing_queue_ids":[],"_links":{"self":[{"href":"https:\/\/istac.org.tr\/tr\/wp-json\/wp\/v2\/pages\/204\/"}],"collection":[{"href":"https:\/\/istac.org.tr\/tr\/wp-json\/wp\/v2\/pages\/"}],"about":[{"href":"https:\/\/istac.org.tr\/tr\/wp-json\/wp\/v2\/types\/page\/"}],"author":[{"embeddable":true,"href":"https:\/\/istac.org.tr\/tr\/wp-json\/wp\/v2\/users\/1\/"}],"replies":[{"embeddable":true,"href":"https:\/\/istac.org.tr\/tr\/wp-json\/wp\/v2\/comments\/?post=204"}],"version-history":[{"count":24,"href":"https:\/\/istac.org.tr\/tr\/wp-json\/wp\/v2\/pages\/204\/revisions\/"}],"predecessor-version":[{"id":21353,"href":"https:\/\/istac.org.tr\/tr\/wp-json\/wp\/v2\/pages\/204\/revisions\/21353\/"}],"wp:attachment":[{"href":"https:\/\/istac.org.tr\/tr\/wp-json\/wp\/v2\/media\/?parent=204"}],"curies":[{"name":"wp","href":"https:\/\/api.w.org\/{rel}","templated":true}]}}