{"id":202,"date":"2016-01-04T19:35:10","date_gmt":"2016-01-04T17:35:10","guid":{"rendered":"http:\/\/localhost\/istac\/?page_id=202"},"modified":"2016-05-20T14:11:07","modified_gmt":"2016-05-20T11:11:07","slug":"duyurular","status":"publish","type":"page","link":"https:\/\/istac.org.tr\/tr\/haberler\/duyurular\/","title":{"rendered":"Duyurular"},"content":{"rendered":"<ul class=\"etkinlikul\" id=\"lcp_instance_0\"><li><a href=\"https:\/\/istac.org.tr\/tr\/alternatif-uyusmazlik-cozumu-forumu-ve-uluslararasi-uyusmazlik-cozumu-sempozyumunu-gerceklestirdik\/\">Alternatif Uyu\u015fmazl\u0131k \u00c7\u00f6z\u00fcm\u00fc Forumu ve Uluslararas\u0131 Uyu\u015fmazl\u0131k \u00c7\u00f6z\u00fcm\u00fc Sempozyumunu Ger\u00e7ekle\u015ftirdik<\/a><\/li><li><a href=\"https:\/\/istac.org.tr\/tr\/kuzey-kibris-turk-cumhuriyeti-cumhurbaskani-sayin-tufan-erhurmana-resmi-ziyaret\/\">Kuzey K\u0131br\u0131s T\u00fcrk Cumhuriyeti Cumhurba\u015fkan\u0131 Say\u0131n Tufan Erh\u00fcrman\u2019a Resmi Ziyaret<\/a><\/li><li><a href=\"https:\/\/istac.org.tr\/tr\/24342\/\">ISTAC ve K\u0131br\u0131s T\u00fcrk Barolar Birli\u011fi\u2019nin ortak d\u00fczenledi\u011fi \u2018Tahkim G\u00fcn\u00fc\u2019 Etkinli\u011fine Yo\u011fun \u0130lgi<\/a><\/li><li><a href=\"https:\/\/istac.org.tr\/tr\/insaat-uyusmazliklari-ve-tahkim-etkinligimizi-gerceklestirdik\/\">\u201c\u0130n\u015faat Uyu\u015fmazl\u0131klar\u0131 ve Tahkim\u201d Etkinli\u011fimizi Ger\u00e7ekle\u015ftirdik<\/a><\/li><li><a href=\"https:\/\/istac.org.tr\/tr\/genel-sekreterimiz-av-yasin-ekmen-bir-uyusmazlik-cozum-mekanizmasinin-otesinde-tahkimin-ekonomik-etkisi-baslikli-sunum-gerceklestirmistir\/\">Genel Sekreterimiz Av. Yasin Ekmen I. Uluslararas\u0131 Tahkim Hukuku Sempozyumu&#8217;nda Konu\u015fmac\u0131 Olarak Yer Ald\u0131<\/a><\/li><\/ul><ul class='lcp_paginator'><li class='lcp_currentpage'>1<\/li><li><a href='https:\/\/istac.org.tr\/tr\/wp-json\/wp\/v2\/pages\/202\/?lcp_page0=2#lcp_instance_0' title='2'>2<\/a><\/li><li><a href='https:\/\/istac.org.tr\/tr\/wp-json\/wp\/v2\/pages\/202\/?lcp_page0=3#lcp_instance_0' title='3'>3<\/a><\/li><li><a href='https:\/\/istac.org.tr\/tr\/wp-json\/wp\/v2\/pages\/202\/?lcp_page0=4#lcp_instance_0' title='4'>4<\/a><\/li><li><a href='https:\/\/istac.org.tr\/tr\/wp-json\/wp\/v2\/pages\/202\/?lcp_page0=5#lcp_instance_0' title='5'>5<\/a><\/li><li><a href='https:\/\/istac.org.tr\/tr\/wp-json\/wp\/v2\/pages\/202\/?lcp_page0=6#lcp_instance_0' title='6'>6<\/a><\/li><span class='lcp_elipsis'>...<\/span><li><a href='https:\/\/istac.org.tr\/tr\/wp-json\/wp\/v2\/pages\/202\/?lcp_page0=54#lcp_instance_0' title='54'>54<\/a><\/li><li><a href='https:\/\/istac.org.tr\/tr\/wp-json\/wp\/v2\/pages\/202\/?lcp_page0=2#lcp_instance_0' title='2' class='lcp_nextlink'>>><\/a><\/li><\/ul>\n","protected":false},"excerpt":{"rendered":"","protected":false},"author":1,"featured_media":0,"parent":11,"menu_order":3,"comment_status":"closed","ping_status":"closed","template":"","meta":[],"acf":[],"post_mailing_queue_ids":[],"_links":{"self":[{"href":"https:\/\/istac.org.tr\/tr\/wp-json\/wp\/v2\/pages\/202\/"}],"collection":[{"href":"https:\/\/istac.org.tr\/tr\/wp-json\/wp\/v2\/pages\/"}],"about":[{"href":"https:\/\/istac.org.tr\/tr\/wp-json\/wp\/v2\/types\/page\/"}],"author":[{"embeddable":true,"href":"https:\/\/istac.org.tr\/tr\/wp-json\/wp\/v2\/users\/1\/"}],"replies":[{"embeddable":true,"href":"https:\/\/istac.org.tr\/tr\/wp-json\/wp\/v2\/comments\/?post=202"}],"version-history":[{"count":7,"href":"https:\/\/istac.org.tr\/tr\/wp-json\/wp\/v2\/pages\/202\/revisions\/"}],"predecessor-version":[{"id":2575,"href":"https:\/\/istac.org.tr\/tr\/wp-json\/wp\/v2\/pages\/202\/revisions\/2575\/"}],"up":[{"embeddable":true,"href":"https:\/\/istac.org.tr\/tr\/wp-json\/wp\/v2\/pages\/11\/"}],"wp:attachment":[{"href":"https:\/\/istac.org.tr\/tr\/wp-json\/wp\/v2\/media\/?parent=202"}],"curies":[{"name":"wp","href":"https:\/\/api.w.org\/{rel}","templated":true}]}}