{"id":200,"date":"2016-01-04T19:35:00","date_gmt":"2016-01-04T17:35:00","guid":{"rendered":"http:\/\/localhost\/istac\/?page_id=200"},"modified":"2016-05-20T13:58:24","modified_gmt":"2016-05-20T10:58:24","slug":"haberler-alt","status":"publish","type":"page","link":"https:\/\/istac.org.tr\/tr\/haberler\/haberler-alt\/","title":{"rendered":"Haberler"},"content":{"rendered":"<ul class=\"lcp_catlist\" id=\"lcp_instance_0\"><li><a href=\"https:\/\/istac.org.tr\/tr\/genel-sekreterimiz-av-yasin-ekmen-bir-uyusmazlik-cozum-mekanizmasinin-otesinde-tahkimin-ekonomik-etkisi-baslikli-sunum-gerceklestirmistir\/\">Genel Sekreterimiz Av. Yasin Ekmen I. Uluslararas\u0131 Tahkim Hukuku Sempozyumu&#8217;nda Konu\u015fmac\u0131 Olarak Yer Ald\u0131<\/a><span class=\"lcp_date\">  20 Nisan 2026<\/span><\/li><li><a href=\"https:\/\/istac.org.tr\/tr\/genel-sekreterimiz-av-yasin-ekmenin-paris-tahkim-haftasi-kapsaminda-duzenlenen-architects-of-arbitration-round-table-discussion-with-arbitral-institutions-baslikli-paneld\/\">Genel Sekreterimiz Av. Yasin Ekmen\u2019in, Paris Tahkim Haftas\u0131 Kapsam\u0131nda D\u00fczenlenen \u201cArchitects of Arbitration: Round Table Discussion with Arbitral Institutions\u201d Ba\u015fl\u0131kl\u0131 Panelde Konu\u015fmac\u0131 Olarak Yer Ald\u0131<\/a><span class=\"lcp_date\">  2 Nisan 2026<\/span><\/li><li><a href=\"https:\/\/istac.org.tr\/tr\/baskanimiz-prof-dr-ziya-akincinin-paris-tahkim-haftasi-kapsaminda-le-meuricete-konusmaci-olarak-yer-aldi\/\">Ba\u015fkan\u0131m\u0131z Prof. Dr. Ziya Ak\u0131nc\u0131\u2019n\u0131n, Paris Tahkim Haftas\u0131 Kapsam\u0131nda Le Meurice\u2019te Konu\u015fmac\u0131 Olarak Yer Ald\u0131<\/a><span class=\"lcp_date\">  2 Nisan 2026<\/span><\/li><li><a href=\"https:\/\/istac.org.tr\/tr\/jus-mundi-institutions-symposium-the-asia-middle-east-arbitration-corridor-baslikli-panel-duzenlendi\/\">Paris Tahkim Haftas\u0131 Kapsam\u0131nda \u201cJus Mundi Institutions Symposium: The Asia-Middle East Arbitration Corridor\u201d Ba\u015fl\u0131kl\u0131 Panel D\u00fczenlendi<\/a><span class=\"lcp_date\">  1 Nisan 2026<\/span><\/li><li><a href=\"https:\/\/istac.org.tr\/tr\/paris-tahkim-haftasinda-uluslararasi-insaat-tahkiminde-yeni-egilimler-etkinligimiz-tamamlandi\/\">Paris Tahkim Haftas\u0131&#8217;nda \u201cUluslararas\u0131 \u0130n\u015faat Tahkiminde Yeni E\u011filimler\u201d Etkinli\u011fimiz Tamamland\u0131<\/a><span class=\"lcp_date\">  26 Mart 2026<\/span><\/li><\/ul><ul class='lcp_paginator'><li class='lcp_currentpage'>1<\/li><li><a href='https:\/\/istac.org.tr\/tr\/wp-json\/wp\/v2\/pages\/200\/?lcp_page0=2#lcp_instance_0' title='2'>2<\/a><\/li><li><a href='https:\/\/istac.org.tr\/tr\/wp-json\/wp\/v2\/pages\/200\/?lcp_page0=3#lcp_instance_0' title='3'>3<\/a><\/li><li><a href='https:\/\/istac.org.tr\/tr\/wp-json\/wp\/v2\/pages\/200\/?lcp_page0=4#lcp_instance_0' title='4'>4<\/a><\/li><li><a href='https:\/\/istac.org.tr\/tr\/wp-json\/wp\/v2\/pages\/200\/?lcp_page0=5#lcp_instance_0' title='5'>5<\/a><\/li><li><a href='https:\/\/istac.org.tr\/tr\/wp-json\/wp\/v2\/pages\/200\/?lcp_page0=6#lcp_instance_0' title='6'>6<\/a><\/li><span class='lcp_elipsis'>...<\/span><li><a href='https:\/\/istac.org.tr\/tr\/wp-json\/wp\/v2\/pages\/200\/?lcp_page0=73#lcp_instance_0' title='73'>73<\/a><\/li><li><a href='https:\/\/istac.org.tr\/tr\/wp-json\/wp\/v2\/pages\/200\/?lcp_page0=2#lcp_instance_0' title='2' class='lcp_nextlink'>>><\/a><\/li><\/ul>\n","protected":false},"excerpt":{"rendered":"","protected":false},"author":1,"featured_media":0,"parent":11,"menu_order":1,"comment_status":"closed","ping_status":"closed","template":"","meta":[],"acf":[],"post_mailing_queue_ids":[],"_links":{"self":[{"href":"https:\/\/istac.org.tr\/tr\/wp-json\/wp\/v2\/pages\/200\/"}],"collection":[{"href":"https:\/\/istac.org.tr\/tr\/wp-json\/wp\/v2\/pages\/"}],"about":[{"href":"https:\/\/istac.org.tr\/tr\/wp-json\/wp\/v2\/types\/page\/"}],"author":[{"embeddable":true,"href":"https:\/\/istac.org.tr\/tr\/wp-json\/wp\/v2\/users\/1\/"}],"replies":[{"embeddable":true,"href":"https:\/\/istac.org.tr\/tr\/wp-json\/wp\/v2\/comments\/?post=200"}],"version-history":[{"count":6,"href":"https:\/\/istac.org.tr\/tr\/wp-json\/wp\/v2\/pages\/200\/revisions\/"}],"predecessor-version":[{"id":2571,"href":"https:\/\/istac.org.tr\/tr\/wp-json\/wp\/v2\/pages\/200\/revisions\/2571\/"}],"up":[{"embeddable":true,"href":"https:\/\/istac.org.tr\/tr\/wp-json\/wp\/v2\/pages\/11\/"}],"wp:attachment":[{"href":"https:\/\/istac.org.tr\/tr\/wp-json\/wp\/v2\/media\/?parent=200"}],"curies":[{"name":"wp","href":"https:\/\/api.w.org\/{rel}","templated":true}]}}