{"id":18061,"date":"2016-01-04T10:00:56","date_gmt":"2016-01-04T08:00:56","guid":{"rendered":"https:\/\/istac.org.tr\/uyusmazlik-cozumu\/masraflar-ve-ucretler-2\/"},"modified":"2026-02-19T13:58:42","modified_gmt":"2026-02-19T10:58:42","slug":"dava-istatistikleri","status":"publish","type":"page","link":"https:\/\/istac.org.tr\/tr\/uyusmazlik-cozumu\/dava-istatistikleri\/","title":{"rendered":"Dava \u0130statistikleri"},"content":{"rendered":"<p><a class=\"download\" href=\"https:\/\/istac.org.tr\/wp-content\/uploads\/2026\/02\/2025-Verileri.pdf\" target=\"_blank\" rel=\"noopener\">2025 \u0130statistikleri PDF olarak indirmek i\u00e7in t\u0131klay\u0131n\u0131z.<\/a><\/p>\n<p>&nbsp;<\/p>\n<p><a class=\"download\" href=\"https:\/\/istac.org.tr\/wp-content\/uploads\/2025\/01\/2024-Verileri.pdf\" target=\"_blank\" rel=\"noopener\">2024 \u0130statistikleri PDF olarak indirmek i\u00e7in t\u0131klay\u0131n\u0131z.<\/a><\/p>\n<p>&nbsp;<\/p>\n<p><a class=\"download\" href=\"https:\/\/istac.org.tr\/wp-content\/uploads\/2024\/10\/2023-Verileri.pdf\" target=\"_blank\" rel=\"noopener\">2023 \u0130statistikleri PDF olarak indirmek i\u00e7in t\u0131klay\u0131n\u0131z.<\/a><\/p>\n<p>&nbsp;<\/p>\n","protected":false},"excerpt":{"rendered":"<p>2025 \u0130statistikleri PDF olarak indirmek i\u00e7in t\u0131klay\u0131n\u0131z. &nbsp; 2024 \u0130statistikleri PDF olarak indirmek i\u00e7in t\u0131klay\u0131n\u0131z. &nbsp; 2023 \u0130statistikleri PDF olarak indirmek i\u00e7in t\u0131klay\u0131n\u0131z. &nbsp;<\/p>\n","protected":false},"author":1,"featured_media":0,"parent":7,"menu_order":5,"comment_status":"closed","ping_status":"closed","template":"","meta":[],"acf":[],"post_mailing_queue_ids":[],"_links":{"self":[{"href":"https:\/\/istac.org.tr\/tr\/wp-json\/wp\/v2\/pages\/18061\/"}],"collection":[{"href":"https:\/\/istac.org.tr\/tr\/wp-json\/wp\/v2\/pages\/"}],"about":[{"href":"https:\/\/istac.org.tr\/tr\/wp-json\/wp\/v2\/types\/page\/"}],"author":[{"embeddable":true,"href":"https:\/\/istac.org.tr\/tr\/wp-json\/wp\/v2\/users\/1\/"}],"replies":[{"embeddable":true,"href":"https:\/\/istac.org.tr\/tr\/wp-json\/wp\/v2\/comments\/?post=18061"}],"version-history":[{"count":7,"href":"https:\/\/istac.org.tr\/tr\/wp-json\/wp\/v2\/pages\/18061\/revisions\/"}],"predecessor-version":[{"id":24135,"href":"https:\/\/istac.org.tr\/tr\/wp-json\/wp\/v2\/pages\/18061\/revisions\/24135\/"}],"up":[{"embeddable":true,"href":"https:\/\/istac.org.tr\/tr\/wp-json\/wp\/v2\/pages\/7\/"}],"wp:attachment":[{"href":"https:\/\/istac.org.tr\/tr\/wp-json\/wp\/v2\/media\/?parent=18061"}],"curies":[{"name":"wp","href":"https:\/\/api.w.org\/{rel}","templated":true}]}}