{"id":1601,"date":"2016-03-11T16:47:37","date_gmt":"2016-03-11T14:47:37","guid":{"rendered":"http:\/\/istac.org.tr\/?page_id=1601"},"modified":"2016-04-06T14:47:34","modified_gmt":"2016-04-06T11:47:34","slug":"genc-istac-etkinlikler","status":"publish","type":"page","link":"https:\/\/istac.org.tr\/tr\/genc-istac\/genc-istac-etkinlikler\/","title":{"rendered":"Gen\u00e7 ISTAC Etkinlikler"},"content":{"rendered":"<ul class=\"lcp_catlist\" id=\"lcp_instance_0\"><li><a href=\"https:\/\/istac.org.tr\/tr\/20-mayis-2023-vii-gtay-hazirlik-yarismasi-basvurusu\/\">20 May\u0131s 2023- VII. GTAY \u00d6n Haz\u0131rl\u0131k Ba\u015fvurusu<\/a>  10 May\u0131s 2023<\/li><li><a href=\"https:\/\/istac.org.tr\/tr\/6-7-mayis-2023-vii-gelecegin-tahkim-avukati-yarismasi-gerceklesmistir\/\">6-7 May\u0131s 2023- VII. Gelece\u011fin Tahkim Avukat\u0131 Yar\u0131\u015fmas\u0131 Arabuluculuk A\u015famas\u0131 Ger\u00e7ekle\u015fmi\u015ftir<\/a>  8 May\u0131s 2023<\/li><li><a href=\"https:\/\/istac.org.tr\/tr\/gelecegin-tahkim-avukati-yarismasi\/\">Gelece\u011fin Tahkim Avukat\u0131 Yar\u0131\u015fmas\u0131<\/a>  15 Kas\u0131m 2022<\/li><li><a href=\"https:\/\/istac.org.tr\/tr\/9-genctahkim-khv\/\">9 Kas\u0131m 2022- Gen\u00e7 Tahkim Avukatlar\u0131 ile Kahve Aras\u0131- Tahkim Alan\u0131nda Kariyer Nas\u0131l Yap\u0131l\u0131r<\/a>  21 Ekim 2022<\/li><li><a href=\"https:\/\/istac.org.tr\/tr\/9-mart-2022-genc-istac-tahkim-ve-is-hayatinda-kadin\/\">9 Mart 2022- Gen\u00e7 ISTAC- Tahkim ve \u0130\u015f Hayat\u0131nda Kad\u0131n<\/a>  18 \u015eubat 2022<\/li><li><a href=\"https:\/\/istac.org.tr\/tr\/26-ocak-2022-young-istac-pitch-perfect-how-to-succeed-your-first-pitch\/\">26 Ocak 2022- Young ISTAC- Pitch Perfect: How to succeed Your First Pitch<\/a>  13 Ocak 2022<\/li><li><a href=\"https:\/\/istac.org.tr\/tr\/kasim-2021-genc-tahkim-avukatlari-ile-kahve-arasi\/\">Kas\u0131m 2021 &#8211; Gen\u00e7 Tahkim Avukatlar\u0131 ile Kahve Aras\u0131<\/a>  20 Aral\u0131k 2021<\/li><li><a href=\"https:\/\/istac.org.tr\/tr\/ekim-2021-genc-tahkim-avukatlari-ile-kahve-arasi\/\">Ekim 2021 &#8211; Gen\u00e7 Tahkim Avukatlar\u0131 ile Kahve Aras\u0131<\/a>  20 Aral\u0131k 2021<\/li><li><a href=\"https:\/\/istac.org.tr\/tr\/22-ekim-2021-genc-istac-gelecegin-tahkim-avukatlari-bulusuyor\/\">22 Ekim 2021- Gen\u00e7 ISTAC Gelece\u011fin Tahkim Avukatlar\u0131 Bulu\u015fuyor<\/a>  21 Ekim 2021<\/li><li><a href=\"https:\/\/istac.org.tr\/tr\/istac-ve-genc-istac-isbirliginde-tecrube-konusuyor-webinari\/\">03 Mart 2021- ISTAC ve Gen\u00e7 ISTAC \u0130\u015fbirli\u011finde  &#8220;Tecr\u00fcbe Konu\u015fuyor&#8221; Webinar\u0131<\/a>  24 \u015eubat 2021<\/li><\/ul>\n","protected":false},"excerpt":{"rendered":"","protected":false},"author":1,"featured_media":0,"parent":13,"menu_order":0,"comment_status":"closed","ping_status":"closed","template":"","meta":[],"acf":[],"post_mailing_queue_ids":[],"_links":{"self":[{"href":"https:\/\/istac.org.tr\/tr\/wp-json\/wp\/v2\/pages\/1601\/"}],"collection":[{"href":"https:\/\/istac.org.tr\/tr\/wp-json\/wp\/v2\/pages\/"}],"about":[{"href":"https:\/\/istac.org.tr\/tr\/wp-json\/wp\/v2\/types\/page\/"}],"author":[{"embeddable":true,"href":"https:\/\/istac.org.tr\/tr\/wp-json\/wp\/v2\/users\/1\/"}],"replies":[{"embeddable":true,"href":"https:\/\/istac.org.tr\/tr\/wp-json\/wp\/v2\/comments\/?post=1601"}],"version-history":[{"count":5,"href":"https:\/\/istac.org.tr\/tr\/wp-json\/wp\/v2\/pages\/1601\/revisions\/"}],"predecessor-version":[{"id":1970,"href":"https:\/\/istac.org.tr\/tr\/wp-json\/wp\/v2\/pages\/1601\/revisions\/1970\/"}],"up":[{"embeddable":true,"href":"https:\/\/istac.org.tr\/tr\/wp-json\/wp\/v2\/pages\/13\/"}],"wp:attachment":[{"href":"https:\/\/istac.org.tr\/tr\/wp-json\/wp\/v2\/media\/?parent=1601"}],"curies":[{"name":"wp","href":"https:\/\/api.w.org\/{rel}","templated":true}]}}