{"id":1597,"date":"2016-03-11T15:40:09","date_gmt":"2016-03-11T13:40:09","guid":{"rendered":"http:\/\/istac.org.tr\/?page_id=1597"},"modified":"2024-04-09T00:08:22","modified_gmt":"2024-04-08T21:08:22","slug":"yayinlar","status":"publish","type":"page","link":"https:\/\/istac.org.tr\/tr\/yayinlar\/","title":{"rendered":"Yay\u0131nlar"},"content":{"rendered":"<div class=\"yayinlar-list\"><a class=\"download\" href=\"https:\/\/www.hukukmarket.com\/dijital-donusum-ve-hukuk.html\" target=\"_blank\" rel=\"noopener\"><img loading=\"lazy\" class=\"wp-image-6707 aligncenter\" src=\"https:\/\/istac.org.tr\/wp-content\/uploads\/2024\/04\/digital_donusum_ve_hukuk.jpg\" alt=\"\" width=\"254\" height=\"360\" \/><br \/>\n<span style=\"display: block; margin-top: 20px;\">Dijital D\u00f6n\u00fc\u015f\u00fcm ve Hukuk<\/span><\/a><\/div>\n<div class=\"yayinlar-list\"><a class=\"download\" href=\"https:\/\/www.hukukmarket.com\/tahkimde-hukuki-dinlenilme-hakki.html\" target=\"_blank\" rel=\"noopener\"><img loading=\"lazy\" class=\"wp-image-6707 aligncenter\" src=\"https:\/\/istac.org.tr\/wp-content\/uploads\/2023\/01\/Tahkimde-hukuki-dinleme-hakki.jpg\" alt=\"\" width=\"254\" height=\"360\" \/><br \/>\n<span style=\"display: block; margin-top: 20px;\">Tahkimde Hukuki Dinlenilme Hakk\u0131<\/span><\/a><\/div>\n<div class=\"yayinlar-list\"><a class=\"download\" href=\"https:\/\/www.hukukmarket.com\/tahkim-ve-uygulanacak-hukuk.html\" target=\"_blank\" rel=\"noopener\"><img loading=\"lazy\" class=\"wp-image-6707 aligncenter\" src=\"https:\/\/istac.org.tr\/wp-content\/uploads\/2022\/04\/1.jpg\" alt=\"\" width=\"254\" height=\"360\" \/><br \/>\n<span style=\"display: block; margin-top: 20px;\">Tahkim ve Uygulanacak Hukuk<\/span><br \/>\n<\/a><\/div>\n<div class=\"yayinlar-list\"><a class=\"download\" href=\"https:\/\/www.hukukmarket.com\/tahkim-durusmasinin-psikolojisi-the-psychology-of-the-arbitration-hearing.html\" target=\"_blank\" rel=\"noopener\"><img loading=\"lazy\" class=\"wp-image-6707 aligncenter\" src=\"https:\/\/istac.org.tr\/wp-content\/uploads\/2022\/04\/2.jpg\" alt=\"\" width=\"254\" height=\"360\" \/><br \/>\n<span style=\"display: block; margin-top: 20px;\">Tahkim Duru\u015fmas\u0131n\u0131n Psikolojisi \/ The Psychology Of The Arbitration Hearing<\/span><br \/>\n<\/a><\/div>\n<div class=\"yayinlar-list\"><a class=\"download\" href=\"https:\/\/www.hukukmarket.com\/tahkimde-davanin-acilmasi-ilk-dilekceler-ve-hakem-secimi-launching-your-arbitration-the-first-submissions-and-choosing-yo.html\" target=\"_blank\" rel=\"noopener\"><img loading=\"lazy\" class=\"wp-image-6707 aligncenter\" src=\"https:\/\/istac.org.tr\/wp-content\/uploads\/2022\/04\/3.jpg\" alt=\"\" width=\"254\" height=\"360\" \/><br \/>\n<span style=\"display: block; margin-top: 20px;\">Tahkimde Davan\u0131n A\u00e7\u0131lmas\u0131: \u0130lk Dilek\u00e7eler ve Hakem Se\u00e7imi \/ Launching Your Arbitration: The First Submissions And Choosing Your Arbitrator<\/span><br \/>\n<\/a><\/div>\n<div class=\"yayinlar-list\"><a class=\"download\" href=\"https:\/\/www.hukukmarket.com\/tahkim-anlasmasi-tahkim-okulu-paneller-serisi-cilt-1.html\" target=\"_blank\" rel=\"noopener\"><img loading=\"lazy\" class=\"wp-image-6707 aligncenter\" src=\"https:\/\/istac.org.tr\/wp-content\/uploads\/2022\/04\/tahkim-anla\u015fmas\u0131.jpg\" alt=\"\" width=\"254\" height=\"360\" \/><br \/>\n<span style=\"display: block; margin-top: 20px;\">Tahkim Anla\u015fmas\u0131 &#8211; Tahkim Okulu Paneller Serisi Cilt &#8211; 1 <\/span><br \/>\n<\/a><\/div>\n<div class=\"yayinlar-list\"><a class=\"download\" href=\"http:\/\/www.onikilevha.com.tr\/yayin\/1166\/sirketler-hukuku-uyusmazliklari-ve-tahkim\" target=\"_blank\" rel=\"noopener\"><img loading=\"lazy\" class=\"wp-image-6707 aligncenter\" src=\"https:\/\/istac.org.tr\/wp-content\/uploads\/2019\/05\/Sirketler-Hukuku-ve-Tahkim.jpg\" alt=\"\" width=\"254\" height=\"360\" \/><br \/>\n<span style=\"display: block; margin-top: 20px;\">\u015eirketler Hukuku ve Tahkim<\/span><br \/>\n<\/a><\/div>\n<div class=\"yayinlar-list\"><a class=\"download\" href=\"https:\/\/istac.org.tr\/wp-content\/uploads\/2019\/05\/2018_LojistikKatalog_son_6.pdf\" target=\"_blank\" rel=\"noopener\"><img loading=\"lazy\" class=\"wp-image-6707 aligncenter\" src=\"https:\/\/istac.org.tr\/wp-content\/uploads\/2019\/05\/istac_internet_en.jpg\" alt=\"\" width=\"254\" height=\"360\" \/><br \/>\n<span style=\"display: block; margin-top: 20px;\">ISTAC &amp; BSEC URTA: Karayolu Ta\u015f\u0131mac\u0131l\u0131\u011f\u0131 ve Tahkim (2018)<\/span><br \/>\n<\/a><\/div>\n<div class=\"yayinlar-list\"><a class=\"download\" href=\"https:\/\/istac.org.tr\/wp-content\/uploads\/2018\/05\/istac_internet.pdf\" target=\"_blank\" rel=\"noopener\"><img loading=\"lazy\" class=\"wp-image-6707 aligncenter\" src=\"https:\/\/istac.org.tr\/wp-content\/uploads\/2018\/05\/istac_internet.jpg\" alt=\"\" width=\"254\" height=\"360\" \/><br \/>\n<span style=\"display: block; margin-top: 20px;\">ISTAC Kitab\u0131 (2017)<\/span><br \/>\n<\/a><\/div>\n<div class=\"yayinlar-list\"><a class=\"download\" href=\"https:\/\/istac.org.tr\/wp-content\/uploads\/2023\/01\/istac_tahkim_kurallari_v3_tr-3.pdf\" target=\"_blank\" rel=\"noopener\"><img loading=\"lazy\" class=\"wp-image-6707 aligncenter\" src=\"https:\/\/istac.org.tr\/wp-content\/uploads\/2016\/03\/nor_476.jpg\" alt=\"\" width=\"254\" height=\"360\" \/><br \/>\n<span style=\"display: block; margin-top: 20px;\">ISTAC Tahkim Kurallar\u0131<\/span><\/a><\/div>\n<div class=\"yayinlar-list\"><a class=\"download\" href=\"https:\/\/istac.org.tr\/wp-content\/uploads\/2016\/03\/ISTAC-I\u0307ns\u0327aat-Katalog.pdf\" target=\"_blank\" rel=\"noopener\"><img loading=\"lazy\" class=\"wp-image-6707 aligncenter\" src=\"https:\/\/istac.org.tr\/wp-content\/uploads\/2016\/03\/nor_474.jpg\" alt=\"\" width=\"254\" height=\"360\" \/><br \/>\n<span style=\"display: block; margin-top: 20px;\">ISTAC I\u0307ns\u0327aat Katalog<\/span><br \/>\n<\/a><\/div>\n<div class=\"yayinlar-list\"><a class=\"download\" href=\"http:\/\/www.istac.org.tr\/istac-tanitim.pdf\" target=\"_blank\" rel=\"noopener\"><img loading=\"lazy\" class=\"wp-image-6707 aligncenter\" src=\"https:\/\/istac.org.tr\/wp-content\/uploads\/2016\/03\/nor_472-722x1024.jpg\" alt=\"\" width=\"254\" height=\"360\" srcset=\"https:\/\/istac.org.tr\/wp-content\/uploads\/2016\/03\/nor_472-722x1024.jpg 722w, https:\/\/istac.org.tr\/wp-content\/uploads\/2016\/03\/nor_472-211x300.jpg 211w, https:\/\/istac.org.tr\/wp-content\/uploads\/2016\/03\/nor_472-768x1089.jpg 768w, https:\/\/istac.org.tr\/wp-content\/uploads\/2016\/03\/nor_472.jpg 1118w\" sizes=\"(max-width: 254px) 100vw, 254px\" \/><br \/>\n<span style=\"display: block; margin-top: 20px;\">ISTAC Tan\u0131t\u0131m Kitap\u00e7\u0131\u011f\u0131<\/span><br \/>\n<\/a><\/div>\n","protected":false},"excerpt":{"rendered":"<p>Dijital D\u00f6n\u00fc\u015f\u00fcm ve Hukuk Tahkimde Hukuki Dinlenilme Hakk\u0131 Tahkim ve Uygulanacak Hukuk Tahkim Duru\u015fmas\u0131n\u0131n Psikolojisi \/ The Psychology Of The Arbitration Hearing Tahkimde Davan\u0131n A\u00e7\u0131lmas\u0131: \u0130lk Dilek\u00e7eler ve Hakem Se\u00e7imi \/ Launching Your Arbitration: The First Submissions And Choosing Your Arbitrator Tahkim Anla\u015fmas\u0131 &#8211; Tahkim Okulu Paneller Serisi Cilt &#8211; 1 \u015eirketler Hukuku ve Tahkim<a href=\"https:\/\/istac.org.tr\/tr\/yayinlar\/\">[&#8230;]<\/a><\/p>\n","protected":false},"author":1,"featured_media":0,"parent":0,"menu_order":0,"comment_status":"closed","ping_status":"closed","template":"","meta":[],"acf":[],"post_mailing_queue_ids":[],"_links":{"self":[{"href":"https:\/\/istac.org.tr\/tr\/wp-json\/wp\/v2\/pages\/1597\/"}],"collection":[{"href":"https:\/\/istac.org.tr\/tr\/wp-json\/wp\/v2\/pages\/"}],"about":[{"href":"https:\/\/istac.org.tr\/tr\/wp-json\/wp\/v2\/types\/page\/"}],"author":[{"embeddable":true,"href":"https:\/\/istac.org.tr\/tr\/wp-json\/wp\/v2\/users\/1\/"}],"replies":[{"embeddable":true,"href":"https:\/\/istac.org.tr\/tr\/wp-json\/wp\/v2\/comments\/?post=1597"}],"version-history":[{"count":33,"href":"https:\/\/istac.org.tr\/tr\/wp-json\/wp\/v2\/pages\/1597\/revisions\/"}],"predecessor-version":[{"id":22874,"href":"https:\/\/istac.org.tr\/tr\/wp-json\/wp\/v2\/pages\/1597\/revisions\/22874\/"}],"wp:attachment":[{"href":"https:\/\/istac.org.tr\/tr\/wp-json\/wp\/v2\/media\/?parent=1597"}],"curies":[{"name":"wp","href":"https:\/\/api.w.org\/{rel}","templated":true}]}}