{"id":1593,"date":"2016-03-11T15:27:24","date_gmt":"2016-03-11T13:27:24","guid":{"rendered":"http:\/\/istac.org.tr\/?page_id=1593"},"modified":"2024-11-17T17:18:04","modified_gmt":"2024-11-17T14:18:04","slug":"genel-kurul","status":"publish","type":"page","link":"https:\/\/istac.org.tr\/tr\/hakkimizda\/genel-kurul\/","title":{"rendered":"Genel Kurul"},"content":{"rendered":"<table class=\"table-responsive genel-kurul-table\" border=\"1px\" width=\"100%\">\n<tbody>\n<tr>\n<td align=\"center\"><a href=\"http:\/\/adalet.gov.tr\" target=\"_blank\" rel=\"noopener\"><img loading=\"lazy\" class=\"img-responsive wp-image-1734 aligncenter\" src=\"http:\/\/istac.org.tr\/wp-content\/uploads\/2016\/03\/Adalet-Bakanl\u00e7\u00df\u00e7-300x300.jpg\" alt=\"Adalet Bakanl\u00e7\u00df\u00e7\" width=\"160\" height=\"160\" srcset=\"https:\/\/istac.org.tr\/wp-content\/uploads\/2016\/03\/Adalet-Bakanl\u00e7\u00df\u00e7-300x300.jpg 300w, https:\/\/istac.org.tr\/wp-content\/uploads\/2016\/03\/Adalet-Bakanl\u00e7\u00df\u00e7-150x150.jpg 150w, https:\/\/istac.org.tr\/wp-content\/uploads\/2016\/03\/Adalet-Bakanl\u00e7\u00df\u00e7-768x767.jpg 768w, https:\/\/istac.org.tr\/wp-content\/uploads\/2016\/03\/Adalet-Bakanl\u00e7\u00df\u00e7.jpg 1024w\" sizes=\"(max-width: 160px) 100vw, 160px\" \/><\/a><\/p>\n<p style=\"text-align: center;\">Adalet Bakanl\u0131\u011f\u0131<\/p>\n<\/td>\n<\/tr>\n<tr>\n<td align=\"center\"><a href=\"https:\/\/www.bddk.org.tr\" target=\"_blank\" rel=\"noopener\"><img loading=\"lazy\" class=\"img-responsive alignnone wp-image-1740 size-full\" src=\"http:\/\/istac.org.tr\/wp-content\/uploads\/2016\/03\/Bankac\u00e7l\u00e7k-Denetleme-ve-D\u00c5zenleme-Kurulu.png\" alt=\"Bankac\u00e7l\u00e7k Denetleme ve D\u00c5zenleme Kurulu\" width=\"240\" height=\"210\" \/><\/a><\/p>\n<p style=\"text-align: center;\">BDDK<\/p>\n<\/td>\n<\/tr>\n<tr>\n<td align=\"center\"><a href=\"http:\/\/borsaistanbul.com\" target=\"_blank\" rel=\"noopener\"><img loading=\"lazy\" class=\"img-responsive alignnone wp-image-1752 size-medium\" src=\"http:\/\/istac.org.tr\/wp-content\/uploads\/2016\/03\/Borsa-\u00f2stanbul-A.\u00fb.-300x225.jpg\" alt=\"Borsa \u0130stanbul A.\u015e.\" width=\"300\" height=\"225\" srcset=\"https:\/\/istac.org.tr\/wp-content\/uploads\/2016\/03\/Borsa-\u00f2stanbul-A.\u00fb.-300x225.jpg 300w, https:\/\/istac.org.tr\/wp-content\/uploads\/2016\/03\/Borsa-\u00f2stanbul-A.\u00fb..jpg 343w\" sizes=\"(max-width: 300px) 100vw, 300px\" \/><\/a><\/p>\n<p style=\"text-align: center;\">Borsa \u0130stanbul<\/p>\n<\/td>\n<\/tr>\n<tr>\n<td align=\"center\"><a href=\"http:\/\/spk.gov.tr\" target=\"_blank\" rel=\"noopener\"><img loading=\"lazy\" class=\"img-responsive wp-image-1736 aligncenter\" src=\"http:\/\/istac.org.tr\/wp-content\/uploads\/2016\/03\/Sermaye-Piyasas\u00e7-Kurulu-300x300.jpg\" alt=\"Sermaye Piyasas\u00e7 Kurulu\" width=\"167\" height=\"167\" srcset=\"https:\/\/istac.org.tr\/wp-content\/uploads\/2016\/03\/Sermaye-Piyasas\u00e7-Kurulu-300x300.jpg 300w, https:\/\/istac.org.tr\/wp-content\/uploads\/2016\/03\/Sermaye-Piyasas\u00e7-Kurulu-150x150.jpg 150w, https:\/\/istac.org.tr\/wp-content\/uploads\/2016\/03\/Sermaye-Piyasas\u00e7-Kurulu-768x768.jpg 768w, https:\/\/istac.org.tr\/wp-content\/uploads\/2016\/03\/Sermaye-Piyasas\u00e7-Kurulu-1024x1024.jpg 1024w, https:\/\/istac.org.tr\/wp-content\/uploads\/2016\/03\/Sermaye-Piyasas\u00e7-Kurulu.jpg 1179w\" sizes=\"(max-width: 167px) 100vw, 167px\" \/><\/a><\/p>\n<p style=\"text-align: center;\">Sermaye Piyasas\u0131 Kurulu<\/p>\n<\/td>\n<\/tr>\n<tr>\n<td align=\"center\">\n  <a href=\"https:\/\/www.tisk.org.tr\" target=\"_blank\" rel=\"noopener\"><br \/>\n    <img loading=\"lazy\" class=\"img-responsive size-full wp-image-23211\" src=\"https:\/\/istac.org.tr\/wp-content\/uploads\/2024\/11\/tisk.jpg\" alt=\"T\u0130SK\" width=\"230\" height=\"97\" \/><br \/>\n  <\/a><\/p>\n<p style=\"text-align: center;\">T\u0130SK<\/p>\n<\/td>\n<\/tr>\n<tr>\n<td align=\"center\"><a href=\"http:\/\/www.tkbb.org.tr\/\" target=\"_blank\" rel=\"noopener\"><img loading=\"lazy\" class=\"img-responsive aligncenter wp-image-19283\" src=\"https:\/\/istac.org.tr\/wp-content\/uploads\/2019\/04\/images_design_TKBBYeni_logo_lacivert_png.png\" alt=\"T\u00fcrkiye Kat\u0131l\u0131m Bankalar\u0131 Birli\u011fi\" width=\"319\" height=\"319\" srcset=\"https:\/\/istac.org.tr\/wp-content\/uploads\/2019\/04\/images_design_TKBBYeni_logo_lacivert_png.png 1000w, https:\/\/istac.org.tr\/wp-content\/uploads\/2019\/04\/images_design_TKBBYeni_logo_lacivert_png-150x150.png 150w, https:\/\/istac.org.tr\/wp-content\/uploads\/2019\/04\/images_design_TKBBYeni_logo_lacivert_png-300x300.png 300w, https:\/\/istac.org.tr\/wp-content\/uploads\/2019\/04\/images_design_TKBBYeni_logo_lacivert_png-768x768.png 768w\" sizes=\"(max-width: 319px) 100vw, 319px\" \/><\/a><\/p>\n<p style=\"text-align: center;\">TKBB<\/p>\n<\/td>\n<\/tr>\n<tr>\n<td align=\"center\"><a href=\"https:\/\/www.tbb.org.tr\/tr\" target=\"_blank\" rel=\"noopener\"><img loading=\"lazy\" class=\"img-responsive alignnone wp-image-1742 size-full\" src=\"https:\/\/istac.org.tr\/wp-content\/uploads\/2016\/03\/T\u00c5rkiye-Bankalar-Birli\u00dfi.png\" alt=\"T\u00c5rkiye Bankalar Birli\u00dfi\" width=\"224\" height=\"225\" srcset=\"https:\/\/istac.org.tr\/wp-content\/uploads\/2016\/03\/T\u00c5rkiye-Bankalar-Birli\u00dfi.png 224w, https:\/\/istac.org.tr\/wp-content\/uploads\/2016\/03\/T\u00c5rkiye-Bankalar-Birli\u00dfi-150x150.png 150w\" sizes=\"(max-width: 224px) 100vw, 224px\" \/><\/a><\/p>\n<p style=\"text-align: center;\">T\u00fcrkiye Bankalar Birli\u011fi<\/p>\n<\/td>\n<\/tr>\n<tr>\n<td align=\"center\"><a href=\"http:\/\/www.barobirlik.org.tr\" target=\"_blank\" rel=\"noopener\"><img loading=\"lazy\" class=\"img-responsive alignnone wp-image-1738 size-medium\" src=\"http:\/\/istac.org.tr\/wp-content\/uploads\/2016\/03\/T\u00c5rkiye-Barolar-Birli\u00dfi-300x225.jpg\" alt=\"T\u00c5rkiye Barolar Birli\u00dfi\" width=\"300\" height=\"225\" srcset=\"https:\/\/istac.org.tr\/wp-content\/uploads\/2016\/03\/T\u00c5rkiye-Barolar-Birli\u00dfi-300x225.jpg 300w, https:\/\/istac.org.tr\/wp-content\/uploads\/2016\/03\/T\u00c5rkiye-Barolar-Birli\u00dfi-768x576.jpg 768w, https:\/\/istac.org.tr\/wp-content\/uploads\/2016\/03\/T\u00c5rkiye-Barolar-Birli\u00dfi-1024x768.jpg 1024w, https:\/\/istac.org.tr\/wp-content\/uploads\/2016\/03\/T\u00c5rkiye-Barolar-Birli\u00dfi.jpg 2048w\" sizes=\"(max-width: 300px) 100vw, 300px\" \/><\/a><\/p>\n<p style=\"text-align: center;\">T\u00fcrkiye Barolar Birli\u011fi<\/p>\n<\/td>\n<\/tr>\n<tr>\n<td align=\"center\"><a href=\"http:\/\/tesk.org.tr\/\" target=\"_blank\" rel=\"noopener\"><img loading=\"lazy\" class=\"img-responsive alignnone wp-image-1754 size-medium\" src=\"http:\/\/istac.org.tr\/wp-content\/uploads\/2016\/03\/TESK-300x262.jpg\" alt=\"TESK\" width=\"300\" height=\"262\" srcset=\"https:\/\/istac.org.tr\/wp-content\/uploads\/2016\/03\/TESK-300x262.jpg 300w, https:\/\/istac.org.tr\/wp-content\/uploads\/2016\/03\/TESK.jpg 500w\" sizes=\"(max-width: 300px) 100vw, 300px\" \/><\/a><\/p>\n<p style=\"text-align: center;\">T\u00fcrkiye Esnaf ve Sanatkarlar\u0131 Konfederasyonu<\/p>\n<\/td>\n<\/tr>\n<tr>\n<td align=\"center\"><a href=\"http:\/\/tim.org.tr\" target=\"_blank\" rel=\"noopener\"><img loading=\"lazy\" class=\"img-responsive aligncenter wp-image-22088 size-medium\" src=\"https:\/\/istac.org.tr\/wp-content\/uploads\/2023\/07\/tim_logotype_yatay_TR-1-300x90.png\" alt=\"\" width=\"300\" height=\"90\" srcset=\"https:\/\/istac.org.tr\/wp-content\/uploads\/2023\/07\/tim_logotype_yatay_TR-1-300x90.png 300w, https:\/\/istac.org.tr\/wp-content\/uploads\/2023\/07\/tim_logotype_yatay_TR-1-1024x309.png 1024w, https:\/\/istac.org.tr\/wp-content\/uploads\/2023\/07\/tim_logotype_yatay_TR-1-768x232.png 768w, https:\/\/istac.org.tr\/wp-content\/uploads\/2023\/07\/tim_logotype_yatay_TR-1-1536x463.png 1536w, https:\/\/istac.org.tr\/wp-content\/uploads\/2023\/07\/tim_logotype_yatay_TR-1-2048x618.png 2048w\" sizes=\"(max-width: 300px) 100vw, 300px\" \/><\/a><\/p>\n<p style=\"text-align: center;\">T\u00fcrkiye Ihracat\u00e7\u0131lar Meclisi<\/p>\n<\/td>\n<\/tr>\n<tr>\n<td align=\"center\"><a href=\"http:\/\/turkis.org.tr\" target=\"_blank\" rel=\"noopener\"><img loading=\"lazy\" class=\"img-responsive alignnone wp-image-1758 size-medium\" src=\"http:\/\/istac.org.tr\/wp-content\/uploads\/2016\/03\/T\u00c5rk-\u00f2\u00fc\u02c7-300x145.png\" alt=\"T\u00c5rk-\u00f2\u00fc\u02c7\" width=\"300\" height=\"145\" srcset=\"https:\/\/istac.org.tr\/wp-content\/uploads\/2016\/03\/T\u00c5rk-\u00f2\u00fc\u02c7-300x145.png 300w, https:\/\/istac.org.tr\/wp-content\/uploads\/2016\/03\/T\u00c5rk-\u00f2\u00fc\u02c7.png 600w\" sizes=\"(max-width: 300px) 100vw, 300px\" \/><\/a><\/p>\n<p style=\"text-align: center;\">T\u00fcrkiye \u0130\u015f\u00e7i Sendikalar\u0131 Konfederasyonu<\/p>\n<\/td>\n<\/tr>\n<tr>\n<td align=\"center\"><a href=\"http:\/\/tobb.org.tr\/Sayfalar\/AnaSayfa.php\" target=\"_blank\" rel=\"noopener\"><img loading=\"lazy\" class=\"img-responsive alignnone wp-image-1732\" src=\"http:\/\/istac.org.tr\/wp-content\/uploads\/2016\/03\/TOBB-300x169.jpg\" alt=\"TOBB\" width=\"195\" height=\"110\" srcset=\"https:\/\/istac.org.tr\/wp-content\/uploads\/2016\/03\/TOBB-300x169.jpg 300w, https:\/\/istac.org.tr\/wp-content\/uploads\/2016\/03\/TOBB.jpg 454w\" sizes=\"(max-width: 195px) 100vw, 195px\" \/><\/a><\/p>\n<p style=\"text-align: center;\">T\u00fcrkiye Odalar ve Borsalar Birli\u011fi<\/p>\n<\/td>\n<\/tr>\n<tr>\n<td align=\"center\"><a href=\"https:\/\/www.tspb.org.tr\/tr\/\" target=\"_blank\" rel=\"noopener\"><img loading=\"lazy\" class=\"img-responsive aligncenter wp-image-19185 size-medium\" src=\"https:\/\/istac.org.tr\/wp-content\/uploads\/2019\/03\/TSPB_Logo-300x70.jpg\" alt=\"\" width=\"300\" height=\"70\" srcset=\"https:\/\/istac.org.tr\/wp-content\/uploads\/2019\/03\/TSPB_Logo-300x70.jpg 300w, https:\/\/istac.org.tr\/wp-content\/uploads\/2019\/03\/TSPB_Logo-768x179.jpg 768w, https:\/\/istac.org.tr\/wp-content\/uploads\/2019\/03\/TSPB_Logo-1024x238.jpg 1024w\" sizes=\"(max-width: 300px) 100vw, 300px\" \/><\/a><\/p>\n<p style=\"text-align: center;\">T\u00fcrkiye Sermaye Piyasalar\u0131 Birli\u011fi<\/p>\n<\/td>\n<\/tr>\n<tr>\n<td align=\"center\"><a href=\"http:\/\/yok.gov.tr\" target=\"_blank\" rel=\"noopener\"><img loading=\"lazy\" class=\"img-responsive alignnone wp-image-1746 size-medium\" src=\"http:\/\/istac.org.tr\/wp-content\/uploads\/2016\/03\/Y\u00c5ksek\u00ee\u00dfretim-Kurumu-300x150.jpg\" alt=\"Y\u00c5ksek\u00ee\u00dfretim Kurumu\" width=\"300\" height=\"150\" srcset=\"https:\/\/istac.org.tr\/wp-content\/uploads\/2016\/03\/Y\u00c5ksek\u00ee\u00dfretim-Kurumu-300x150.jpg 300w, https:\/\/istac.org.tr\/wp-content\/uploads\/2016\/03\/Y\u00c5ksek\u00ee\u00dfretim-Kurumu.jpg 600w\" sizes=\"(max-width: 300px) 100vw, 300px\" \/><\/a><\/p>\n<p style=\"text-align: center;\">Y\u00fcksek\u00f6\u011fretim Kurulu<\/p>\n<\/td>\n<\/tr>\n<\/tbody>\n<\/table>\n","protected":false},"excerpt":{"rendered":"<p>Adalet Bakanl\u0131\u011f\u0131 BDDK Borsa \u0130stanbul Sermaye Piyasas\u0131 Kurulu T\u0130SK TKBB T\u00fcrkiye Bankalar Birli\u011fi T\u00fcrkiye Barolar Birli\u011fi T\u00fcrkiye Esnaf ve Sanatkarlar\u0131 Konfederasyonu T\u00fcrkiye Ihracat\u00e7\u0131lar Meclisi T\u00fcrkiye \u0130\u015f\u00e7i Sendikalar\u0131 Konfederasyonu T\u00fcrkiye Odalar ve Borsalar Birli\u011fi T\u00fcrkiye Sermaye Piyasalar\u0131 Birli\u011fi Y\u00fcksek\u00f6\u011fretim Kurulu<\/p>\n","protected":false},"author":1,"featured_media":0,"parent":5,"menu_order":2,"comment_status":"closed","ping_status":"closed","template":"","meta":[],"acf":[],"post_mailing_queue_ids":[],"_links":{"self":[{"href":"https:\/\/istac.org.tr\/tr\/wp-json\/wp\/v2\/pages\/1593\/"}],"collection":[{"href":"https:\/\/istac.org.tr\/tr\/wp-json\/wp\/v2\/pages\/"}],"about":[{"href":"https:\/\/istac.org.tr\/tr\/wp-json\/wp\/v2\/types\/page\/"}],"author":[{"embeddable":true,"href":"https:\/\/istac.org.tr\/tr\/wp-json\/wp\/v2\/users\/1\/"}],"replies":[{"embeddable":true,"href":"https:\/\/istac.org.tr\/tr\/wp-json\/wp\/v2\/comments\/?post=1593"}],"version-history":[{"count":55,"href":"https:\/\/istac.org.tr\/tr\/wp-json\/wp\/v2\/pages\/1593\/revisions\/"}],"predecessor-version":[{"id":23215,"href":"https:\/\/istac.org.tr\/tr\/wp-json\/wp\/v2\/pages\/1593\/revisions\/23215\/"}],"up":[{"embeddable":true,"href":"https:\/\/istac.org.tr\/tr\/wp-json\/wp\/v2\/pages\/5\/"}],"wp:attachment":[{"href":"https:\/\/istac.org.tr\/tr\/wp-json\/wp\/v2\/media\/?parent=1593"}],"curies":[{"name":"wp","href":"https:\/\/api.w.org\/{rel}","templated":true}]}}