{"id":15,"date":"2015-12-30T17:42:21","date_gmt":"2015-12-30T15:42:21","guid":{"rendered":"http:\/\/localhost\/istac\/?page_id=15"},"modified":"2024-02-16T14:35:59","modified_gmt":"2024-02-16T11:35:59","slug":"iletisim","status":"publish","type":"page","link":"https:\/\/istac.org.tr\/tr\/iletisim\/","title":{"rendered":"\u0130leti\u015fim"},"content":{"rendered":"<div class=\"column-grid column-grid-2\"><div class=\"column column-span-1 column-push-0 column-first\"><\/p>\n<h2>\u0130leti\u015fim<\/h2>\n<p><strong>Adres<\/strong><\/p>\n<p>TOBB Plaza Harman Sok. 10\/6 Esentepe \u015ei\u015fli 34394 \u0130stanbul \/ T\u00fcrkiye<\/p>\n<p><strong>Telefon<\/strong><\/p>\n<p>+90 212 800 12 42<br \/>\n+90 850 622 50 30<\/p>\n<p><strong>Faks<\/strong><\/p>\n<p>+90 850 622 50 33<\/p>\n<p><strong>E-Mail<\/strong><\/p>\n<p>info@istac.org.tr<\/p>\n<p>Etkinlik ve e\u011fitim kay\u0131tlar\u0131 i\u00e7in yaz\u0131\u015fma adresimiz:<\/p>\n<p>etkinlik@istac.org.tr<\/p>\n<p><strong>\u00c7al\u0131\u015fma Saatleri<\/strong><\/p>\n<p>08:30 &#8211; 17:30<\/p>\n<p>\n<\/div>\n<div class=\"column column-span-1 column-push-0 column-last\"><\/p>\n<h2>Bize Ula\u015f\u0131n<\/h2>\n\n<div class=\"wpcf7 no-js\" id=\"wpcf7-f98-o1\" lang=\"tr-TR\" dir=\"ltr\">\n<div class=\"screen-reader-response\"><p role=\"status\" aria-live=\"polite\" aria-atomic=\"true\"><\/p> <ul><\/ul><\/div>\n<form action=\"\/tr\/wp-json\/wp\/v2\/pages\/15\/#wpcf7-f98-o1\" method=\"post\" class=\"wpcf7-form init\" aria-label=\"Contact form\" novalidate=\"novalidate\" data-status=\"init\">\n<div style=\"display: none;\">\n<input type=\"hidden\" name=\"_wpcf7\" value=\"98\" \/>\n<input type=\"hidden\" name=\"_wpcf7_version\" value=\"5.7.7\" \/>\n<input type=\"hidden\" name=\"_wpcf7_locale\" value=\"tr_TR\" \/>\n<input type=\"hidden\" name=\"_wpcf7_unit_tag\" value=\"wpcf7-f98-o1\" \/>\n<input type=\"hidden\" name=\"_wpcf7_container_post\" value=\"0\" \/>\n<input type=\"hidden\" name=\"_wpcf7_posted_data_hash\" value=\"\" \/>\n<input type=\"hidden\" name=\"_wpcf7_recaptcha_response\" value=\"\" \/>\n<\/div>\n<p><label>Ad\u0131n\u0131z - Soyad\u0131n\u0131z*<\/label><br \/>\n<span class=\"wpcf7-form-control-wrap\" data-name=\"your-name\"><input size=\"40\" class=\"wpcf7-form-control wpcf7-text wpcf7-validates-as-required\" aria-required=\"true\" aria-invalid=\"false\" value=\"\" type=\"text\" name=\"your-name\" \/><\/span>\n<\/p>\n<p><label>E-Mail*<\/label><br \/>\n<span class=\"wpcf7-form-control-wrap\" data-name=\"your-email\"><input size=\"40\" class=\"wpcf7-form-control wpcf7-text wpcf7-email wpcf7-validates-as-required wpcf7-validates-as-email\" aria-required=\"true\" aria-invalid=\"false\" value=\"\" type=\"email\" name=\"your-email\" \/><\/span>\n<\/p>\n<p><label>Sorunuz*<\/label><br \/>\n<span class=\"wpcf7-form-control-wrap\" data-name=\"your-message\"><textarea cols=\"40\" rows=\"10\" class=\"wpcf7-form-control wpcf7-textarea\" aria-invalid=\"false\" name=\"your-message\"><\/textarea><\/span>\n<\/p>\n<p class=\"blue\">* i\u015faretli alanlar\u0131n doldurulmas\u0131 zorunludur.\n<\/p>\n<p><span class=\"wpcf7-form-control-wrap\" data-name=\"acceptance-270\"><span class=\"wpcf7-form-control wpcf7-acceptance optional\"><span class=\"wpcf7-list-item\"><label><input type=\"checkbox\" name=\"acceptance-270\" value=\"1\" checked=\"checked\" aria-invalid=\"false\" \/><span class=\"wpcf7-list-item-label\">ISTAC\u2019\u0131n Tahkim ve Alternatif Uyu\u015fmazl\u0131k \u00c7\u00f6z\u00fcm\u00fc konulu etkinlik ve faaliyetleri hakk\u0131nda taraf\u0131ma email yoluyla bilgi verilmesini onayl\u0131yorum.<\/span><\/label><\/span><\/span><\/span><br \/>\n<span class=\"wpcf7-form-control-wrap\" data-name=\"acceptance-270\"><span class=\"wpcf7-form-control wpcf7-acceptance\"><span class=\"wpcf7-list-item\"><label><input type=\"checkbox\" name=\"acceptance-270\" value=\"1\" checked=\"checked\" aria-invalid=\"false\" \/><span class=\"wpcf7-list-item-label\">ISTAC\u2019\u0131n <a href=\"https:\/\/istac.org.tr\/hakkimizda\/kisisel-verilerin-korunmasi\/\" target=\"_blank\">Ki\u015fisel Verilerin \u0130\u015flenmesi Politikas\u0131n\u0131<\/a> kabul ediyorum.<\/span><\/label><\/span><\/span><\/span>\n<\/p>\n<p><input class=\"wpcf7-form-control has-spinner wpcf7-submit\" type=\"submit\" value=\"G\u00f6nder\" \/>\n<\/p><div class=\"wpcf7-response-output\" aria-hidden=\"true\"><\/div>\n<\/form>\n<\/div>\n\n<\/div><\/div>\n","protected":false},"excerpt":{"rendered":"","protected":false},"author":1,"featured_media":0,"parent":0,"menu_order":0,"comment_status":"closed","ping_status":"closed","template":"page-iletisim.php","meta":[],"acf":[],"post_mailing_queue_ids":[],"_links":{"self":[{"href":"https:\/\/istac.org.tr\/tr\/wp-json\/wp\/v2\/pages\/15\/"}],"collection":[{"href":"https:\/\/istac.org.tr\/tr\/wp-json\/wp\/v2\/pages\/"}],"about":[{"href":"https:\/\/istac.org.tr\/tr\/wp-json\/wp\/v2\/types\/page\/"}],"author":[{"embeddable":true,"href":"https:\/\/istac.org.tr\/tr\/wp-json\/wp\/v2\/users\/1\/"}],"replies":[{"embeddable":true,"href":"https:\/\/istac.org.tr\/tr\/wp-json\/wp\/v2\/comments\/?post=15"}],"version-history":[{"count":24,"href":"https:\/\/istac.org.tr\/tr\/wp-json\/wp\/v2\/pages\/15\/revisions\/"}],"predecessor-version":[{"id":22500,"href":"https:\/\/istac.org.tr\/tr\/wp-json\/wp\/v2\/pages\/15\/revisions\/22500\/"}],"wp:attachment":[{"href":"https:\/\/istac.org.tr\/tr\/wp-json\/wp\/v2\/media\/?parent=15"}],"curies":[{"name":"wp","href":"https:\/\/api.w.org\/{rel}","templated":true}]}}