{"id":120,"date":"2016-01-04T10:00:56","date_gmt":"2016-01-04T08:00:56","guid":{"rendered":"http:\/\/localhost\/istac\/?page_id=120"},"modified":"2016-06-29T18:24:55","modified_gmt":"2016-06-29T15:24:55","slug":"masraflar-ve-ucretler","status":"publish","type":"page","link":"https:\/\/istac.org.tr\/tr\/uyusmazlik-cozumu\/masraflar-ve-ucretler\/","title":{"rendered":"Masraflar ve \u00dccretler"},"content":{"rendered":"<p style=\"text-align: justify;\">\u0130stanbul Tahkim Merkezi Tahkim Kurallar\u0131 ve Arabuluculuk Kurallar\u0131 uyar\u0131nca \u00f6ng\u00f6r\u00fclen \u00fccret ve masraflar\u0131n, a\u015fa\u011f\u0131da detaylar\u0131 verilen banka hesab\u0131na yat\u0131r\u0131lmas\u0131 gerekmektedir:<\/p>\n<p style=\"text-align: justify;\"><b>Vak\u0131fbank B\u00fcy\u00fckdere Cad. Levent \u015eubesi<\/b><\/p>\n<p style=\"text-align: justify;\"><b>IBAN:\u00a0<strong>TR05 0001 5001 5800 7304 636844<\/strong><\/b><\/p>\n<p style=\"text-align: justify;\"><b>Swift Kodu: TVBATR2AXXX<\/b><\/p>\n<p style=\"text-align: justify;\">\u0130lgili masraf ve \u00fccreti yukar\u0131daki banka hesab\u0131na yat\u0131ran taraf\u0131n, s\u00f6z konusu i\u015fleme ili\u015fkin a\u00e7\u0131klama k\u0131sm\u0131nda taraf ad\u0131 ile atand\u0131\u011f\u0131 takdirde dava numaras\u0131n\u0131 belirtmesi gerekmektedir.<\/p>\n","protected":false},"excerpt":{"rendered":"<p>\u0130stanbul Tahkim Merkezi Tahkim Kurallar\u0131 ve Arabuluculuk Kurallar\u0131 uyar\u0131nca \u00f6ng\u00f6r\u00fclen \u00fccret ve masraflar\u0131n, a\u015fa\u011f\u0131da detaylar\u0131 verilen banka hesab\u0131na yat\u0131r\u0131lmas\u0131 gerekmektedir: Vak\u0131fbank B\u00fcy\u00fckdere Cad. Levent \u015eubesi IBAN:\u00a0TR05 0001 5001 5800 7304 636844 Swift Kodu: TVBATR2AXXX \u0130lgili masraf ve \u00fccreti yukar\u0131daki banka hesab\u0131na yat\u0131ran taraf\u0131n, s\u00f6z konusu i\u015fleme ili\u015fkin a\u00e7\u0131klama k\u0131sm\u0131nda taraf ad\u0131 ile atand\u0131\u011f\u0131 takdirde dava<a href=\"https:\/\/istac.org.tr\/tr\/uyusmazlik-cozumu\/masraflar-ve-ucretler\/\">[&#8230;]<\/a><\/p>\n","protected":false},"author":1,"featured_media":0,"parent":7,"menu_order":4,"comment_status":"closed","ping_status":"closed","template":"","meta":[],"acf":[],"post_mailing_queue_ids":[],"_links":{"self":[{"href":"https:\/\/istac.org.tr\/tr\/wp-json\/wp\/v2\/pages\/120\/"}],"collection":[{"href":"https:\/\/istac.org.tr\/tr\/wp-json\/wp\/v2\/pages\/"}],"about":[{"href":"https:\/\/istac.org.tr\/tr\/wp-json\/wp\/v2\/types\/page\/"}],"author":[{"embeddable":true,"href":"https:\/\/istac.org.tr\/tr\/wp-json\/wp\/v2\/users\/1\/"}],"replies":[{"embeddable":true,"href":"https:\/\/istac.org.tr\/tr\/wp-json\/wp\/v2\/comments\/?post=120"}],"version-history":[{"count":5,"href":"https:\/\/istac.org.tr\/tr\/wp-json\/wp\/v2\/pages\/120\/revisions\/"}],"predecessor-version":[{"id":3057,"href":"https:\/\/istac.org.tr\/tr\/wp-json\/wp\/v2\/pages\/120\/revisions\/3057\/"}],"up":[{"embeddable":true,"href":"https:\/\/istac.org.tr\/tr\/wp-json\/wp\/v2\/pages\/7\/"}],"wp:attachment":[{"href":"https:\/\/istac.org.tr\/tr\/wp-json\/wp\/v2\/media\/?parent=120"}],"curies":[{"name":"wp","href":"https:\/\/api.w.org\/{rel}","templated":true}]}}