{"id":116,"date":"2016-01-04T10:00:00","date_gmt":"2016-01-04T08:00:00","guid":{"rendered":"http:\/\/localhost\/istac\/?page_id=116"},"modified":"2025-06-30T21:10:54","modified_gmt":"2025-06-30T18:10:54","slug":"acil-durum-hakemi-kurallari","status":"publish","type":"page","link":"https:\/\/istac.org.tr\/tr\/uyusmazlik-cozumu\/acil-durum-hakemi\/acil-durum-hakemi-kurallari\/","title":{"rendered":"Acil Durum Hakemi Kurallar\u0131"},"content":{"rendered":"<p><a class=\"download\" href=\"https:\/\/istac.org.tr\/wp-content\/uploads\/2025\/06\/ISTANBUL-TAHKICC87M-MERKEZICC87-ACICC87L-DURUM-HAKEMICC87-KURALLARI-vs-2017_yeni_2.pdf\" target=\"_blank\" rel=\"noopener\">\u0130ndirmek i\u00e7in t\u0131klay\u0131n\u0131z.<\/a><\/p>\n","protected":false},"excerpt":{"rendered":"<p>\u0130ndirmek i\u00e7in t\u0131klay\u0131n\u0131z.<\/p>\n","protected":false},"author":1,"featured_media":0,"parent":40,"menu_order":0,"comment_status":"closed","ping_status":"closed","template":"","meta":[],"acf":[],"post_mailing_queue_ids":[],"_links":{"self":[{"href":"https:\/\/istac.org.tr\/tr\/wp-json\/wp\/v2\/pages\/116\/"}],"collection":[{"href":"https:\/\/istac.org.tr\/tr\/wp-json\/wp\/v2\/pages\/"}],"about":[{"href":"https:\/\/istac.org.tr\/tr\/wp-json\/wp\/v2\/types\/page\/"}],"author":[{"embeddable":true,"href":"https:\/\/istac.org.tr\/tr\/wp-json\/wp\/v2\/users\/1\/"}],"replies":[{"embeddable":true,"href":"https:\/\/istac.org.tr\/tr\/wp-json\/wp\/v2\/comments\/?post=116"}],"version-history":[{"count":12,"href":"https:\/\/istac.org.tr\/tr\/wp-json\/wp\/v2\/pages\/116\/revisions\/"}],"predecessor-version":[{"id":23676,"href":"https:\/\/istac.org.tr\/tr\/wp-json\/wp\/v2\/pages\/116\/revisions\/23676\/"}],"up":[{"embeddable":true,"href":"https:\/\/istac.org.tr\/tr\/wp-json\/wp\/v2\/pages\/40\/"}],"wp:attachment":[{"href":"https:\/\/istac.org.tr\/tr\/wp-json\/wp\/v2\/media\/?parent=116"}],"curies":[{"name":"wp","href":"https:\/\/api.w.org\/{rel}","templated":true}]}}