{"id":113,"date":"2016-01-04T09:58:40","date_gmt":"2016-01-04T07:58:40","guid":{"rendered":"http:\/\/localhost\/istac\/?page_id=113"},"modified":"2025-01-08T16:57:50","modified_gmt":"2025-01-08T13:57:50","slug":"kilavuz","status":"publish","type":"page","link":"https:\/\/istac.org.tr\/tr\/uyusmazlik-cozumu\/tahkim\/kilavuz\/","title":{"rendered":"K\u0131lavuz"},"content":{"rendered":"<h3>Nas\u0131l Dava A\u00e7\u0131l\u0131r?<\/h3>\n<p><b>Davac\u0131<\/b>:<\/p>\n<p>1)\u00a0\u00a0\u00a0\u00a0\u00a0Tahkim Talebi veya Dava Dilek\u00e7esi ile birlikte tahkim \u015fart\u0131n\u0131 Sekretarya\u2019ya sunar (Tahkim Talebi veya Dava Dilek\u00e7esi ile tahkim \u015fart\u0131n\u0131n, <a href=\"mailto:info@istac.org.tr\">info@istac.org.tr<\/a> adresine elektronik yolla sunulmas\u0131 veya ana sayfadaki ISTAC Tahkim Talebi kutucu\u011fundan elektronik ba\u015fvuru yap\u0131lmas\u0131 da\u00a0m\u00fcmk\u00fcnd\u00fcr).<\/p>\n<p>2)\u00a0\u00a0\u00a0\u00a0\u00a0\u00a0Ba\u015fvuru \u00fccretini a\u015fa\u011f\u0131daki banka hesap numaras\u0131na yat\u0131r\u0131r:<\/p>\n<p><strong>Vak\u0131fbank Levent B\u00fcy\u00fckdere \u015eubesi<\/strong><\/p>\n<p>IBAN: TR05 0001 5001 5800 7304 6368 44<\/p>\n<p>Swift Kodu: TVBATR2AXXX<\/p>\n<p>ve \u00fccretin \u00f6dendi\u011fine dair belgeyi Sekretarya\u2019ya sunar.<\/p>\n<p>3)\u00a0\u00a0\u00a0\u00a0\u00a0\u00dc\u00e7 hakem atanacaksa hakem belirler; tek hakem atanacaksa hakem ismini belirler.<\/p>\n<h3>Yarg\u0131lama Nas\u0131l Yap\u0131l\u0131r?<\/h3>\n<p>1)\u00a0\u00a0\u00a0<b>Davac\u0131<\/b>:<\/p>\n<p>Tahkim Talebi veya Dava Dilek\u00e7esi ile delillerini Sekretarya\u2019ya sunar. (Tahkim Talebi veya Dava Dilek\u00e7esi ile eklerinin, <a href=\"mailto:info@istac.org.tr\">info@istac.org.tr<\/a> adresine elektronik yolla sunulmas\u0131 veya ana sayfadaki ISTAC Tahkim Talebi kutucu\u011fundan elektronik ba\u015fvuru yap\u0131lmas\u0131 da m\u00fcmk\u00fcnd\u00fcr).<\/p>\n<p>2)\u00a0\u00a0\u00a0\u00a0\u00a0\u00a0<b>Daval\u0131<\/b>: 30 g\u00fcn i\u00e7erisinde<\/p>\n<p>a) Tahkim Talebine Cevab\u0131n\u0131 Sekretarya\u2019ya sunar (<a href=\"mailto:info@istac.org.tr\">info@istac.org.tr<\/a> adresine elektronik yolla sunulmas\u0131 da m\u00fcmk\u00fcnd\u00fcr).<\/p>\n<p>b) Cevap Dilek\u00e7esi ve delillerini Sekretarya\u2019ya sunar (<a href=\"mailto:info@istac.org.tr\">info@istac.org.tr<\/a> adresine elektronik yolla sunulmas\u0131 da m\u00fcmk\u00fcnd\u00fcr).<\/p>\n<p><i>(Taraflar\u0131n daha fazla dilek\u00e7e sunmas\u0131 kararla\u015ft\u0131r\u0131labilir.)<\/i><\/p>\n<p>3)\u00a0\u00a0\u00a0\u00a0\u00a0\u00a0Duru\u015fma<\/p>\n<p>4)\u00a0\u00a0\u00a0\u00a0\u00a0\u00a0Tahkikat\u0131n sona ermesi<\/p>\n<p>5)\u00a0\u00a0\u00a0\u00a0\u00a0\u00a0Hakem karar\u0131n\u0131n Sekretarya\u2019ya sunulmas\u0131<\/p>\n","protected":false},"excerpt":{"rendered":"<p>Nas\u0131l Dava A\u00e7\u0131l\u0131r? Davac\u0131: 1)\u00a0\u00a0\u00a0\u00a0\u00a0Tahkim Talebi veya Dava Dilek\u00e7esi ile birlikte tahkim \u015fart\u0131n\u0131 Sekretarya\u2019ya sunar (Tahkim Talebi veya Dava Dilek\u00e7esi ile tahkim \u015fart\u0131n\u0131n, info@istac.org.tr adresine elektronik yolla sunulmas\u0131 veya ana sayfadaki ISTAC Tahkim Talebi kutucu\u011fundan elektronik ba\u015fvuru yap\u0131lmas\u0131 da\u00a0m\u00fcmk\u00fcnd\u00fcr). 2)\u00a0\u00a0\u00a0\u00a0\u00a0\u00a0Ba\u015fvuru \u00fccretini a\u015fa\u011f\u0131daki banka hesap numaras\u0131na yat\u0131r\u0131r: Vak\u0131fbank Levent B\u00fcy\u00fckdere \u015eubesi IBAN: TR05 0001 5001 5800<a href=\"https:\/\/istac.org.tr\/tr\/uyusmazlik-cozumu\/tahkim\/kilavuz\/\">[&#8230;]<\/a><\/p>\n","protected":false},"author":1,"featured_media":0,"parent":24,"menu_order":2,"comment_status":"closed","ping_status":"closed","template":"","meta":[],"acf":[],"post_mailing_queue_ids":[],"_links":{"self":[{"href":"https:\/\/istac.org.tr\/tr\/wp-json\/wp\/v2\/pages\/113\/"}],"collection":[{"href":"https:\/\/istac.org.tr\/tr\/wp-json\/wp\/v2\/pages\/"}],"about":[{"href":"https:\/\/istac.org.tr\/tr\/wp-json\/wp\/v2\/types\/page\/"}],"author":[{"embeddable":true,"href":"https:\/\/istac.org.tr\/tr\/wp-json\/wp\/v2\/users\/1\/"}],"replies":[{"embeddable":true,"href":"https:\/\/istac.org.tr\/tr\/wp-json\/wp\/v2\/comments\/?post=113"}],"version-history":[{"count":7,"href":"https:\/\/istac.org.tr\/tr\/wp-json\/wp\/v2\/pages\/113\/revisions\/"}],"predecessor-version":[{"id":23286,"href":"https:\/\/istac.org.tr\/tr\/wp-json\/wp\/v2\/pages\/113\/revisions\/23286\/"}],"up":[{"embeddable":true,"href":"https:\/\/istac.org.tr\/tr\/wp-json\/wp\/v2\/pages\/24\/"}],"wp:attachment":[{"href":"https:\/\/istac.org.tr\/tr\/wp-json\/wp\/v2\/media\/?parent=113"}],"curies":[{"name":"wp","href":"https:\/\/api.w.org\/{rel}","templated":true}]}}