{"id":936,"date":"2016-02-04T13:19:52","date_gmt":"2016-02-04T11:19:52","guid":{"rendered":"http:\/\/istac.org.tr\/en\/?page_id=936"},"modified":"2016-02-04T13:19:52","modified_gmt":"2016-02-04T11:19:52","slug":"calculator","status":"publish","type":"page","link":"https:\/\/istac.org.tr\/en\/dispute-resolution\/costs-and-fees\/calculator\/","title":{"rendered":"Calculator"},"content":{"rendered":"<p>&nbsp;<\/p>\n<form action=\"\" method=\"post\">\n<div class=\"form-group\">\n<p><label>UYU\u015eMAZLIK KONUSUNUN DE\u011eER\u0130 (TL)<\/label><\/p>\n<div class=\"row\">\n<div class=\"col-md-7\"><input name=\"giris\" type=\"text\" value=\"'.$giris.'\" placeholder=\"1000 \u20ba\" \/> &gt;<\/div>\n<div class=\"col-md-5\"><button name=\"hesapla\" type=\"submit\">Hesapla<\/button><\/div>\n<\/div>\n<\/div>\n<\/form>\n<p><!--?php if(isset($_POST[\"hesapla\"])){ if(!empty($giris) &amp;amp;#038;&amp;amp; is_numeric($giris)){ echo ' &amp;lt;table class=\"table table-responsive results\" border=\"0\"&amp;gt; &amp;lt;tbody&amp;gt; &amp;lt;tr&amp;gt; &amp;lt;th&amp;gt;BA\u015eVURU HARCI&amp;lt;\/th&amp;gt; &amp;lt;th&amp;gt;\u0130DAR\u0130 MASRAF&amp;lt;\/th&amp;gt; &amp;lt;th&amp;gt;TEK HAKEM \u00dcCRET\u0130&amp;lt;\/th&amp;gt; &amp;lt;th&amp;gt;HAKEMLER KURULU \u00dcCRET\u0130&amp;lt;\/th&amp;gt; &amp;lt;\/tr&amp;gt; &amp;lt;p&amp;gt; ';&amp;lt;\/p&amp;gt; &amp;lt;p&amp;gt; $hdegerler = array(0,300000,1000000,5000000,10000000,50000000);&amp;lt;\/p&amp;gt; &amp;lt;p&amp;gt; $tekhakem = array(0.05,0.04,0.03,0.01,0.005,0.001);&amp;lt;br ?--> $hakemkurulu = array(0.07,0.06,0.05,0.02,0.01,0.005);<br \/>\n$idari = array(0.015,0.015,0.01,0.005,0.003,0.001);<\/p>\n<p>if($giris &gt;= $hdegerler[0] + 1 &amp;&amp; $giris &lt; $hdegerler[1] + 1){ \/*300.001 e kadar*\/ $tekhakem_sonuc_0 = $giris * $tekhakem[0]; $hakemkurulu_sonuc_0 = $giris * $hakemkurulu[0]; $basvuru = 300; $idari_masraf = $giris * $idari[0]; echo &#8221;.$basvuru.&#8217; \u20ba&#8217;.$idari_masraf.&#8217; \u20ba&#8217;.$tekhakem_sonuc_0.&#8217; \u20ba&#8217;.$hakemkurulu_sonuc_0.&#8217; \u20ba<\/p>\n<p>&#8216;;<br \/>\n}<\/p>\n<p>if($giris &gt; $hdegerler[1] + 1 &amp;&amp; $giris &lt; $hdegerler[2] + 1){ \/*De\u011fer 300.001&#8217;den b\u00fcy\u00fck*\/ $fark = $giris &#8211; $hdegerler[1]; $tekhakem_sonuc_1 = ($hdegerler[1] * $tekhakem[0]) + ($fark * $tekhakem[1]); $hakemkurulu_sonuc_1 = ($hdegerler[1] * $hakemkurulu[0]) + ($fark * $hakemkurulu[1]); $basvuru = 300; $idari_masraf = ($hdegerler[1]*$idari[0]) + ($fark * $idari[1]); echo &#8221;.$basvuru.&#8217; \u20ba&#8217;.$idari_masraf.&#8217; \u20ba&#8217;.$tekhakem_sonuc_1.&#8217; \u20ba&#8217;.$hakemkurulu_sonuc_1.&#8217; \u20ba<\/p>\n<p>&#8216;;<br \/>\n}<\/p>\n<p>if($giris &gt; $hdegerler[2] + 1 &amp;&amp; $giris &lt; $hdegerler[3] + 1){ \/*De\u011fer 1.000.001&#8217;dan b\u00fcy\u00fck*\/ $fark = $giris &#8211; $hdegerler[2]; $tekhakem_sonuc_2 = ( ($hdegerler[1]*$tekhakem[0]) + (($hdegerler[2]-$hdegerler[1])*$tekhakem[1]) ) + ($fark * $tekhakem[2]); $hakemkurulu_sonuc_2 = ( ($hdegerler[1]*$hakemkurulu[0]) + (($hdegerler[2]-$hdegerler[1])*$hakemkurulu[1]) ) + ($fark * $hakemkurulu[2]); $basvuru = 300; $idari_masraf = ( ($hdegerler[1]*$idari[0]) + (($hdegerler[2]-$hdegerler[1])*$idari[1]) ) + ($fark * $idari[2]); echo &#8221;.$basvuru.&#8217; \u20ba&#8217;.$idari_masraf.&#8217; \u20ba&#8217;.$tekhakem_sonuc_2.&#8217; \u20ba&#8217;.$hakemkurulu_sonuc_2.&#8217; \u20ba<\/p>\n<p>&#8216;;<br \/>\n}<\/p>\n<p>if($giris &gt; $hdegerler[3] + 1 &amp;&amp; $giris &lt; $hdegerler[4] + 1){ \/*De\u011fer 5.000.001&#8217;dan B\u00fcy\u00fck*\/ $fark = $giris &#8211; $hdegerler[3]; $tekhakem_sonuc_3 = ( ($hdegerler[1]*$tekhakem[0]) + (($hdegerler[2]-$hdegerler[1])*$tekhakem[1]) + (($hdegerler[3]-$hdegerler[2])*$tekhakem[2]) ) + ($fark * $tekhakem[3]); $hakemkurulu_sonuc_3 = ( ($hdegerler[1]*$hakemkurulu[0]) + (($hdegerler[2]-$hdegerler[1])*$hakemkurulu[1]) + (($hdegerler[3]-$hdegerler[2])*$hakemkurulu[2]) ) + ($fark * $hakemkurulu[3]); $basvuru = 300; $idari_masraf = ( ($hdegerler[1]*$idari[0]) + (($hdegerler[2]-$hdegerler[1])*$idari[1]) + (($hdegerler[3]-$hdegerler[2])*$idari[2]) ) + ($fark * $idari[3]); echo &#8221;.$basvuru.&#8217; \u20ba&#8217;.$idari_masraf.&#8217; \u20ba&#8217;.$tekhakem_sonuc_3.&#8217; \u20ba&#8217;.$hakemkurulu_sonuc_3.&#8217; \u20ba<\/p>\n<p>&#8216;;<br \/>\n}<\/p>\n<p>if($giris &gt; $hdegerler[4] + 1 &amp;&amp; $giris &lt; $hdegerler[5] + 1){ \/*De\u011fer 10.000.001&#8217;dan B\u00fcy\u00fck*\/ $fark = $giris &#8211; $hdegerler[4]; $tekhakem_sonuc_4 = ( ($hdegerler[1]*$tekhakem[0]) + (($hdegerler[2]-$hdegerler[1])*$tekhakem[1]) + (($hdegerler[3]-$hdegerler[2])*$tekhakem[2]) + (($hdegerler[4]-$hdegerler[3])*$tekhakem[3]) ) + ($fark * $tekhakem[4]); $hakemkurulu_sonuc_4 = ( ($hdegerler[1]*$hakemkurulu[0]) + (($hdegerler[2]-$hdegerler[1])*$hakemkurulu[1]) + (($hdegerler[3]-$hdegerler[2])*$hakemkurulu[2]) + (($hdegerler[4]-$hdegerler[3])*$hakemkurulu[3]) ) + ($fark * $hakemkurulu[4]); $basvuru = 300; $idari_masraf = ( ($hdegerler[1]*$idari[0]) + (($hdegerler[2]-$hdegerler[1])*$idari[1]) + (($hdegerler[3]-$hdegerler[2])*$idari[2]) + (($hdegerler[4]-$hdegerler[3])*$idari[3]) ) + ($fark * $idari[4]); echo &#8221;.$basvuru.&#8217; \u20ba&#8217;.$idari_masraf.&#8217; \u20ba&#8217;.$tekhakem_sonuc_4.&#8217; \u20ba&#8217;.$hakemkurulu_sonuc_4.&#8217; \u20ba<\/p>\n<p>&#8216;;<br \/>\n}<\/p>\n<p>if($giris &gt;= $hdegerler[5] + 1){<br \/>\n\/*De\u011fer 50.000.001&#8217;dan B\u00fcy\u00fck*\/<br \/>\n$fark = $giris &#8211; $hdegerler[5];<br \/>\n$tekhakem_sonuc_5 = ( ($hdegerler[1]*$tekhakem[0]) + (($hdegerler[2]-$hdegerler[1])*$tekhakem[1]) + (($hdegerler[3]-$hdegerler[2])*$tekhakem[2]) + (($hdegerler[4]-$hdegerler[3])*$tekhakem[3]) + (($hdegerler[5]-$hdegerler[4])*$tekhakem[4]) ) + ($fark * $tekhakem[5]);<br \/>\n$hakemkurulu_sonuc_5 = ( ($hdegerler[1]*$hakemkurulu[0]) + (($hdegerler[2]-$hdegerler[1])*$hakemkurulu[1]) + (($hdegerler[3]-$hdegerler[2])*$hakemkurulu[2]) + (($hdegerler[4]-$hdegerler[3])*$hakemkurulu[3]) + (($hdegerler[5]-$hdegerler[4])*$hakemkurulu[4]) ) + ($fark * $hakemkurulu[5]);<br \/>\n$basvuru = 300;<br \/>\n$idari_masraf = ( ($hdegerler[1]*$idari[0]) + (($hdegerler[2]-$hdegerler[1])*$idari[1]) + (($hdegerler[3]-$hdegerler[2])*$idari[2]) + (($hdegerler[4]-$hdegerler[3])*$idari[3]) + (($hdegerler[5]-$hdegerler[4])*$idari[4]) ) + ($fark * $idari[5]);<\/p>\n<p>echo &#8216;<\/p>\n<p>&#8216;.$basvuru.&#8217; \u20ba&#8217;.$idari_masraf.&#8217; \u20ba&#8217;.$tekhakem_sonuc_5.&#8217; \u20ba&#8217;.$hakemkurulu_sonuc_5.&#8217; \u20ba<\/p>\n<p>&#8216;;<br \/>\n}<\/p>\n<p>echo &#8216;<\/p>\n<p>&#8216;;<br \/>\n}else {<br \/>\necho &#8216;<\/p>\n<div class=\"alert alert-danger\">L\u00fctfen Say\u0131sal Bir De\u011fer Girin!<\/div>\n<p>&#8216;;<br \/>\n}<\/p>\n<p>}<br \/>\n?&gt;<\/p>\n<p class=\"blue\">* Hakem \u00fccreti 2000 TL\u2019den az olmayacakt\u0131r.<\/p>\n<p>&nbsp;<\/p>\n","protected":false},"excerpt":{"rendered":"<p>&nbsp; UYU\u015eMAZLIK KONUSUNUN DE\u011eER\u0130 (TL) &gt; Hesapla $hakemkurulu = array(0.07,0.06,0.05,0.02,0.01,0.005); $idari = array(0.015,0.015,0.01,0.005,0.003,0.001); if($giris &gt;= $hdegerler[0] + 1 &amp;&amp; $giris &lt; $hdegerler[1] + 1){ \/*300.001 e kadar*\/ $tekhakem_sonuc_0 = $giris * $tekhakem[0]; $hakemkurulu_sonuc_0 = $giris * $hakemkurulu[0]; $basvuru = 300; $idari_masraf = $giris * $idari[0]; echo &#8221;.$basvuru.&#8217; \u20ba&#8217;.$idari_masraf.&#8217; \u20ba&#8217;.$tekhakem_sonuc_0.&#8217; \u20ba&#8217;.$hakemkurulu_sonuc_0.&#8217; \u20ba &#8216;; } if($giris &gt;<a href=\"https:\/\/istac.org.tr\/en\/dispute-resolution\/costs-and-fees\/calculator\/\">[&#8230;]<\/a><\/p>\n","protected":false},"author":1,"featured_media":0,"parent":931,"menu_order":3,"comment_status":"closed","ping_status":"closed","template":"page-hesaplayici.php","meta":[],"acf":[],"post_mailing_queue_ids":[],"_links":{"self":[{"href":"https:\/\/istac.org.tr\/en\/wp-json\/wp\/v2\/pages\/936\/"}],"collection":[{"href":"https:\/\/istac.org.tr\/en\/wp-json\/wp\/v2\/pages\/"}],"about":[{"href":"https:\/\/istac.org.tr\/en\/wp-json\/wp\/v2\/types\/page\/"}],"author":[{"embeddable":true,"href":"https:\/\/istac.org.tr\/en\/wp-json\/wp\/v2\/users\/1\/"}],"replies":[{"embeddable":true,"href":"https:\/\/istac.org.tr\/en\/wp-json\/wp\/v2\/comments\/?post=936"}],"version-history":[{"count":1,"href":"https:\/\/istac.org.tr\/en\/wp-json\/wp\/v2\/pages\/936\/revisions\/"}],"predecessor-version":[{"id":937,"href":"https:\/\/istac.org.tr\/en\/wp-json\/wp\/v2\/pages\/936\/revisions\/937\/"}],"up":[{"embeddable":true,"href":"https:\/\/istac.org.tr\/en\/wp-json\/wp\/v2\/pages\/931\/"}],"wp:attachment":[{"href":"https:\/\/istac.org.tr\/en\/wp-json\/wp\/v2\/media\/?parent=936"}],"curies":[{"name":"wp","href":"https:\/\/api.w.org\/{rel}","templated":true}]}}