{"id":931,"date":"2016-02-04T13:15:58","date_gmt":"2016-02-04T11:15:58","guid":{"rendered":"http:\/\/istac.org.tr\/en\/?page_id=931"},"modified":"2016-06-29T18:26:01","modified_gmt":"2016-06-29T15:26:01","slug":"costs-and-fees","status":"publish","type":"page","link":"https:\/\/istac.org.tr\/en\/dispute-resolution\/costs-and-fees\/","title":{"rendered":"Costs and Fees"},"content":{"rendered":"<p style=\"text-align: justify;\">The costs and fees set forth under the ISTAC Arbitration and Mediation Rules shall be deposited into the following bank account:<\/p>\n<p style=\"text-align: justify;\"><b>Vak\u0131fbank B\u00fcy\u00fckdere Cad. Levent \u015eubesi<\/b><\/p>\n<p style=\"text-align: justify;\"><b>IBAN:\u00a0<strong>TR05 0001 5001 5800 7304 636844<\/strong><\/b><\/p>\n<p style=\"text-align: justify;\"><strong>Swift Code: TVBATR2AXXX<\/strong><\/p>\n<p style=\"text-align: justify;\">Please indicate on the relevant transfer, <span style=\"text-decoration: underline;\">the full name of the party and, if already assigned, the case reference number<\/span>.<\/p>\n","protected":false},"excerpt":{"rendered":"<p>The costs and fees set forth under the ISTAC Arbitration and Mediation Rules shall be deposited into the following bank account: Vak\u0131fbank B\u00fcy\u00fckdere Cad. Levent \u015eubesi IBAN:\u00a0TR05 0001 5001 5800 7304 636844 Swift Code: TVBATR2AXXX Please indicate on the relevant transfer, the full name of the party and, if already assigned, the case reference number.<\/p>\n","protected":false},"author":1,"featured_media":0,"parent":906,"menu_order":4,"comment_status":"closed","ping_status":"closed","template":"","meta":[],"acf":[],"post_mailing_queue_ids":[],"_links":{"self":[{"href":"https:\/\/istac.org.tr\/en\/wp-json\/wp\/v2\/pages\/931\/"}],"collection":[{"href":"https:\/\/istac.org.tr\/en\/wp-json\/wp\/v2\/pages\/"}],"about":[{"href":"https:\/\/istac.org.tr\/en\/wp-json\/wp\/v2\/types\/page\/"}],"author":[{"embeddable":true,"href":"https:\/\/istac.org.tr\/en\/wp-json\/wp\/v2\/users\/1\/"}],"replies":[{"embeddable":true,"href":"https:\/\/istac.org.tr\/en\/wp-json\/wp\/v2\/comments\/?post=931"}],"version-history":[{"count":4,"href":"https:\/\/istac.org.tr\/en\/wp-json\/wp\/v2\/pages\/931\/revisions\/"}],"predecessor-version":[{"id":3058,"href":"https:\/\/istac.org.tr\/en\/wp-json\/wp\/v2\/pages\/931\/revisions\/3058\/"}],"up":[{"embeddable":true,"href":"https:\/\/istac.org.tr\/en\/wp-json\/wp\/v2\/pages\/906\/"}],"wp:attachment":[{"href":"https:\/\/istac.org.tr\/en\/wp-json\/wp\/v2\/media\/?parent=931"}],"curies":[{"name":"wp","href":"https:\/\/api.w.org\/{rel}","templated":true}]}}