{"id":900,"date":"2016-02-04T12:21:55","date_gmt":"2016-02-04T10:21:55","guid":{"rendered":"http:\/\/istac.org.tr\/en\/?page_id=900"},"modified":"2025-11-12T13:20:48","modified_gmt":"2025-11-12T10:20:48","slug":"secretariat-administrative-staff","status":"publish","type":"page","link":"https:\/\/istac.org.tr\/en\/about-us\/secretariat-administrative-staff\/","title":{"rendered":"Secretariat &#038; Administrative Staff"},"content":{"rendered":"<p><b>SECRETARIAT<\/b><\/p>\n<ul>\n<li><b>Yasin Ekmen, LLB, LLM, MCIArb<br \/>\n<\/b><\/li>\n<\/ul>\n<p>Secretary General<\/p>\n<p>yasin.ekmen@istac.org.tr<\/p>\n<p>&nbsp;<\/p>\n<ul>\n<li><b>Nazl\u0131 Pi\u015fkin<br \/>\n<\/b><\/li>\n<\/ul>\n<p>General Counsel<\/p>\n<p>nazli.piskin@istac.org.tr<\/p>\n<p>&nbsp;<\/p>\n<ul>\n<li><strong>Gamze B\u00fcy\u00fckkorkmaz Enginar<\/strong><\/li>\n<\/ul>\n<p>Counsel<\/p>\n<p>gamze.buyukkorkmaz@istac.org.tr<\/p>\n<p>&nbsp;<\/p>\n<ul>\n<li><strong>Dicle \u00d6zer<\/strong><\/li>\n<\/ul>\n<p>Counsel<\/p>\n<p>dicle.ozer@istac.org.tr<\/p>\n<p>&nbsp;<\/p>\n<p>&nbsp;<\/p>\n<p><b>ADMINISTRATIVE AFFAIRS<\/b><\/p>\n<ul>\n<li><b>Emre Zahireci<\/b><\/li>\n<\/ul>\n<p>Accounting and Finance Manager<\/p>\n<p>emre.zahireci@istac.org.tr<\/p>\n<p>&nbsp;<\/p>\n<ul>\n<li><b>Abdullah Ta\u015fk\u0131n<\/b><\/li>\n<\/ul>\n<p>Administrative Affairs Officer<\/p>\n<p>abdullah.taskin@istac.org.tr<\/p>\n<p>&nbsp;<\/p>\n","protected":false},"excerpt":{"rendered":"<p>SECRETARIAT Yasin Ekmen, LLB, LLM, MCIArb Secretary General yasin.ekmen@istac.org.tr &nbsp; Nazl\u0131 Pi\u015fkin General Counsel nazli.piskin@istac.org.tr &nbsp; Gamze B\u00fcy\u00fckkorkmaz Enginar Counsel gamze.buyukkorkmaz@istac.org.tr &nbsp; Dicle \u00d6zer Counsel dicle.ozer@istac.org.tr &nbsp; &nbsp; ADMINISTRATIVE AFFAIRS Emre Zahireci Accounting and Finance Manager emre.zahireci@istac.org.tr &nbsp; Abdullah Ta\u015fk\u0131n Administrative Affairs Officer abdullah.taskin@istac.org.tr &nbsp;<\/p>\n","protected":false},"author":1,"featured_media":0,"parent":864,"menu_order":4,"comment_status":"closed","ping_status":"closed","template":"","meta":[],"acf":[],"post_mailing_queue_ids":[],"_links":{"self":[{"href":"https:\/\/istac.org.tr\/en\/wp-json\/wp\/v2\/pages\/900\/"}],"collection":[{"href":"https:\/\/istac.org.tr\/en\/wp-json\/wp\/v2\/pages\/"}],"about":[{"href":"https:\/\/istac.org.tr\/en\/wp-json\/wp\/v2\/types\/page\/"}],"author":[{"embeddable":true,"href":"https:\/\/istac.org.tr\/en\/wp-json\/wp\/v2\/users\/1\/"}],"replies":[{"embeddable":true,"href":"https:\/\/istac.org.tr\/en\/wp-json\/wp\/v2\/comments\/?post=900"}],"version-history":[{"count":22,"href":"https:\/\/istac.org.tr\/en\/wp-json\/wp\/v2\/pages\/900\/revisions\/"}],"predecessor-version":[{"id":23969,"href":"https:\/\/istac.org.tr\/en\/wp-json\/wp\/v2\/pages\/900\/revisions\/23969\/"}],"up":[{"embeddable":true,"href":"https:\/\/istac.org.tr\/en\/wp-json\/wp\/v2\/pages\/864\/"}],"wp:attachment":[{"href":"https:\/\/istac.org.tr\/en\/wp-json\/wp\/v2\/media\/?parent=900"}],"curies":[{"name":"wp","href":"https:\/\/api.w.org\/{rel}","templated":true}]}}