{"id":3371,"date":"2016-08-20T13:56:22","date_gmt":"2016-08-20T10:56:22","guid":{"rendered":"http:\/\/144.208.72.158\/~istaco5\/en\/?page_id=3371"},"modified":"2016-08-20T13:56:22","modified_gmt":"2016-08-20T10:56:22","slug":"training","status":"publish","type":"page","link":"https:\/\/istac.org.tr\/en\/events\/training\/","title":{"rendered":"Training"},"content":{"rendered":"<ul class=\"etkinlikul\" id=\"lcp_instance_0\"><li><a href=\"https:\/\/istac.org.tr\/en\/ddvhp1\/\">10 Mart 2022- ISTAC- Dijital D\u00f6n\u00fc\u015f\u00fcm ve Hukuk Paneli<\/a><\/li><li><a href=\"https:\/\/istac.org.tr\/en\/28-subat-2020-ciarb-european-branch-module-2-law-of-obligations\/\">27 October 2020- CIArb European Branch Module 2 : Law of Obligations<\/a><\/li><li><a href=\"https:\/\/istac.org.tr\/en\/17-eylul-2019-ciarb-european-branch-module-1-law-practice-and-procedure-of-international-arbitration\/\">17 September 2020- CIArb European Branch Module 1: Law Practice and Procedure of International Arbitration<\/a><\/li><li><a href=\"https:\/\/istac.org.tr\/en\/istac-peterandkim\/\">30 January 2020- The Role of Mediation in Arbitration &#038; Procedural Efficiency in \u0130nternational Arbitration<\/a><\/li><li><a href=\"https:\/\/istac.org.tr\/en\/9-eylul-2019-ciarb-european-branch-module-1-law-practice-and-procedure-of-international-arbitration\/\">9 September 2019- CIArb European Branch Module 1: Law Practice and Procedure of International Arbitration<\/a><\/li><\/ul><ul class='lcp_paginator'><li class='lcp_currentpage'>1<\/li><li><a href='https:\/\/istac.org.tr\/en\/wp-json\/wp\/v2\/pages\/3371\/?lcp_page0=2#lcp_instance_0' title='2'>2<\/a><\/li><li><a href='https:\/\/istac.org.tr\/en\/wp-json\/wp\/v2\/pages\/3371\/?lcp_page0=3#lcp_instance_0' title='3'>3<\/a><\/li><li><a href='https:\/\/istac.org.tr\/en\/wp-json\/wp\/v2\/pages\/3371\/?lcp_page0=4#lcp_instance_0' title='4'>4<\/a><\/li><li><a href='https:\/\/istac.org.tr\/en\/wp-json\/wp\/v2\/pages\/3371\/?lcp_page0=2#lcp_instance_0' title='2' class='lcp_nextlink'>>><\/a><\/li><\/ul>\n","protected":false},"excerpt":{"rendered":"","protected":false},"author":1,"featured_media":0,"parent":874,"menu_order":1,"comment_status":"closed","ping_status":"closed","template":"","meta":[],"acf":[],"post_mailing_queue_ids":[],"_links":{"self":[{"href":"https:\/\/istac.org.tr\/en\/wp-json\/wp\/v2\/pages\/3371\/"}],"collection":[{"href":"https:\/\/istac.org.tr\/en\/wp-json\/wp\/v2\/pages\/"}],"about":[{"href":"https:\/\/istac.org.tr\/en\/wp-json\/wp\/v2\/types\/page\/"}],"author":[{"embeddable":true,"href":"https:\/\/istac.org.tr\/en\/wp-json\/wp\/v2\/users\/1\/"}],"replies":[{"embeddable":true,"href":"https:\/\/istac.org.tr\/en\/wp-json\/wp\/v2\/comments\/?post=3371"}],"version-history":[{"count":1,"href":"https:\/\/istac.org.tr\/en\/wp-json\/wp\/v2\/pages\/3371\/revisions\/"}],"predecessor-version":[{"id":3372,"href":"https:\/\/istac.org.tr\/en\/wp-json\/wp\/v2\/pages\/3371\/revisions\/3372\/"}],"up":[{"embeddable":true,"href":"https:\/\/istac.org.tr\/en\/wp-json\/wp\/v2\/pages\/874\/"}],"wp:attachment":[{"href":"https:\/\/istac.org.tr\/en\/wp-json\/wp\/v2\/media\/?parent=3371"}],"curies":[{"name":"wp","href":"https:\/\/api.w.org\/{rel}","templated":true}]}}